{"id":1059,"date":"2023-06-08T08:34:15","date_gmt":"2023-06-08T07:34:15","guid":{"rendered":"https:\/\/adz.adolfodominguez.com\/?page_id=1059"},"modified":"2025-03-19T09:46:23","modified_gmt":"2025-03-19T08:46:23","slug":"canal-interno","status":"publish","type":"page","link":"https:\/\/adz.adolfodominguez.com\/index.php\/canal-interno\/","title":{"rendered":"Canal Interno"},"content":{"rendered":"\n<p><\/p>\n\n\n\n<p>En cumplimiento de la Ley 2\/23 de protecci\u00f3n del denunciante, y de acuerdo a lo dispuesto en el C\u00f3digo de Conducta y pr\u00e1cticas responsables, cuyo objetivo es procurar un comportamiento profesional, \u00e9tico y responsable de los agentes involucrados en la actividad profesional de Adolfo Dom\u00ednguez, la Compa\u00f1\u00eda, a trav\u00e9s del Sistema Interno de Informaci\u00f3n, pone a disposici\u00f3n de todos sus empleados y socios de inter\u00e9s (en adelante, \u201c<strong>Informantes<\/strong>\u201d) un Canal Interno, como cauce confidencial para:<\/p>\n\n\n\n<ol style=\"list-style-type:lower-alpha\" class=\"wp-block-list\">\n<li><strong>Comunicar incumplimientos <\/strong>en relaci\u00f3n con el <strong>C\u00f3digo de Conducta <\/strong>de la Compa\u00f1\u00eda, as\u00ed como de cualquier otra <strong>normativa interna de conducta.<\/strong><\/li>\n\n\n\n<li><strong>Informar <\/strong>sobre las acciones u omisiones que (i) puedan constituir infracciones del Derecho de la Uni\u00f3n Europea, tal y como indica la Ley (en materia de protecci\u00f3n del informante, afecten a los intereses financieros de la Uni\u00f3n Europea y\/o incidan en el mercado interior), y\/o (ii) puedan ser constitutivas de infracci\u00f3n penal o administrativa grave o muy grave.<br><\/li>\n<\/ol>\n\n\n\n<p class=\"has-text-align-center\">Si quieres comunicar incumplimientos o informar sobre las acciones arriba descritas pincha <strong><a href=\"https:\/\/centinela.lefebvre.es\/public\/concept\/1718005?access=3VG7mSSnVJCrz8TD4gOtszDiPtdedukbrCKRB5Z%2FEJY%3D\" target=\"_blank\" rel=\"noreferrer noopener\">aqu\u00ed<\/a><\/strong><br>Si quieres comunicar una denuncia sobre acoso sexual pincha <a href=\"https:\/\/centinela.lefebvre.es\/public\/concept\/2290497?access=kKARzWQTZNz3nj6GjIA0qR7MbYJ9huixq0%2B4t20qgdg%3D\" data-type=\"link\" data-id=\"https:\/\/centinela.lefebvre.es\/public\/concept\/2290497?access=kKARzWQTZNz3nj6GjIA0qR7MbYJ9huixq0%2B4t20qgdg%3D\">aqu\u00ed<\/a><\/p>\n\n\n\n<p>El Consejo de Administraci\u00f3n ha designado como responsable del Sistema Interno de Informaci\u00f3n al Comit\u00e9 de \u00c9tica&nbsp;quien&nbsp;&nbsp;ha delegado en uno de sus miembros, el Responsable de Auditor\u00eda Interna (en adelante el \u201c&nbsp;<strong>Delegado<\/strong>&nbsp;\u201d), las facultades de gesti\u00f3n del Sistema.<\/p>\n\n\n\n<p>Asimismo, te informamos que puedes presentar una reclamaci\u00f3n ante la Autoridad Independiente de la Protecci\u00f3n del Informante (AIPI), Ministerio de la Presidencia, Justicia y Relaciones con las Cortes. Complejo de la Moncloa, Avda. Puerta de Hierro, s\/n. 28071 Madrid. (<a href=\"https:\/\/eu-central-1.protection.sophos.com\/?d=mpr.gob.es&amp;u=aHR0cHM6Ly93d3cubXByLmdvYi5lcy9wcmVuY29tL2NvbnRhY3Rhci9QYWdpbmFzL2luZGV4LmFzcHg=&amp;p=m&amp;i=NWRmMjZiODI1NmZiMDAxMTZkZGM4MGYz&amp;t=Z0prZ2lUOTAreXV4bUh4SGZEZHg4ekVwZmNZRFRFeS9sZzZiMDdiRGFmVT0=&amp;h=0412ae17c6b542c9b73146fb5f302efa&amp;s=AVNPUEhUT0NFTkNSWVBUSVZ0WyaX6EuwkIF4ZqGx_ZS7EGNdcg2JuGpXaovam44v0w\" target=\"_blank\" rel=\"noreferrer noopener\">https:\/\/www.mpr.gob.es\/prencom\/contactar\/Paginas\/index.aspx<\/a>).<\/p>\n\n\n\n<p><em>Consulta las normas de uso del&nbsp;<strong><u><a href=\"https:\/\/adz.adolfodominguez.com\/index.php\/normas-de-uso-del-canal-interno\/\">Canal interno<\/a><\/u><\/strong> y los&nbsp;<strong><u><a href=\"https:\/\/adz.adolfodominguez.com\/index.php\/principios-esenciales-del-procedimiento-de-gestion\/\">Principios esenciales del procedimiento de gesti\u00f3n<\/a><\/u><\/strong><\/em><strong>.<\/strong><\/p>\n\n\n\n<p><\/p>\n","protected":false},"excerpt":{"rendered":"<p>En cumplimiento de la Ley 2\/23 de protecci\u00f3n del denunciante, y de acuerdo a lo dispuesto en el C\u00f3digo de Conducta y pr\u00e1cticas responsables, cuyo objetivo es procurar un comportamiento profesional, \u00e9tico y responsable de los agentes involucrados en la actividad profesional de Adolfo Dom\u00ednguez, la Compa\u00f1\u00eda, a trav\u00e9s del Sistema Interno de Informaci\u00f3n, pone a disposici\u00f3n de todos sus empleados y socios de inter\u00e9s (en adelante, \u201cInformantes\u201d) un Canal Interno, como cauce confidencial para: Si quieres comunicar incumplimientos o informar sobre las acciones arriba descritas pincha aqu\u00edSi quieres comunicar una denuncia sobre acoso sexual pincha aqu\u00ed El Consejo de Administraci\u00f3n ha designado como responsable del Sistema Interno de Informaci\u00f3n al Comit\u00e9 de \u00c9tica&nbsp;quien&nbsp;&nbsp;ha delegado en uno de sus miembros, el Responsable de Auditor\u00eda Interna (en adelante el \u201c&nbsp;Delegado&nbsp;\u201d), las facultades de gesti\u00f3n del Sistema. Asimismo, te informamos que puedes presentar una reclamaci\u00f3n ante la Autoridad Independiente de la Protecci\u00f3n del Informante (AIPI), Ministerio de la Presidencia, Justicia y Relaciones con las Cortes. Complejo de la Moncloa, Avda. Puerta de Hierro, s\/n. 28071 Madrid. (https:\/\/www.mpr.gob.es\/prencom\/contactar\/Paginas\/index.aspx). Consulta las normas de uso del&nbsp;Canal interno y los&nbsp;Principios esenciales del procedimiento de gesti\u00f3n.<\/p>\n","protected":false},"author":1,"featured_media":0,"parent":0,"menu_order":0,"comment_status":"closed","ping_status":"closed","template":"","meta":{"footnotes":""},"class_list":["post-1059","page","type-page","status-publish","hentry"],"_links":{"self":[{"href":"https:\/\/adz.adolfodominguez.com\/index.php\/wp-json\/wp\/v2\/pages\/1059","targetHints":{"allow":["GET"]}}],"collection":[{"href":"https:\/\/adz.adolfodominguez.com\/index.php\/wp-json\/wp\/v2\/pages"}],"about":[{"href":"https:\/\/adz.adolfodominguez.com\/index.php\/wp-json\/wp\/v2\/types\/page"}],"author":[{"embeddable":true,"href":"https:\/\/adz.adolfodominguez.com\/index.php\/wp-json\/wp\/v2\/users\/1"}],"replies":[{"embeddable":true,"href":"https:\/\/adz.adolfodominguez.com\/index.php\/wp-json\/wp\/v2\/comments?post=1059"}],"version-history":[{"count":15,"href":"https:\/\/adz.adolfodominguez.com\/index.php\/wp-json\/wp\/v2\/pages\/1059\/revisions"}],"predecessor-version":[{"id":1520,"href":"https:\/\/adz.adolfodominguez.com\/index.php\/wp-json\/wp\/v2\/pages\/1059\/revisions\/1520"}],"wp:attachment":[{"href":"https:\/\/adz.adolfodominguez.com\/index.php\/wp-json\/wp\/v2\/media?parent=1059"}],"curies":[{"name":"wp","href":"https:\/\/api.w.org\/{rel}","templated":true}]}}