{"id":1062,"date":"2023-06-08T08:34:10","date_gmt":"2023-06-08T07:34:10","guid":{"rendered":"https:\/\/adz.adolfodominguez.com\/?page_id=1062"},"modified":"2023-06-09T12:33:32","modified_gmt":"2023-06-09T11:33:32","slug":"normas-de-uso-del-canal-interno","status":"publish","type":"page","link":"https:\/\/adz.adolfodominguez.com\/index.php\/normas-de-uso-del-canal-interno\/","title":{"rendered":"Normas de uso del Canal Interno"},"content":{"rendered":"\n<p><\/p>\n\n\n\n<p>El Canal interno de Informaci\u00f3n est\u00e1 disponible<strong>, <\/strong>para todos los Informantes<strong>,<\/strong> en el siguiente <strong><a href=\"http:\/\/centinela.lefebvre.es\/public\/concept\/1718005?access=3VG7mSSnVJCrz8TD4gOtszDiPtdedukbrCKRB5Z%2fEJY%3d\">link<\/a><\/strong>. Todas las Comunicaciones deben ser presentadas por escrito; a solicitud del Informante, tambi\u00e9n podr\u00e1 presentarse mediante una reuni\u00f3n presencial, cuya celebraci\u00f3n deber\u00e1 ofrecerse por el Responsable del Sistema dentro del plazo m\u00e1ximo de siete d\u00edas desde que haya sido solicitada.<\/p>\n\n\n\n<p>El Canal Interno garantiza que las Comunicaciones presentadas puedan tratarse de manera efectiva dentro de la Sociedad, con el objetivo de que el primero en conocer la posible irregularidad sea la propia Sociedad.&nbsp; A fin de garantizar el rigor de la investigaci\u00f3n y la confidencialidad en el tratamiento de las Comunicaciones, el Canal Interno est\u00e1 dise\u00f1ado, establecido y gestionado de una forma segura, de modo que se garantiza la confidencialidad de la identidad del Informante y de cualquier tercero mencionado en la Comunicaci\u00f3n, y de las actuaciones que se desarrollen en la gesti\u00f3n y tramitaci\u00f3n de \u00e9sta, as\u00ed como la protecci\u00f3n de datos, impidiendo el acceso de personal no autorizado.<\/p>\n\n\n\n<p>Las Comunicaciones no deben hacer referencia a \u00e1mbitos distintos de los indicados en la pantalla de inicio ni a la vida privada de las personas. Los Informantes s\u00f3lo deber\u00e1n proporcionar aquella informaci\u00f3n espec\u00edfica y objetiva que sea necesaria para determinar si el objeto de su Comunicaci\u00f3n se encuentra dentro del alcance descrito.<\/p>\n\n\n\n<p>Asimismo, deber\u00e1n evitar facilitar datos personales que revelen el origen \u00e9tnico o racial, las opiniones pol\u00edticas, las convicciones religiosas o filos\u00f3ficas, la afiliaci\u00f3n sindical, as\u00ed como datos biom\u00e9tricos, datos relativos a la salud o datos relativos la vida u orientaciones sexuales del Informante, del Afectado o de cualquier otra persona f\u00edsica.<\/p>\n\n\n\n<p>&nbsp;El Canal Interno permitir\u00e1 incluso la presentaci\u00f3n y posterior tramitaci\u00f3n de comunicaciones an\u00f3nimas.<\/p>\n","protected":false},"excerpt":{"rendered":"<p>El Canal interno de Informaci\u00f3n est\u00e1 disponible, para todos los Informantes, en el siguiente link. Todas las Comunicaciones deben ser presentadas por escrito; a solicitud del Informante, tambi\u00e9n podr\u00e1 presentarse mediante una reuni\u00f3n presencial, cuya celebraci\u00f3n deber\u00e1 ofrecerse por el Responsable del Sistema dentro del plazo m\u00e1ximo de siete d\u00edas desde que haya sido solicitada. El Canal Interno garantiza que las Comunicaciones presentadas puedan tratarse de manera efectiva dentro de la Sociedad, con el objetivo de que el primero en conocer la posible irregularidad sea la propia Sociedad.&nbsp; A fin de garantizar el rigor de la investigaci\u00f3n y la confidencialidad en el tratamiento de las Comunicaciones, el Canal Interno est\u00e1 dise\u00f1ado, establecido y gestionado de una forma segura, de modo que se garantiza la confidencialidad de la identidad del Informante y de cualquier tercero mencionado en la Comunicaci\u00f3n, y de las actuaciones que se desarrollen en la gesti\u00f3n y tramitaci\u00f3n de \u00e9sta, as\u00ed como la protecci\u00f3n de datos, impidiendo el acceso de personal no autorizado. Las Comunicaciones no deben hacer referencia a \u00e1mbitos distintos de los indicados en la pantalla de inicio ni a la vida privada de las personas. Los Informantes s\u00f3lo deber\u00e1n proporcionar aquella informaci\u00f3n espec\u00edfica y objetiva que sea necesaria para determinar si el objeto de su Comunicaci\u00f3n se encuentra dentro del alcance descrito. Asimismo, deber\u00e1n evitar facilitar datos personales que revelen el origen \u00e9tnico o racial, las opiniones pol\u00edticas, las convicciones religiosas o filos\u00f3ficas, la afiliaci\u00f3n sindical, as\u00ed como datos biom\u00e9tricos, datos relativos a la salud o datos relativos la vida u orientaciones sexuales del Informante, del Afectado o de cualquier otra persona f\u00edsica. &nbsp;El Canal Interno permitir\u00e1 incluso la presentaci\u00f3n y posterior tramitaci\u00f3n de comunicaciones an\u00f3nimas.<\/p>\n","protected":false},"author":1,"featured_media":0,"parent":0,"menu_order":0,"comment_status":"closed","ping_status":"closed","template":"","meta":{"footnotes":""},"class_list":["post-1062","page","type-page","status-publish","hentry"],"_links":{"self":[{"href":"https:\/\/adz.adolfodominguez.com\/index.php\/wp-json\/wp\/v2\/pages\/1062","targetHints":{"allow":["GET"]}}],"collection":[{"href":"https:\/\/adz.adolfodominguez.com\/index.php\/wp-json\/wp\/v2\/pages"}],"about":[{"href":"https:\/\/adz.adolfodominguez.com\/index.php\/wp-json\/wp\/v2\/types\/page"}],"author":[{"embeddable":true,"href":"https:\/\/adz.adolfodominguez.com\/index.php\/wp-json\/wp\/v2\/users\/1"}],"replies":[{"embeddable":true,"href":"https:\/\/adz.adolfodominguez.com\/index.php\/wp-json\/wp\/v2\/comments?post=1062"}],"version-history":[{"count":6,"href":"https:\/\/adz.adolfodominguez.com\/index.php\/wp-json\/wp\/v2\/pages\/1062\/revisions"}],"predecessor-version":[{"id":1105,"href":"https:\/\/adz.adolfodominguez.com\/index.php\/wp-json\/wp\/v2\/pages\/1062\/revisions\/1105"}],"wp:attachment":[{"href":"https:\/\/adz.adolfodominguez.com\/index.php\/wp-json\/wp\/v2\/media?parent=1062"}],"curies":[{"name":"wp","href":"https:\/\/api.w.org\/{rel}","templated":true}]}}