{"id":1171,"date":"2024-04-26T10:12:01","date_gmt":"2024-04-26T09:12:01","guid":{"rendered":"https:\/\/adz.adolfodominguez.com\/?page_id=1171"},"modified":"2024-04-26T10:46:29","modified_gmt":"2024-04-26T09:46:29","slug":"documentacion-junta-general-2023-2","status":"publish","type":"page","link":"https:\/\/adz.adolfodominguez.com\/index.php\/documentacion-junta-general-2023-2\/","title":{"rendered":"Documentaci\u00f3n Junta General 2024"},"content":{"rendered":"\n<p><\/p>\n\n\n\n<p>Anuncio de convocatoria de la Junta General Ordinaria<\/p>\n\n\n\n<div class=\"wp-block-file\"><a id=\"wp-block-file--media-5e46bfe7-7b04-4cba-a282-4acf03f03d1b\" href=\"https:\/\/adz.adolfodominguez.com\/wp-content\/uploads\/2024\/04\/ADSA_JGO-2024_-Anuncio-convocatoria.pdf\">Acceso al archivo<\/a><a href=\"https:\/\/adz.adolfodominguez.com\/wp-content\/uploads\/2024\/04\/ADSA_JGO-2024_-Anuncio-convocatoria.pdf\" class=\"wp-block-file__button wp-element-button\" download aria-describedby=\"wp-block-file--media-5e46bfe7-7b04-4cba-a282-4acf03f03d1b\">Descarga<\/a><\/div>\n\n\n\n<div class=\"wp-block-file\"><a id=\"wp-block-file--media-e832d63e-7d0e-4d35-a323-bf4cd679849b\" href=\"https:\/\/adz.adolfodominguez.com\/wp-content\/uploads\/2024\/04\/ADSA_JGO-2024_-Announcement-of-the-call.pdf\">File access<\/a><a href=\"https:\/\/adz.adolfodominguez.com\/wp-content\/uploads\/2024\/04\/ADSA_JGO-2024_-Announcement-of-the-call.pdf\" class=\"wp-block-file__button wp-element-button\" download aria-describedby=\"wp-block-file--media-e832d63e-7d0e-4d35-a323-bf4cd679849b\">Descarga<\/a><\/div>\n\n\n\n<p>Propuestas de acuerdo del Consejo de Administraci\u00f3n a la Junta General<\/p>\n\n\n\n<div class=\"wp-block-file\"><a id=\"wp-block-file--media-1254a2c1-bfc9-4d8f-bed2-df365f32531e\" href=\"https:\/\/adz.adolfodominguez.com\/wp-content\/uploads\/2024\/04\/ADSA_JGO-2024_-Propuestas-acuerdo-2-2.pdf\">Acceso al archivo<\/a><a href=\"https:\/\/adz.adolfodominguez.com\/wp-content\/uploads\/2024\/04\/ADSA_JGO-2024_-Propuestas-acuerdo-2-2.pdf\" class=\"wp-block-file__button wp-element-button\" download aria-describedby=\"wp-block-file--media-1254a2c1-bfc9-4d8f-bed2-df365f32531e\">Descarga<\/a><\/div>\n\n\n\n<div class=\"wp-block-file\"><a id=\"wp-block-file--media-02bf1307-f1e4-4241-b0e2-2509f6a13136\" href=\"https:\/\/adz.adolfodominguez.com\/wp-content\/uploads\/2024\/04\/ADSA_JGO-202-_-Full-texts-of-the-proposed-resolutions.pdf\">File access<\/a><a href=\"https:\/\/adz.adolfodominguez.com\/wp-content\/uploads\/2024\/04\/ADSA_JGO-202-_-Full-texts-of-the-proposed-resolutions.pdf\" class=\"wp-block-file__button wp-element-button\" download aria-describedby=\"wp-block-file--media-02bf1307-f1e4-4241-b0e2-2509f6a13136\">Descarga<\/a><\/div>\n\n\n\n<p>Informe Anual (formato FEUE): Informaci\u00f3n Oficial remitida a la CNMV en Formato Electr\u00f3nico \u00danico Europeo. (Comunicaci\u00f3n a CNMV del 26 de abril de 2024. N\u00famero de registro 20.267)<\/p>\n\n\n\n<p class=\"has-small-font-size\"><a href=\"https:\/\/www.cnmv.es\/Portal\/Consultas\/IFA\/ListadoIFA.aspx?id=0&amp;nif=A-32104226\">Link CNMV &#8211; Adolfo Dominguez<\/a><\/p>\n\n\n\n<p>Cuentas Anuales individuales y consolidadas, junto con el informe del auditor<\/p>\n\n\n\n<div class=\"wp-block-file\"><a id=\"wp-block-file--media-a06f631a-288c-491b-8926-cd7339cca838\" href=\"https:\/\/adz.adolfodominguez.com\/wp-content\/uploads\/2024\/04\/ADSA_CCAA-2023-Consolidadas.pdf\">Acceso al archivo Consolidadas<\/a><a href=\"https:\/\/adz.adolfodominguez.com\/wp-content\/uploads\/2024\/04\/ADSA_CCAA-2023-Consolidadas.pdf\" class=\"wp-block-file__button wp-element-button\" download aria-describedby=\"wp-block-file--media-a06f631a-288c-491b-8926-cd7339cca838\">Descarga<\/a><\/div>\n\n\n\n<div class=\"wp-block-file\"><a id=\"wp-block-file--media-7086ef2e-765e-4865-8ca4-43a3a7dfa9da\" href=\"https:\/\/adz.adolfodominguez.com\/wp-content\/uploads\/2024\/04\/ADSA_CCAA-Individuales.pdf\">Acceso al archivo Individuales<\/a><a href=\"https:\/\/adz.adolfodominguez.com\/wp-content\/uploads\/2024\/04\/ADSA_CCAA-Individuales.pdf\" class=\"wp-block-file__button wp-element-button\" download aria-describedby=\"wp-block-file--media-7086ef2e-765e-4865-8ca4-43a3a7dfa9da\">Descarga<\/a><\/div>\n\n\n\n<p>Estado de informaci\u00f3n no financiera correspondiente al ejercicio finalizado el 29 de febrero de 2024, junto con el informe del prestador de servicios independiente<\/p>\n\n\n\n<div class=\"wp-block-file\"><a id=\"wp-block-file--media-5c56c881-d6fa-402c-8fc7-631d848fcfa9\" href=\"https:\/\/adz.adolfodominguez.com\/wp-content\/uploads\/2024\/04\/ADSA_-EINF-2023.pdf\">Acceso al archivo<\/a><a href=\"https:\/\/adz.adolfodominguez.com\/wp-content\/uploads\/2024\/04\/ADSA_-EINF-2023.pdf\" class=\"wp-block-file__button wp-element-button\" download aria-describedby=\"wp-block-file--media-5c56c881-d6fa-402c-8fc7-631d848fcfa9\">Descarga<\/a><\/div>\n\n\n\n<p>Informe Anual sobre las Remuneraciones de los consejeros del ejercicio finalizado el 29 de febrero de 2024<\/p>\n\n\n\n<div class=\"wp-block-file\"><a id=\"wp-block-file--media-81423bf3-d5eb-48a3-9932-4ebda6797a03\" href=\"https:\/\/adz.adolfodominguez.com\/wp-content\/uploads\/2024\/04\/IARC.pdf\">Acceso al archivo<\/a><a href=\"https:\/\/adz.adolfodominguez.com\/wp-content\/uploads\/2024\/04\/IARC.pdf\" class=\"wp-block-file__button wp-element-button\" download aria-describedby=\"wp-block-file--media-81423bf3-d5eb-48a3-9932-4ebda6797a03\">Descarga<\/a><\/div>\n\n\n\n<p>Informe Anual de Gobierno Corporativo del ejercicio finalizado el 29 de febrero de 2024<\/p>\n\n\n\n<div class=\"wp-block-file\"><a id=\"wp-block-file--media-45697566-3dd4-4596-a0ad-e76c4bb84ca1\" href=\"https:\/\/adz.adolfodominguez.com\/wp-content\/uploads\/2024\/04\/IAGC.pdf\">Acceso al archivo<\/a><a href=\"https:\/\/adz.adolfodominguez.com\/wp-content\/uploads\/2024\/04\/IAGC.pdf\" class=\"wp-block-file__button wp-element-button\" download aria-describedby=\"wp-block-file--media-45697566-3dd4-4596-a0ad-e76c4bb84ca1\">Descarga<\/a><\/div>\n\n\n\n<p>Informe anual de la Comisi\u00f3n de Auditor\u00eda correspondiente al ejercicio finalizado el 29 de febrero de 2024<\/p>\n\n\n\n<div class=\"wp-block-file\"><a id=\"wp-block-file--media-8a7f0852-8f1b-48a5-b2c5-0da2bd3134b7\" href=\"https:\/\/adz.adolfodominguez.com\/wp-content\/uploads\/2024\/04\/Informe-de-Actividades-CA-2023.pdf\">Acceso al archivo<\/a><a href=\"https:\/\/adz.adolfodominguez.com\/wp-content\/uploads\/2024\/04\/Informe-de-Actividades-CA-2023.pdf\" class=\"wp-block-file__button wp-element-button\" download aria-describedby=\"wp-block-file--media-8a7f0852-8f1b-48a5-b2c5-0da2bd3134b7\">Descarga<\/a><\/div>\n\n\n\n<p>Informe anual de la Comisi\u00f3n de Nombramientos y Retribuciones correspondiente al ejercicio finalizado el 29 de febrero de 2024<\/p>\n\n\n\n<div class=\"wp-block-file\"><a id=\"wp-block-file--media-4b71545b-dba5-4d1e-930c-b2585fac66c8\" href=\"https:\/\/adz.adolfodominguez.com\/wp-content\/uploads\/2024\/04\/Informe-actividades-CNR-2023.pdf\">Acceso al archivo<\/a><a href=\"https:\/\/adz.adolfodominguez.com\/wp-content\/uploads\/2024\/04\/Informe-actividades-CNR-2023.pdf\" class=\"wp-block-file__button wp-element-button\" download aria-describedby=\"wp-block-file--media-4b71545b-dba5-4d1e-930c-b2585fac66c8\">Descarga<\/a><\/div>\n\n\n\n<p>Informe anual de la Comisi\u00f3n de Estrategia Digital correspondiente al ejercicio finalizado el 29 de febrero de 2024<\/p>\n\n\n\n<div class=\"wp-block-file\"><a id=\"wp-block-file--media-607c46a6-2ae5-4717-9982-b3d0ea4608c0\" href=\"https:\/\/adz.adolfodominguez.com\/wp-content\/uploads\/2024\/04\/Infome-actividades-CED-2023.pdf\">Acceso al archivo<\/a><a href=\"https:\/\/adz.adolfodominguez.com\/wp-content\/uploads\/2024\/04\/Infome-actividades-CED-2023.pdf\" class=\"wp-block-file__button wp-element-button\" download aria-describedby=\"wp-block-file--media-607c46a6-2ae5-4717-9982-b3d0ea4608c0\">Descarga<\/a><\/div>\n\n\n\n<p>Informe de la Comisi\u00f3n de Auditor\u00eda sobre la independencia del auditor de cuentas<\/p>\n\n\n\n<div class=\"wp-block-file\"><a id=\"wp-block-file--media-135dc01d-52e9-454a-8288-b99e29741357\" href=\"https:\/\/adz.adolfodominguez.com\/wp-content\/uploads\/2024\/04\/ADSA_JGO-2024_Informe-CA-sobre-independencia-auditores-2023.pdf\">Acceso al archivo<\/a><a href=\"https:\/\/adz.adolfodominguez.com\/wp-content\/uploads\/2024\/04\/ADSA_JGO-2024_Informe-CA-sobre-independencia-auditores-2023.pdf\" class=\"wp-block-file__button wp-element-button\" download aria-describedby=\"wp-block-file--media-135dc01d-52e9-454a-8288-b99e29741357\">Descarga<\/a><\/div>\n\n\n\n<p>Informes sobre la reelecci\u00f3n de consejero<\/p>\n\n\n\n<div class=\"wp-block-file\"><a id=\"wp-block-file--media-f4f1de0c-7ab2-41de-bda6-0b11ae5ea492\" href=\"https:\/\/adz.adolfodominguez.com\/wp-content\/uploads\/2024\/04\/Informe-CNR-reeleccion-Consejero.pdf\">Acceso al archivo CNR<\/a><a href=\"https:\/\/adz.adolfodominguez.com\/wp-content\/uploads\/2024\/04\/Informe-CNR-reeleccion-Consejero.pdf\" class=\"wp-block-file__button wp-element-button\" download aria-describedby=\"wp-block-file--media-f4f1de0c-7ab2-41de-bda6-0b11ae5ea492\">Descarga<\/a><\/div>\n\n\n\n<div class=\"wp-block-file\"><a id=\"wp-block-file--media-0e764318-6247-4aec-a7bc-71381bc36040\" href=\"https:\/\/adz.adolfodominguez.com\/wp-content\/uploads\/2024\/04\/ADSA_-JGO-2024_-Informe-CdA-reeleccion-de-consejero.pdf\">Acceso al archivo CdA<\/a><a href=\"https:\/\/adz.adolfodominguez.com\/wp-content\/uploads\/2024\/04\/ADSA_-JGO-2024_-Informe-CdA-reeleccion-de-consejero.pdf\" class=\"wp-block-file__button wp-element-button\" download aria-describedby=\"wp-block-file--media-0e764318-6247-4aec-a7bc-71381bc36040\">Descarga<\/a><\/div>\n\n\n\n<div class=\"wp-block-file\"><a id=\"wp-block-file--media-89f49c6c-cfe4-4a06-9c38-10b8ecacacae\" href=\"https:\/\/adz.adolfodominguez.com\/wp-content\/uploads\/2024\/04\/ADSA_-JGO-2024_-Informacion-sobre-consejero.pdf\">Acceso al archivo<\/a><a href=\"https:\/\/adz.adolfodominguez.com\/wp-content\/uploads\/2024\/04\/ADSA_-JGO-2024_-Informacion-sobre-consejero.pdf\" class=\"wp-block-file__button wp-element-button\" download aria-describedby=\"wp-block-file--media-89f49c6c-cfe4-4a06-9c38-10b8ecacacae\">Descarga<\/a><\/div>\n\n\n\n<p>Informe del Consejo de Administraci\u00f3n sobre modificaci\u00f3n estatutaria<\/p>\n\n\n\n<div class=\"wp-block-file\"><a id=\"wp-block-file--media-7a2238b1-be46-4f1b-8bec-3f437b40edb6\" href=\"https:\/\/adz.adolfodominguez.com\/wp-content\/uploads\/2024\/04\/ADSA_-JGO-2024_-Informe-CdA-modificacion-EESS.pdf\">Acceso al archivo<\/a><a href=\"https:\/\/adz.adolfodominguez.com\/wp-content\/uploads\/2024\/04\/ADSA_-JGO-2024_-Informe-CdA-modificacion-EESS.pdf\" class=\"wp-block-file__button wp-element-button\" download aria-describedby=\"wp-block-file--media-7a2238b1-be46-4f1b-8bec-3f437b40edb6\">Descarga<\/a><\/div>\n\n\n\n<p>Texto refundido de los Estatutos Sociales con la modificaci\u00f3n propuesta<\/p>\n\n\n\n<div class=\"wp-block-file\"><a id=\"wp-block-file--media-def1c75f-fdbc-4b43-93fd-6458a74fd1cb\" href=\"https:\/\/adz.adolfodominguez.com\/wp-content\/uploads\/2024\/04\/Texto-refundido-de-los-Estatutos-Sociales.pdf\">Acceso al archivo<\/a><a href=\"https:\/\/adz.adolfodominguez.com\/wp-content\/uploads\/2024\/04\/Texto-refundido-de-los-Estatutos-Sociales.pdf\" class=\"wp-block-file__button wp-element-button\" download aria-describedby=\"wp-block-file--media-def1c75f-fdbc-4b43-93fd-6458a74fd1cb\">Descarga<\/a><\/div>\n\n\n\n<p>Normas de funcionamiento del Foro<\/p>\n\n\n\n<div class=\"wp-block-file\"><a id=\"wp-block-file--media-4e14e5b4-76ff-4e22-b5df-e1b0c4c3fac6\" href=\"https:\/\/adz.adolfodominguez.com\/wp-content\/uploads\/2024\/04\/ADSA_-JGO-2024_-Normas-de-funcionamiento-del-Foro.pdf\">Acceso al archivo<\/a><a href=\"https:\/\/adz.adolfodominguez.com\/wp-content\/uploads\/2024\/04\/ADSA_-JGO-2024_-Normas-de-funcionamiento-del-Foro.pdf\" class=\"wp-block-file__button wp-element-button\" download aria-describedby=\"wp-block-file--media-4e14e5b4-76ff-4e22-b5df-e1b0c4c3fac6\">Descarga<\/a><\/div>\n\n\n\n<p>Derecho de Informaci\u00f3n de los accionistas<\/p>\n\n\n\n<div class=\"wp-block-file\"><a id=\"wp-block-file--media-a6b54258-571c-4228-be9f-bc184aab9647\" href=\"https:\/\/adz.adolfodominguez.com\/wp-content\/uploads\/2024\/04\/ADSA_-JGO-2024_-Derecho-de-informacion.pdf\">Acceso al archivo<\/a><a href=\"https:\/\/adz.adolfodominguez.com\/wp-content\/uploads\/2024\/04\/ADSA_-JGO-2024_-Derecho-de-informacion.pdf\" class=\"wp-block-file__button wp-element-button\" download aria-describedby=\"wp-block-file--media-a6b54258-571c-4228-be9f-bc184aab9647\">Descarga<\/a><\/div>\n\n\n\n<p>Reglas para la Delegaci\u00f3n y Voto a trav\u00e9s de medios de comunicaci\u00f3n a distancia.<\/p>\n\n\n\n<div class=\"wp-block-file\"><a id=\"wp-block-file--media-18297c4b-6be4-4bbd-965f-542a9df0f76d\" href=\"https:\/\/adz.adolfodominguez.com\/wp-content\/uploads\/2024\/04\/ADSA_-JGO-2024_-Reglas-delegacion-y-voto-a-distancia.pdf\">Acceso al archivo<\/a><a href=\"https:\/\/adz.adolfodominguez.com\/wp-content\/uploads\/2024\/04\/ADSA_-JGO-2024_-Reglas-delegacion-y-voto-a-distancia.pdf\" class=\"wp-block-file__button wp-element-button\" download aria-describedby=\"wp-block-file--media-18297c4b-6be4-4bbd-965f-542a9df0f76d\">Descarga<\/a><\/div>\n\n\n\n<p>Modelo de tarjeta de asistencia, delegaci\u00f3n y voto a distancia<\/p>\n\n\n\n<div class=\"wp-block-file\"><a id=\"wp-block-file--media-27b6919b-9ef5-4d2b-a55e-fd9150025c40\" href=\"https:\/\/adz.adolfodominguez.com\/wp-content\/uploads\/2024\/04\/ADSA_-JGO-2024_-Modelo-Tarjeta-asistencia-delegacion-y-voto-a-distancia-JGA-2023.pdf\">Acceso al archivo<\/a><a href=\"https:\/\/adz.adolfodominguez.com\/wp-content\/uploads\/2024\/04\/ADSA_-JGO-2024_-Modelo-Tarjeta-asistencia-delegacion-y-voto-a-distancia-JGA-2023.pdf\" class=\"wp-block-file__button wp-element-button\" download aria-describedby=\"wp-block-file--media-27b6919b-9ef5-4d2b-a55e-fd9150025c40\">Descarga<\/a><\/div>\n\n\n\n<p>Documento en el que consta el n\u00famero total de acciones y derechos de voto en la fecha de convocatoria<\/p>\n\n\n\n<div class=\"wp-block-file\"><a id=\"wp-block-file--media-52c5db01-e805-4946-9a53-2cd1f79d9834\" href=\"https:\/\/adz.adolfodominguez.com\/wp-content\/uploads\/2024\/04\/ADSA_-JGO-2024_-No-total-de-acciones-y-derechos-de-voto.pdf\">Acceso al archivo<\/a><a href=\"https:\/\/adz.adolfodominguez.com\/wp-content\/uploads\/2024\/04\/ADSA_-JGO-2024_-No-total-de-acciones-y-derechos-de-voto.pdf\" class=\"wp-block-file__button wp-element-button\" download aria-describedby=\"wp-block-file--media-52c5db01-e805-4946-9a53-2cd1f79d9834\">Descarga<\/a><\/div>\n","protected":false},"excerpt":{"rendered":"<p>Anuncio de convocatoria de la Junta General Ordinaria Propuestas de acuerdo del Consejo de Administraci\u00f3n a la Junta General Informe Anual (formato FEUE): Informaci\u00f3n Oficial remitida a la CNMV en Formato Electr\u00f3nico \u00danico Europeo. (Comunicaci\u00f3n a CNMV del 26 de abril de 2024. N\u00famero de registro 20.267) Link CNMV &#8211; Adolfo Dominguez Cuentas Anuales individuales y consolidadas, junto con el informe del auditor Estado de informaci\u00f3n no financiera correspondiente al ejercicio finalizado el 29 de febrero de 2024, junto con el informe del prestador de servicios independiente Informe Anual sobre las Remuneraciones de los consejeros del ejercicio finalizado el 29 de febrero de 2024 Informe Anual de Gobierno Corporativo del ejercicio finalizado el 29 de febrero de 2024 Informe anual de la Comisi\u00f3n de Auditor\u00eda correspondiente al ejercicio finalizado el 29 de febrero de 2024 Informe anual de la Comisi\u00f3n de Nombramientos y Retribuciones correspondiente al ejercicio finalizado el 29 de febrero de 2024 Informe anual de la Comisi\u00f3n de Estrategia Digital correspondiente al ejercicio finalizado el 29 de febrero de 2024 Informe de la Comisi\u00f3n de Auditor\u00eda sobre la independencia del auditor de cuentas Informes sobre la reelecci\u00f3n de consejero Informe del Consejo de Administraci\u00f3n sobre modificaci\u00f3n estatutaria Texto refundido de los Estatutos Sociales con la modificaci\u00f3n propuesta Normas de funcionamiento del Foro Derecho de Informaci\u00f3n de los accionistas Reglas para la Delegaci\u00f3n y Voto a trav\u00e9s de medios de comunicaci\u00f3n a distancia. Modelo de tarjeta de asistencia, delegaci\u00f3n y voto a distancia Documento en el que consta el n\u00famero total de acciones y derechos de voto en la fecha de convocatoria<\/p>\n","protected":false},"author":1,"featured_media":0,"parent":0,"menu_order":0,"comment_status":"closed","ping_status":"closed","template":"","meta":{"footnotes":""},"class_list":["post-1171","page","type-page","status-publish","hentry"],"_links":{"self":[{"href":"https:\/\/adz.adolfodominguez.com\/index.php\/wp-json\/wp\/v2\/pages\/1171","targetHints":{"allow":["GET"]}}],"collection":[{"href":"https:\/\/adz.adolfodominguez.com\/index.php\/wp-json\/wp\/v2\/pages"}],"about":[{"href":"https:\/\/adz.adolfodominguez.com\/index.php\/wp-json\/wp\/v2\/types\/page"}],"author":[{"embeddable":true,"href":"https:\/\/adz.adolfodominguez.com\/index.php\/wp-json\/wp\/v2\/users\/1"}],"replies":[{"embeddable":true,"href":"https:\/\/adz.adolfodominguez.com\/index.php\/wp-json\/wp\/v2\/comments?post=1171"}],"version-history":[{"count":24,"href":"https:\/\/adz.adolfodominguez.com\/index.php\/wp-json\/wp\/v2\/pages\/1171\/revisions"}],"predecessor-version":[{"id":1220,"href":"https:\/\/adz.adolfodominguez.com\/index.php\/wp-json\/wp\/v2\/pages\/1171\/revisions\/1220"}],"wp:attachment":[{"href":"https:\/\/adz.adolfodominguez.com\/index.php\/wp-json\/wp\/v2\/media?parent=1171"}],"curies":[{"name":"wp","href":"https:\/\/api.w.org\/{rel}","templated":true}]}}