{"id":126,"date":"2021-12-17T11:09:02","date_gmt":"2021-12-17T11:09:02","guid":{"rendered":"http:\/\/adz.interno-ad.es\/?page_id=126"},"modified":"2025-08-01T09:44:59","modified_gmt":"2025-08-01T08:44:59","slug":"informacion-publica-periodicaipp","status":"publish","type":"page","link":"https:\/\/adz.adolfodominguez.com\/index.php\/informacion-publica-periodicaipp\/","title":{"rendered":"Informaci\u00f3n P\u00fablica Peri\u00f3dica(IPP)"},"content":{"rendered":"\n<div style=\"height:50px\" aria-hidden=\"true\" class=\"wp-block-spacer\"><\/div>\n\n\n\n<hr class=\"wp-block-separator has-alpha-channel-opacity\"\/>\n\n\n\n<div class=\"wp-block-media-text has-media-on-the-right is-stacked-on-mobile\"><div class=\"wp-block-media-text__content\">\n<p>Seleccione la informaci\u00f3n en los apartados que se muestran en el men\u00fa.<\/p>\n<\/div><figure class=\"wp-block-media-text__media\"><img loading=\"lazy\" decoding=\"async\" width=\"1024\" height=\"576\" src=\"https:\/\/adz.adolfodominguez.com\/wp-content\/uploads\/2022\/03\/2022_03_07_FONDO_WEB_ACCIONISTAS_2-1024x576.jpg\" alt=\"\" class=\"wp-image-734 size-full\" srcset=\"https:\/\/adz.adolfodominguez.com\/wp-content\/uploads\/2022\/03\/2022_03_07_FONDO_WEB_ACCIONISTAS_2-1024x576.jpg 1024w, https:\/\/adz.adolfodominguez.com\/wp-content\/uploads\/2022\/03\/2022_03_07_FONDO_WEB_ACCIONISTAS_2-300x169.jpg 300w, https:\/\/adz.adolfodominguez.com\/wp-content\/uploads\/2022\/03\/2022_03_07_FONDO_WEB_ACCIONISTAS_2-768x432.jpg 768w, https:\/\/adz.adolfodominguez.com\/wp-content\/uploads\/2022\/03\/2022_03_07_FONDO_WEB_ACCIONISTAS_2-1536x864.jpg 1536w, https:\/\/adz.adolfodominguez.com\/wp-content\/uploads\/2022\/03\/2022_03_07_FONDO_WEB_ACCIONISTAS_2-1140x641.jpg 1140w, https:\/\/adz.adolfodominguez.com\/wp-content\/uploads\/2022\/03\/2022_03_07_FONDO_WEB_ACCIONISTAS_2.jpg 1920w\" sizes=\"auto, (max-width: 1024px) 100vw, 1024px\" \/><\/figure><\/div>\n\n\n\n<hr class=\"wp-block-separator has-alpha-channel-opacity\"\/>\n\n\n\n<div style=\"height:50px\" aria-hidden=\"true\" class=\"wp-block-spacer\"><\/div>\n\n\n\n<figure class=\"wp-block-embed is-type-wp-embed is-provider-adolfo-dominguez-adz wp-block-embed-adolfo-dominguez-adz\"><div class=\"wp-block-embed__wrapper\">\n<blockquote class=\"wp-embedded-content\" data-secret=\"uDqTVTtb3W\"><a href=\"https:\/\/adz.adolfodominguez.com\/index.php\/ejercicio-2025-ipp\/\">Ejercicio 2025 (IPP)<\/a><\/blockquote><iframe loading=\"lazy\" class=\"wp-embedded-content\" sandbox=\"allow-scripts\" security=\"restricted\" style=\"position: absolute; visibility: hidden;\" title=\"\u00abEjercicio 2025 (IPP)\u00bb \u2014 Adolfo Dominguez ADZ\" src=\"https:\/\/adz.adolfodominguez.com\/index.php\/ejercicio-2025-ipp\/embed\/#?secret=ewXnBMfaYl#?secret=uDqTVTtb3W\" data-secret=\"uDqTVTtb3W\" width=\"600\" height=\"338\" frameborder=\"0\" marginwidth=\"0\" marginheight=\"0\" scrolling=\"no\"><\/iframe>\n<\/div><\/figure>\n\n\n\n<figure class=\"wp-block-embed is-type-wp-embed is-provider-adolfo-dominguez-adz wp-block-embed-adolfo-dominguez-adz\"><div class=\"wp-block-embed__wrapper\">\n<blockquote class=\"wp-embedded-content\" data-secret=\"xtxwYqPIlz\"><a href=\"https:\/\/adz.adolfodominguez.com\/index.php\/ejercicio-2024-ipp\/\">Ejercicio 2024 (IPP)<\/a><\/blockquote><iframe loading=\"lazy\" class=\"wp-embedded-content\" sandbox=\"allow-scripts\" security=\"restricted\" style=\"position: absolute; visibility: hidden;\" title=\"\u00abEjercicio 2024 (IPP)\u00bb \u2014 Adolfo Dominguez ADZ\" src=\"https:\/\/adz.adolfodominguez.com\/index.php\/ejercicio-2024-ipp\/embed\/#?secret=5gatKiTmqS#?secret=xtxwYqPIlz\" data-secret=\"xtxwYqPIlz\" width=\"600\" height=\"338\" frameborder=\"0\" marginwidth=\"0\" marginheight=\"0\" scrolling=\"no\"><\/iframe>\n<\/div><\/figure>\n\n\n\n<figure class=\"wp-block-embed is-type-wp-embed is-provider-adolfo-dominguez-adz wp-block-embed-adolfo-dominguez-adz\"><div class=\"wp-block-embed__wrapper\">\n<blockquote class=\"wp-embedded-content\" data-secret=\"GUplpfdxhi\"><a href=\"https:\/\/adz.adolfodominguez.com\/index.php\/ejercicio-2023-ipp\/\">Ejercicio 2023 (IPP)<\/a><\/blockquote><iframe loading=\"lazy\" class=\"wp-embedded-content\" sandbox=\"allow-scripts\" security=\"restricted\" style=\"position: absolute; visibility: hidden;\" title=\"\u00abEjercicio 2023 (IPP)\u00bb \u2014 Adolfo Dominguez ADZ\" src=\"https:\/\/adz.adolfodominguez.com\/index.php\/ejercicio-2023-ipp\/embed\/#?secret=WkZ327IWP6#?secret=GUplpfdxhi\" data-secret=\"GUplpfdxhi\" width=\"600\" height=\"338\" frameborder=\"0\" marginwidth=\"0\" marginheight=\"0\" scrolling=\"no\"><\/iframe>\n<\/div><\/figure>\n\n\n\n<figure class=\"wp-block-embed is-type-wp-embed is-provider-adolfo-dominguez-adz wp-block-embed-adolfo-dominguez-adz\"><div class=\"wp-block-embed__wrapper\">\n<blockquote class=\"wp-embedded-content\" data-secret=\"2vXrIMzqSs\"><a href=\"https:\/\/adz.adolfodominguez.com\/index.php\/ejercicio-2022-ipp\/\">Ejercicio 2022 (IPP)<\/a><\/blockquote><iframe loading=\"lazy\" class=\"wp-embedded-content\" sandbox=\"allow-scripts\" security=\"restricted\" style=\"position: absolute; visibility: hidden;\" title=\"\u00abEjercicio 2022 (IPP)\u00bb \u2014 Adolfo Dominguez ADZ\" src=\"https:\/\/adz.adolfodominguez.com\/index.php\/ejercicio-2022-ipp\/embed\/#?secret=8lPsniIaSJ#?secret=2vXrIMzqSs\" data-secret=\"2vXrIMzqSs\" width=\"600\" height=\"338\" frameborder=\"0\" marginwidth=\"0\" marginheight=\"0\" scrolling=\"no\"><\/iframe>\n<\/div><\/figure>\n","protected":false},"excerpt":{"rendered":"<p>Seleccione la informaci\u00f3n en los apartados que se muestran en el men\u00fa.<\/p>\n","protected":false},"author":1,"featured_media":0,"parent":0,"menu_order":0,"comment_status":"closed","ping_status":"closed","template":"","meta":{"footnotes":""},"class_list":["post-126","page","type-page","status-publish","hentry"],"_links":{"self":[{"href":"https:\/\/adz.adolfodominguez.com\/index.php\/wp-json\/wp\/v2\/pages\/126","targetHints":{"allow":["GET"]}}],"collection":[{"href":"https:\/\/adz.adolfodominguez.com\/index.php\/wp-json\/wp\/v2\/pages"}],"about":[{"href":"https:\/\/adz.adolfodominguez.com\/index.php\/wp-json\/wp\/v2\/types\/page"}],"author":[{"embeddable":true,"href":"https:\/\/adz.adolfodominguez.com\/index.php\/wp-json\/wp\/v2\/users\/1"}],"replies":[{"embeddable":true,"href":"https:\/\/adz.adolfodominguez.com\/index.php\/wp-json\/wp\/v2\/comments?post=126"}],"version-history":[{"count":5,"href":"https:\/\/adz.adolfodominguez.com\/index.php\/wp-json\/wp\/v2\/pages\/126\/revisions"}],"predecessor-version":[{"id":1690,"href":"https:\/\/adz.adolfodominguez.com\/index.php\/wp-json\/wp\/v2\/pages\/126\/revisions\/1690"}],"wp:attachment":[{"href":"https:\/\/adz.adolfodominguez.com\/index.php\/wp-json\/wp\/v2\/media?parent=126"}],"curies":[{"name":"wp","href":"https:\/\/api.w.org\/{rel}","templated":true}]}}