{"id":128,"date":"2021-12-17T11:09:02","date_gmt":"2021-12-17T11:09:02","guid":{"rendered":"http:\/\/adz.interno-ad.es\/?page_id=128"},"modified":"2025-05-09T08:28:10","modified_gmt":"2025-05-09T07:28:10","slug":"informe-de-auditoria-cuentas-anuales-auditadas-informe-de-gestion-y-memoria-anual","status":"publish","type":"page","link":"https:\/\/adz.adolfodominguez.com\/index.php\/informe-de-auditoria-cuentas-anuales-auditadas-informe-de-gestion-y-memoria-anual\/","title":{"rendered":"Informes de auditor\u00eda, cuentas anuales auditadas, informe de gesti\u00f3n y Memoria anual"},"content":{"rendered":"\n<p><\/p>\n\n\n\n<p class=\"has-text-align-center\"><strong>2024<\/strong><\/p>\n\n\n\n<p><strong>Informe Anual (formato FEUE)<\/strong><\/p>\n\n\n\n<p>Informaci\u00f3n Oficial remitida a la CNMV en Formato Electr\u00f3nico \u00danico Europeo. (Comunicaci\u00f3n a CNMV del 8 de mayo de 2025. N\u00famero de registro 34.614)<\/p>\n\n\n\n<p><a href=\"https:\/\/www.cnmv.es\/Portal\/Consultas\/IFA\/ListadoIFA.aspx?id=0&amp;nif=A-32104226\">Link CNMV <\/a><\/p>\n\n\n\n<p><strong>Informe Integrado<\/strong><\/p>\n\n\n\n<div class=\"wp-block-file\"><a id=\"wp-block-file--media-f5daa23d-83e0-4d83-a98f-463b662e629d\" href=\"https:\/\/adz.adolfodominguez.com\/wp-content\/uploads\/2025\/05\/ADZ-Informe-Integrado-2024.pdf\">Acceso al Documento<\/a><a href=\"https:\/\/adz.adolfodominguez.com\/wp-content\/uploads\/2025\/05\/ADZ-Informe-Integrado-2024.pdf\" class=\"wp-block-file__button wp-element-button\" download aria-describedby=\"wp-block-file--media-f5daa23d-83e0-4d83-a98f-463b662e629d\">Descarga<\/a><\/div>\n\n\n\n<p><strong>Cuentas anuales individuales y consolidadas, junto con el informe del auditor<\/strong><\/p>\n\n\n\n<div class=\"wp-block-file\"><a id=\"wp-block-file--media-b1055a56-48c5-4a5a-83cf-2e7aa7c8880c\" href=\"https:\/\/adz.adolfodominguez.com\/wp-content\/uploads\/2025\/05\/01.-ADSA_CCAA-Individual_28.02.2025.pdf\">Individuales<\/a><a href=\"https:\/\/adz.adolfodominguez.com\/wp-content\/uploads\/2025\/05\/01.-ADSA_CCAA-Individual_28.02.2025.pdf\" class=\"wp-block-file__button wp-element-button\" download aria-describedby=\"wp-block-file--media-b1055a56-48c5-4a5a-83cf-2e7aa7c8880c\">Descarga<\/a><\/div>\n\n\n\n<div class=\"wp-block-file\"><a id=\"wp-block-file--media-c1bff6f6-e2a2-4e35-8135-c987f6ea04a5\" href=\"https:\/\/adz.adolfodominguez.com\/wp-content\/uploads\/2025\/05\/02.-ADSA_CCAA-Consolidadas_28.02.2025.pdf\">Consolidadas<\/a><a href=\"https:\/\/adz.adolfodominguez.com\/wp-content\/uploads\/2025\/05\/02.-ADSA_CCAA-Consolidadas_28.02.2025.pdf\" class=\"wp-block-file__button wp-element-button\" download aria-describedby=\"wp-block-file--media-c1bff6f6-e2a2-4e35-8135-c987f6ea04a5\">Descarga<\/a><\/div>\n\n\n\n<p><strong>Informe de Gesti\u00f3n<\/strong><\/p>\n\n\n\n<div class=\"wp-block-file\"><a id=\"wp-block-file--media-b2225bfa-d31d-4b3a-926e-7ec0dfa38835\" href=\"https:\/\/adz.adolfodominguez.com\/wp-content\/uploads\/2025\/05\/Informe-de-gestion-definitivo.pdf\">Acceso al Documento<\/a><a href=\"https:\/\/adz.adolfodominguez.com\/wp-content\/uploads\/2025\/05\/Informe-de-gestion-definitivo.pdf\" class=\"wp-block-file__button wp-element-button\" download aria-describedby=\"wp-block-file--media-b2225bfa-d31d-4b3a-926e-7ec0dfa38835\">Descarga<\/a><\/div>\n\n\n\n<p><strong>Presentaci\u00f3n de resultados<\/strong><\/p>\n\n\n\n<div class=\"wp-block-file\"><a id=\"wp-block-file--media-819b0e0d-62fa-45b0-81e9-c03717fe73c9\" href=\"https:\/\/adz.adolfodominguez.com\/wp-content\/uploads\/2025\/05\/ADZ-P-12M24-25-ES-v19-1.pdf\">Acceso al Documento<\/a><a href=\"https:\/\/adz.adolfodominguez.com\/wp-content\/uploads\/2025\/05\/ADZ-P-12M24-25-ES-v19-1.pdf\" class=\"wp-block-file__button wp-element-button\" download aria-describedby=\"wp-block-file--media-819b0e0d-62fa-45b0-81e9-c03717fe73c9\">Descarga<\/a><\/div>\n\n\n\n<p><strong>Estado de Informaci\u00f3n No Financiera<\/strong><\/p>\n\n\n\n<div class=\"wp-block-file\"><a id=\"wp-block-file--media-301530b0-11b3-4405-acbd-b5b8f6a696d0\" href=\"https:\/\/adz.adolfodominguez.com\/wp-content\/uploads\/2025\/05\/AD_EINF-2024-2025.vFINAL__250430.pdf\">Acceso al Documento<\/a><a href=\"https:\/\/adz.adolfodominguez.com\/wp-content\/uploads\/2025\/05\/AD_EINF-2024-2025.vFINAL__250430.pdf\" class=\"wp-block-file__button wp-element-button\" download aria-describedby=\"wp-block-file--media-301530b0-11b3-4405-acbd-b5b8f6a696d0\">Descarga<\/a><\/div>\n\n\n\n<p><strong>Libro de Analistas<\/strong><\/p>\n\n\n\n<div class=\"wp-block-file\"><a id=\"wp-block-file--media-e4ed14ad-39d8-4a78-a052-ac4a65ddb0a4\" href=\"https:\/\/adz.adolfodominguez.com\/wp-content\/uploads\/2025\/05\/ADZ-R-12M24-25-LDA-SP-1.xlsx\">Acceso al Libre XLSX<\/a><a href=\"https:\/\/adz.adolfodominguez.com\/wp-content\/uploads\/2025\/05\/ADZ-R-12M24-25-LDA-SP-1.xlsx\" class=\"wp-block-file__button wp-element-button\" download aria-describedby=\"wp-block-file--media-e4ed14ad-39d8-4a78-a052-ac4a65ddb0a4\">Descarga<\/a><\/div>\n\n\n\n<p class=\"has-text-align-center\"><strong>2023<\/strong><\/p>\n\n\n\n<p><strong>Informe Anual (formato FEUE)<\/strong><\/p>\n\n\n\n<p> Informaci\u00f3n Oficial remitida a la CNMV en Formato Electr\u00f3nico \u00danico Europeo. (Comunicaci\u00f3n a CNMV del 26 de abril de 2024. N\u00famero de registro 20.267)<\/p>\n\n\n\n<p><a href=\"https:\/\/www.cnmv.es\/Portal\/Consultas\/IFA\/ListadoIFA.aspx?id=0&amp;nif=A-32104226\">Link CNMV <\/a><\/p>\n\n\n\n<p><strong>Informe Anual<\/strong><br>Cuentas anuales individuales y consolidadas, junto con el informe del auditor.<\/p>\n\n\n\n<p><a href=\"https:\/\/adz.adolfodominguez.com\/wp-content\/uploads\/2024\/04\/ADSA_CCAA-2023-Consolidadas.pdf\">Consolidadas<\/a><\/p>\n\n\n\n<p><a href=\"https:\/\/adz.adolfodominguez.com\/wp-content\/uploads\/2024\/04\/ADSA_CCAA-Individuales.pdf\">Individuales<\/a><\/p>\n\n\n\n<p><strong>Informe de resultados <\/strong><\/p>\n\n\n\n<div class=\"wp-block-file\"><a id=\"wp-block-file--media-562715e3-6f5e-4704-a06c-584e47c0a74e\" href=\"https:\/\/adz.adolfodominguez.com\/wp-content\/uploads\/2024\/05\/Informe-resultados.pdf\">Acceso al Documento<\/a><a href=\"https:\/\/adz.adolfodominguez.com\/wp-content\/uploads\/2024\/05\/Informe-resultados.pdf\" class=\"wp-block-file__button wp-element-button\" download aria-describedby=\"wp-block-file--media-562715e3-6f5e-4704-a06c-584e47c0a74e\">Descarga<\/a><\/div>\n\n\n\n<p><strong>Presentaci\u00f3n del Webcast<\/strong><\/p>\n\n\n\n<div class=\"wp-block-file\"><a id=\"wp-block-file--media-ed5fd392-f622-4a62-982a-c1593fc1ac8d\" href=\"https:\/\/adz.adolfodominguez.com\/wp-content\/uploads\/2024\/05\/Presentacion-resultados.pdf\">Acceso al Documento<\/a><a href=\"https:\/\/adz.adolfodominguez.com\/wp-content\/uploads\/2024\/05\/Presentacion-resultados.pdf\" class=\"wp-block-file__button wp-element-button\" download aria-describedby=\"wp-block-file--media-ed5fd392-f622-4a62-982a-c1593fc1ac8d\">Descarga<\/a><\/div>\n\n\n\n<p><strong>Video Webcast<\/strong><\/p>\n\n\n\n<p><a href=\"https:\/\/streamstudio.world-television.com\/CCUIv3\/frameset.aspx?ticket=1096-1752-39571&amp;target=es-default-&amp;status=ondemand&amp;browser=ns-0-1-0-0-0&amp;stream=html5-video-1000\">Link acceso<\/a><\/p>\n\n\n\n<p><strong>Estado de Informaci\u00f3n No Financiera<\/strong><\/p>\n\n\n\n<div class=\"wp-block-file\"><a id=\"wp-block-file--media-c710592a-65f6-43d8-850c-7952cb463d61\" href=\"https:\/\/adz.adolfodominguez.com\/wp-content\/uploads\/2024\/05\/Adolfo-Dominguez-EINF-202324_actualizado.pdf\">Acceso al Documento<\/a><a href=\"https:\/\/adz.adolfodominguez.com\/wp-content\/uploads\/2024\/05\/Adolfo-Dominguez-EINF-202324_actualizado.pdf\" class=\"wp-block-file__button wp-element-button\" download aria-describedby=\"wp-block-file--media-c710592a-65f6-43d8-850c-7952cb463d61\">Descarga<\/a><\/div>\n\n\n\n<p><strong>Libro de accionista (Excel)<\/strong><\/p>\n\n\n\n<div class=\"wp-block-file\"><a id=\"wp-block-file--media-0d787fad-ba8d-4e90-9cb1-232bebfc3261\" href=\"https:\/\/adz.adolfodominguez.com\/wp-content\/uploads\/2024\/05\/ADZ-R-2023-LDA-SP.xlsx\">Descarga Excel<\/a><a href=\"https:\/\/adz.adolfodominguez.com\/wp-content\/uploads\/2024\/05\/ADZ-R-2023-LDA-SP.xlsx\" class=\"wp-block-file__button wp-element-button\" download aria-describedby=\"wp-block-file--media-0d787fad-ba8d-4e90-9cb1-232bebfc3261\">Descarga<\/a><\/div>\n\n\n\n<p class=\"has-text-align-center\"><strong>2022<\/strong><\/p>\n\n\n\n<p><strong>Informe Anual (formato FEUE)<\/strong><br>Informaci\u00f3n Oficial remitida a la CNMV en Formato Electr\u00f3nico \u00danico Europeo.<br>(Comunicaci\u00f3n a CNMV del 27 de abril de 2023. N\u00famero de registro 19.965)<br><a href=\"https:\/\/www.cnmv.es\/Portal\/Consultas\/IFA\/ListadoIFA.aspx?id=0&amp;nif=A-32104226\">Link CNMV<\/a><\/p>\n\n\n\n<p><\/p>\n\n\n\n<p><strong>Informe Anual<\/strong><br>Cuentas anuales individuales y consolidadas, junto con el informe del auditor.<\/p>\n\n\n\n<div class=\"wp-block-file\"><a id=\"wp-block-file--media-4b4fbc32-5bc7-4b8f-b803-8334b5553c41\" href=\"https:\/\/adz.adolfodominguez.com\/wp-content\/uploads\/2023\/04\/Cuentas-Anuales-individuales-y-consolidadas-junto-con-el-informe-del-auditor.pdf\">Acceso al Documento<\/a><a href=\"https:\/\/adz.adolfodominguez.com\/wp-content\/uploads\/2023\/04\/Cuentas-Anuales-individuales-y-consolidadas-junto-con-el-informe-del-auditor.pdf\" class=\"wp-block-file__button wp-element-button\" download aria-describedby=\"wp-block-file--media-4b4fbc32-5bc7-4b8f-b803-8334b5553c41\">Descarga<\/a><\/div>\n\n\n\n<p><strong>Informaci\u00f3n no Financiera<\/strong><\/p>\n\n\n\n<p>Estado de informaci\u00f3n no financiera correspondiente al ejercicio finalizado el 28 de febrero de 2023, junto con el informe del prestador de servicios independiente. <\/p>\n\n\n\n<div class=\"wp-block-file\"><a id=\"wp-block-file--media-c3004907-aceb-4685-86b0-d8551ed992ba\" href=\"https:\/\/adz.adolfodominguez.com\/wp-content\/uploads\/2023\/04\/Informacion-no-Financiera.pdf\">Acceso al Documento<\/a><a href=\"https:\/\/adz.adolfodominguez.com\/wp-content\/uploads\/2023\/04\/Informacion-no-Financiera.pdf\" class=\"wp-block-file__button wp-element-button\" download aria-describedby=\"wp-block-file--media-c3004907-aceb-4685-86b0-d8551ed992ba\">Descarga<\/a><\/div>\n\n\n\n<p class=\"has-text-align-center\"><strong>2021<\/strong><\/p>\n\n\n\n<p><strong>Informe Anual (formato FEUE)<\/strong><br>Informaci\u00f3n Oficial remitida a la CNMV en Formato Electr\u00f3nico \u00danico Europeo. <br>(Comunicaci\u00f3n a CNMV del 27 de abril de 2022. N\u00famero de registro 19.394)<br><a href=\"https:\/\/www.cnmv.es\/Portal\/Consultas\/IFA\/ListadoIFA.aspx?id=0&amp;nif=A-32104226\">Link CNMV<\/a><\/p>\n\n\n\n<p><\/p>\n\n\n\n<p><strong>Informe Anual<\/strong><br>Cuentas anuales individuales y consolidadas, junto con el informe del auditor. <\/p>\n\n\n\n<div class=\"wp-block-file\"><a id=\"wp-block-file--media-40463972-97c0-4c5f-8ca7-cd5d1c988ca8\" href=\"https:\/\/adz.adolfodominguez.com\/wp-content\/uploads\/2022\/04\/03.-Cuentas_Anuales_2021_sin_EINF-1.pdf\">Acceso al Documento<\/a><a href=\"https:\/\/adz.adolfodominguez.com\/wp-content\/uploads\/2022\/04\/03.-Cuentas_Anuales_2021_sin_EINF-1.pdf\" class=\"wp-block-file__button wp-element-button\" download aria-describedby=\"wp-block-file--media-40463972-97c0-4c5f-8ca7-cd5d1c988ca8\">Descarga<\/a><\/div>\n\n\n\n<p><strong>Informaci\u00f3n no Financiera<\/strong><\/p>\n\n\n\n<p>Estado de informaci\u00f3n no financiera correspondiente al ejercicio finalizado el 28 de febrero de 2022, junto con el informe del prestador de servicios independiente. <\/p>\n\n\n\n<div class=\"wp-block-file\"><a id=\"wp-block-file--media-c0a3c4fc-d98e-47b3-8d9b-282d2b609bfa\" href=\"https:\/\/adz.adolfodominguez.com\/wp-content\/uploads\/2022\/04\/04.EINF_2021-1.pdf\">Acceso al Documento<\/a><a href=\"https:\/\/adz.adolfodominguez.com\/wp-content\/uploads\/2022\/04\/04.EINF_2021-1.pdf\" class=\"wp-block-file__button wp-element-button\" download aria-describedby=\"wp-block-file--media-c0a3c4fc-d98e-47b3-8d9b-282d2b609bfa\">Descarga<\/a><\/div>\n\n\n\n<p class=\"has-text-align-center\" style=\"text-transform:uppercase\"><strong>2020<\/strong><\/p>\n\n\n\n<p><strong>Informe Anual<\/strong><br>Cuentas anuales de la sociedad individual y cuentas anuales consolidadas<\/p>\n\n\n\n<p><a href=\"https:\/\/adolfodominguezsl-my.sharepoint.com\/:b:\/g\/personal\/diego_gonzalez_adolfodominguez_com\/Ec-ALtuyMuBNnz83fotVZKUBln5pNCcA0lyBDHy1nwlliA?e=nQ3qGd\"><strong><u>Acceso al Documento<\/u><\/strong><\/a><\/p>\n\n\n\n<p><strong>Informaci\u00f3n no Financiera <\/strong><\/p>\n\n\n\n<div class=\"wp-block-file\"><a id=\"wp-block-file--media-044bdc5f-86c6-45a2-8627-458e8ecc2ca0\" href=\"https:\/\/adz.adolfodominguez.com\/wp-content\/uploads\/2022\/01\/210505125710_AD_ESTADO-DE-INFORMACION-NO-FINANCIERA-2020.pdf\">Acceso al Documento<\/a><a href=\"https:\/\/adz.adolfodominguez.com\/wp-content\/uploads\/2022\/01\/210505125710_AD_ESTADO-DE-INFORMACION-NO-FINANCIERA-2020.pdf\" class=\"wp-block-file__button\" download aria-describedby=\"wp-block-file--media-044bdc5f-86c6-45a2-8627-458e8ecc2ca0\">Descarga<\/a><\/div>\n\n\n\n<p class=\"has-text-align-center\"><strong>2019<\/strong><\/p>\n\n\n\n<p><strong>Informe anual<\/strong><br>Cuentas anuales de la sociedad individual y cuentas anuales consolidadas<\/p>\n\n\n\n<p><a href=\"https:\/\/adolfodominguezsl-my.sharepoint.com\/:b:\/g\/personal\/diego_gonzalez_adolfodominguez_com\/EdV3N8MbIRVLlBMw5dfE9-QBSqd3DqBdOyYQXCr2DmXANA?e=hKsUUz\"><strong><u>Acceso al Documento<\/u><\/strong><\/a><\/p>\n\n\n\n<p class=\"has-text-align-center\"><strong>2018<\/strong><\/p>\n\n\n\n<p><strong>Informe anual<\/strong><br>Cuentas anuales de la sociedad individual y cuentas anuales consolidadas<\/p>\n\n\n\n<p><a href=\"https:\/\/adolfodominguezsl-my.sharepoint.com\/:b:\/g\/personal\/sabela_dominguez_adolfodominguez_com\/Edj9DmVuZz5Kq0GQGfsnBIEBOQG8b6bLk8xKnQFOZzxeIw?e=5TJq49\"><strong><u>Acceso al Documento<\/u><\/strong><\/a><\/p>\n\n\n\n<p class=\"has-text-align-center\"><strong>2017<\/strong><\/p>\n\n\n\n<p><strong>Informe anual<\/strong><br>Cuentas anuales de la sociedad individual y cuentas anuales consolidadas<\/p>\n\n\n\n<div class=\"wp-block-file\"><a id=\"wp-block-file--media-a186618f-a341-4934-9235-93c0c0ecfcec\" href=\"https:\/\/adz.adolfodominguez.com\/wp-content\/uploads\/2022\/01\/180615100313_Cuentas-Anuales-Individuales-y-Consolidadas-Ejercicio-2017.pdf\">Acceso al Documento<\/a><a href=\"https:\/\/adz.adolfodominguez.com\/wp-content\/uploads\/2022\/01\/180615100313_Cuentas-Anuales-Individuales-y-Consolidadas-Ejercicio-2017.pdf\" class=\"wp-block-file__button\" download aria-describedby=\"wp-block-file--media-a186618f-a341-4934-9235-93c0c0ecfcec\">Descarga<\/a><\/div>\n\n\n\n<p class=\"has-text-align-center\"><strong>2016<\/strong><\/p>\n\n\n\n<p><strong>Informe anual<\/strong><br>Cuentas anuales de la sociedad individual y cuentas anuales consolidadas<\/p>\n\n\n\n<div class=\"wp-block-file\"><a id=\"wp-block-file--media-05a4f8ae-09be-4f50-be55-c902593d0776\" href=\"https:\/\/adz.adolfodominguez.com\/wp-content\/uploads\/2022\/01\/170711113102_Adolfo-Dominguez-Informe-Anual-2016-LR.pdf\">Acceso al Documento<\/a><a href=\"https:\/\/adz.adolfodominguez.com\/wp-content\/uploads\/2022\/01\/170711113102_Adolfo-Dominguez-Informe-Anual-2016-LR.pdf\" class=\"wp-block-file__button\" download aria-describedby=\"wp-block-file--media-05a4f8ae-09be-4f50-be55-c902593d0776\">Descarga<\/a><\/div>\n\n\n\n<p class=\"has-text-align-center\"><strong>2015<\/strong><\/p>\n\n\n\n<p><strong>Informe anual<\/strong><br>Cuentas anuales de la sociedad individual y cuentas anuales consolidadas<\/p>\n\n\n\n<div class=\"wp-block-file\"><a id=\"wp-block-file--media-e4ca4764-8078-40f8-8180-96110a2d37a5\" href=\"https:\/\/adz.adolfodominguez.com\/wp-content\/uploads\/2022\/01\/160825160638_MemoriaAnual2015.pdf\">Acceso al Documento<\/a><a href=\"https:\/\/adz.adolfodominguez.com\/wp-content\/uploads\/2022\/01\/160825160638_MemoriaAnual2015.pdf\" class=\"wp-block-file__button\" download aria-describedby=\"wp-block-file--media-e4ca4764-8078-40f8-8180-96110a2d37a5\">Descarga<\/a><\/div>\n\n\n\n<p class=\"has-text-align-center\"><strong>2014<\/strong><\/p>\n\n\n\n<p><strong>Informe anual<\/strong><br>Cuentas anuales de la sociedad individual y cuentas anuales consolidadas<\/p>\n\n\n\n<div class=\"wp-block-file\"><a id=\"wp-block-file--media-366332df-b867-49a7-97b7-c9bd34b2d200\" href=\"https:\/\/adz.adolfodominguez.com\/wp-content\/uploads\/2022\/01\/150904163933_Adolfo-Dominguez-Informe-Anual-2014-LR.pdf\">Acceso al Documento<\/a><a href=\"https:\/\/adz.adolfodominguez.com\/wp-content\/uploads\/2022\/01\/150904163933_Adolfo-Dominguez-Informe-Anual-2014-LR.pdf\" class=\"wp-block-file__button\" download aria-describedby=\"wp-block-file--media-366332df-b867-49a7-97b7-c9bd34b2d200\">Descarga<\/a><\/div>\n\n\n\n<p class=\"has-text-align-center\"><strong>2013<\/strong><\/p>\n\n\n\n<p><strong>Informe anual<\/strong><br>Cuentas anuales de la sociedad individual y cuentas anuales consolidadas<\/p>\n\n\n\n<div class=\"wp-block-file\"><a id=\"wp-block-file--media-b20b6ee5-8c35-4880-bbe3-bd9233debfa1\" href=\"https:\/\/adz.adolfodominguez.com\/wp-content\/uploads\/2022\/01\/140606131842_AD-CCAA-consolidadas-2013-14.pdf\">Acceso al Documento<\/a><a href=\"https:\/\/adz.adolfodominguez.com\/wp-content\/uploads\/2022\/01\/140606131842_AD-CCAA-consolidadas-2013-14.pdf\" class=\"wp-block-file__button\" download aria-describedby=\"wp-block-file--media-b20b6ee5-8c35-4880-bbe3-bd9233debfa1\">Descarga<\/a><\/div>\n\n\n\n<p class=\"has-text-align-center\"><strong>2012<\/strong><\/p>\n\n\n\n<p><strong>Informe anual<\/strong><br>Cuentas anuales de la sociedad individual y cuentas anuales consolidadas<\/p>\n\n\n\n<div class=\"wp-block-file\"><a id=\"wp-block-file--media-bd3c0b37-ea3a-4629-ad41-f858b013dff7\" href=\"https:\/\/adz.adolfodominguez.com\/wp-content\/uploads\/2022\/01\/130607163129_20130228-CC.AA_.-y-Memoria-consolidada-Adolfo-Domi\u0301nguez.pdf\">Acceso al Documento<\/a><a href=\"https:\/\/adz.adolfodominguez.com\/wp-content\/uploads\/2022\/01\/130607163129_20130228-CC.AA_.-y-Memoria-consolidada-Adolfo-Domi\u0301nguez.pdf\" class=\"wp-block-file__button\" download aria-describedby=\"wp-block-file--media-bd3c0b37-ea3a-4629-ad41-f858b013dff7\">Descarga<\/a><\/div>\n\n\n\n<p><\/p>\n","protected":false},"excerpt":{"rendered":"<p>2024 Informe Anual (formato FEUE) Informaci\u00f3n Oficial remitida a la CNMV en Formato Electr\u00f3nico \u00danico Europeo. (Comunicaci\u00f3n a CNMV del 8 de mayo de 2025. N\u00famero de registro 34.614) Link CNMV Informe Integrado Cuentas anuales individuales y consolidadas, junto con el informe del auditor Informe de Gesti\u00f3n Presentaci\u00f3n de resultados Estado de Informaci\u00f3n No Financiera Libro de Analistas 2023 Informe Anual (formato FEUE) Informaci\u00f3n Oficial remitida a la CNMV en Formato Electr\u00f3nico \u00danico Europeo. (Comunicaci\u00f3n a CNMV del 26 de abril de 2024. N\u00famero de registro 20.267) Link CNMV Informe AnualCuentas anuales individuales y consolidadas, junto con el informe del auditor. Consolidadas Individuales Informe de resultados Presentaci\u00f3n del Webcast Video Webcast Link acceso Estado de Informaci\u00f3n No Financiera Libro de accionista (Excel) 2022 Informe Anual (formato FEUE)Informaci\u00f3n Oficial remitida a la CNMV en Formato Electr\u00f3nico \u00danico Europeo.(Comunicaci\u00f3n a CNMV del 27 de abril de 2023. N\u00famero de registro 19.965)Link CNMV Informe AnualCuentas anuales individuales y consolidadas, junto con el informe del auditor. Informaci\u00f3n no Financiera Estado de informaci\u00f3n no financiera correspondiente al ejercicio finalizado el 28 de febrero de 2023, junto con el informe del prestador de servicios independiente. 2021 Informe Anual (formato FEUE)Informaci\u00f3n Oficial remitida a la CNMV en Formato Electr\u00f3nico \u00danico Europeo. (Comunicaci\u00f3n a CNMV del 27 de abril de 2022. N\u00famero de registro 19.394)Link CNMV Informe AnualCuentas anuales individuales y consolidadas, junto con el informe del auditor. Informaci\u00f3n no Financiera Estado de informaci\u00f3n no financiera correspondiente al ejercicio finalizado el 28 de febrero de 2022, junto con el informe del prestador de servicios independiente. 2020 Informe AnualCuentas anuales de la sociedad individual y cuentas anuales consolidadas Acceso al Documento Informaci\u00f3n no Financiera 2019 Informe anualCuentas anuales de la sociedad individual y cuentas anuales consolidadas Acceso al Documento 2018 Informe anualCuentas anuales de la sociedad individual y cuentas anuales consolidadas Acceso al Documento 2017 Informe anualCuentas anuales de la sociedad individual y cuentas anuales consolidadas 2016 Informe anualCuentas anuales de la sociedad individual y cuentas anuales consolidadas 2015 Informe anualCuentas anuales de la sociedad individual y cuentas anuales consolidadas 2014 Informe anualCuentas anuales de la sociedad individual y cuentas anuales consolidadas 2013 Informe anualCuentas anuales de la sociedad individual y cuentas anuales consolidadas 2012 Informe anualCuentas anuales de la sociedad individual y cuentas anuales consolidadas<\/p>\n","protected":false},"author":1,"featured_media":0,"parent":0,"menu_order":0,"comment_status":"closed","ping_status":"closed","template":"","meta":{"footnotes":""},"class_list":["post-128","page","type-page","status-publish","hentry"],"_links":{"self":[{"href":"https:\/\/adz.adolfodominguez.com\/index.php\/wp-json\/wp\/v2\/pages\/128","targetHints":{"allow":["GET"]}}],"collection":[{"href":"https:\/\/adz.adolfodominguez.com\/index.php\/wp-json\/wp\/v2\/pages"}],"about":[{"href":"https:\/\/adz.adolfodominguez.com\/index.php\/wp-json\/wp\/v2\/types\/page"}],"author":[{"embeddable":true,"href":"https:\/\/adz.adolfodominguez.com\/index.php\/wp-json\/wp\/v2\/users\/1"}],"replies":[{"embeddable":true,"href":"https:\/\/adz.adolfodominguez.com\/index.php\/wp-json\/wp\/v2\/comments?post=128"}],"version-history":[{"count":37,"href":"https:\/\/adz.adolfodominguez.com\/index.php\/wp-json\/wp\/v2\/pages\/128\/revisions"}],"predecessor-version":[{"id":1582,"href":"https:\/\/adz.adolfodominguez.com\/index.php\/wp-json\/wp\/v2\/pages\/128\/revisions\/1582"}],"wp:attachment":[{"href":"https:\/\/adz.adolfodominguez.com\/index.php\/wp-json\/wp\/v2\/media?parent=128"}],"curies":[{"name":"wp","href":"https:\/\/api.w.org\/{rel}","templated":true}]}}