{"id":1337,"date":"2024-07-19T07:48:26","date_gmt":"2024-07-19T06:48:26","guid":{"rendered":"https:\/\/adz.adolfodominguez.com\/?page_id=1337"},"modified":"2025-08-01T09:41:23","modified_gmt":"2025-08-01T08:41:23","slug":"ejercicio-2024-ipp","status":"publish","type":"page","link":"https:\/\/adz.adolfodominguez.com\/index.php\/ejercicio-2024-ipp\/","title":{"rendered":"Ejercicio 2024 (IPP)"},"content":{"rendered":"\n<p><\/p>\n\n\n\n<p class=\"has-black-color has-text-color has-link-color wp-elements-a81b41f667d2e73c882d9a1e2158a036\"><strong>SEGUNDO SEMESTRE<\/strong><\/p>\n\n\n\n<ul class=\"wp-block-list\">\n<li><strong>Informaci\u00f3n Financiera intermedia<\/strong><br>La sociedad remite informaci\u00f3n sobre los resultados del segundo semestre de 2024-2025. (Comunicaci\u00f3n a CNMV del 8 de mayo de 2025. N\u00famero de registro 34612)<\/li>\n<\/ul>\n\n\n\n<div class=\"wp-block-file\"><a id=\"wp-block-file--media-0945baf6-8b22-472e-b3cb-b06da26e6a53\" href=\"https:\/\/adz.adolfodominguez.com\/wp-content\/uploads\/2025\/05\/InformeSemestral2425.pdf\">Informe Semestral<\/a><a href=\"https:\/\/adz.adolfodominguez.com\/wp-content\/uploads\/2025\/05\/InformeSemestral2425.pdf\" class=\"wp-block-file__button wp-element-button\" download aria-describedby=\"wp-block-file--media-0945baf6-8b22-472e-b3cb-b06da26e6a53\">Descarga<\/a><\/div>\n\n\n\n<div class=\"wp-block-file\"><a id=\"wp-block-file--media-2051b769-d52f-4ef8-88cb-210a744cf972\" href=\"https:\/\/adz.adolfodominguez.com\/wp-content\/uploads\/2025\/05\/Anexo2425.pdf\">Anexo Informe Semestral<\/a><a href=\"https:\/\/adz.adolfodominguez.com\/wp-content\/uploads\/2025\/05\/Anexo2425.pdf\" class=\"wp-block-file__button wp-element-button\" download aria-describedby=\"wp-block-file--media-2051b769-d52f-4ef8-88cb-210a744cf972\">Descarga<\/a><\/div>\n\n\n\n<div class=\"wp-block-file\"><a id=\"wp-block-file--media-c81b9777-ee44-4072-a64c-afd1a63171c8\" href=\"https:\/\/adz.adolfodominguez.com\/wp-content\/uploads\/2025\/05\/ADZ-R-12M24-25-LDA-SP.xlsx\">Libro de Analistas<\/a><a href=\"https:\/\/adz.adolfodominguez.com\/wp-content\/uploads\/2025\/05\/ADZ-R-12M24-25-LDA-SP.xlsx\" class=\"wp-block-file__button wp-element-button\" download aria-describedby=\"wp-block-file--media-c81b9777-ee44-4072-a64c-afd1a63171c8\">Descarga<\/a><\/div>\n\n\n\n<p>WEBCAST (v\u00eddeo completo) &#8211; <a href=\"https:\/\/adolfodominguez.zoom.us\/rec\/share\/WRHxRxsaWZPKLvd7iuSzrmZkUgPHqi8IDPRkvOa6gvpe8irmxec_p-7jYWjqHegV.u0vod9o-SBTLO-Li?startTime=1746695293000\">Ver<\/a><\/p>\n\n\n\n<div class=\"wp-block-file\"><a id=\"wp-block-file--media-22bd29f9-f588-4c50-80c6-b3771f56f6be\" href=\"https:\/\/adz.adolfodominguez.com\/wp-content\/uploads\/2025\/05\/ADZ-P-12M24-25-ES-v19.pdf\">Presentaci\u00f3n de resultados<\/a><a href=\"https:\/\/adz.adolfodominguez.com\/wp-content\/uploads\/2025\/05\/ADZ-P-12M24-25-ES-v19.pdf\" class=\"wp-block-file__button wp-element-button\" download aria-describedby=\"wp-block-file--media-22bd29f9-f588-4c50-80c6-b3771f56f6be\">Descarga<\/a><\/div>\n\n\n\n<p class=\"has-black-color has-text-color has-link-color wp-elements-408a68641d489a74c5b91e9760db9550\"><strong>TERCER TRIMESTRE<\/strong><\/p>\n\n\n\n<ul class=\"wp-block-list\">\n<li><strong>Informaci\u00f3n Financiera intermedia<\/strong><br>La sociedad remite informaci\u00f3n sobre los resultados del tercer trimestre de 2024-2025.<br>(Comunicaci\u00f3n a CNMV del 17 de enero de 2025. N\u00famero de registro 32175)<\/li>\n<\/ul>\n\n\n\n<div class=\"wp-block-file\"><a id=\"wp-block-file--media-d05556bf-e74f-4eed-8cb4-8ae113f10e35\" href=\"https:\/\/adz.adolfodominguez.com\/wp-content\/uploads\/2025\/01\/Informe-resultados-Adolfo-Dominguez-3T202425.pdf\">Tercer Trimestre 2024-2025<\/a><a href=\"https:\/\/adz.adolfodominguez.com\/wp-content\/uploads\/2025\/01\/Informe-resultados-Adolfo-Dominguez-3T202425.pdf\" class=\"wp-block-file__button wp-element-button\" download aria-describedby=\"wp-block-file--media-d05556bf-e74f-4eed-8cb4-8ae113f10e35\">Descarga<\/a><\/div>\n\n\n\n<div class=\"wp-block-file\"><a id=\"wp-block-file--media-f82f7af1-7424-4575-b996-fead999c2eb9\" href=\"https:\/\/adz.adolfodominguez.com\/wp-content\/uploads\/2025\/01\/ADZ-R-9M24-LDA-SP-1.xlsx\">Libro de Analistas<\/a><a href=\"https:\/\/adz.adolfodominguez.com\/wp-content\/uploads\/2025\/01\/ADZ-R-9M24-LDA-SP-1.xlsx\" class=\"wp-block-file__button wp-element-button\" download aria-describedby=\"wp-block-file--media-f82f7af1-7424-4575-b996-fead999c2eb9\">Descarga<\/a><\/div>\n\n\n\n<p><strong>PRIMER SEMESTRE<\/strong><\/p>\n\n\n\n<ul class=\"wp-block-list\">\n<li><strong>Informaci\u00f3n Financiera intermedia<\/strong><br>La sociedad remite informaci\u00f3n sobre los resultados del primer semestre de 2024-2025. (Comunicaci\u00f3n a CNMV del 15 de noviembre de 2024. N\u00famero de registro 31389)<\/li>\n<\/ul>\n\n\n\n<div class=\"wp-block-file\"><a id=\"wp-block-file--media-4dcdd700-1cf5-42e3-b273-0bbca77eada3\" href=\"https:\/\/adz.adolfodominguez.com\/wp-content\/uploads\/2024\/11\/Informe-gestion-Adolfo-Dominguez-1S-202425.pdf\">Primer Semestre 2024-2025<\/a><a href=\"https:\/\/adz.adolfodominguez.com\/wp-content\/uploads\/2024\/11\/Informe-gestion-Adolfo-Dominguez-1S-202425.pdf\" class=\"wp-block-file__button wp-element-button\" download aria-describedby=\"wp-block-file--media-4dcdd700-1cf5-42e3-b273-0bbca77eada3\">Descarga<\/a><\/div>\n\n\n\n<p>WEBCAST (v\u00eddeo completo) \u2013 <a href=\"https:\/\/adolfodominguez.zoom.us\/rec\/play\/z_TC0yyKaR_KBMUXzqNunc-8xp4fSt0VNf4fYa1txeR2oprUlLKvQqqZ8XH_Y3Ro8LGhMsa8_gy9yU_X.ZXm3V2HgS-ox-f2R?autoplay=true&amp;startTime=1732015465000\">Ver<\/a><\/p>\n\n\n\n<div class=\"wp-block-file\"><a id=\"wp-block-file--media-5b80a3dc-44a1-423f-8749-0668399bb387\" href=\"https:\/\/adz.adolfodominguez.com\/wp-content\/uploads\/2024\/11\/Presentacion-webcast-resultados-1S-202425.pdf\">Presentaci\u00f3n webcast<\/a><a href=\"https:\/\/adz.adolfodominguez.com\/wp-content\/uploads\/2024\/11\/Presentacion-webcast-resultados-1S-202425.pdf\" class=\"wp-block-file__button wp-element-button\" download aria-describedby=\"wp-block-file--media-5b80a3dc-44a1-423f-8749-0668399bb387\">Descarga<\/a><\/div>\n\n\n\n<div class=\"wp-block-file\"><a id=\"wp-block-file--media-e587477c-6ca6-478e-8d85-75b4cb1e0f00\" href=\"https:\/\/adz.adolfodominguez.com\/wp-content\/uploads\/2024\/11\/ADZ-R-1S2024-LDA-SP.xlsx\">Libro de Analistas<\/a><a href=\"https:\/\/adz.adolfodominguez.com\/wp-content\/uploads\/2024\/11\/ADZ-R-1S2024-LDA-SP.xlsx\" class=\"wp-block-file__button wp-element-button\" download aria-describedby=\"wp-block-file--media-e587477c-6ca6-478e-8d85-75b4cb1e0f00\">Descarga<\/a><\/div>\n\n\n\n<p><strong>PRIMER TRIMESTRE<\/strong><\/p>\n\n\n\n<ul class=\"wp-block-list\">\n<li><strong>Informaci\u00f3n Financiera intermedia<\/strong><br>La sociedad remite informaci\u00f3n sobre los resultados del primer trimestre de 2024<br>(Comunicaci\u00f3n a CNMV del 19 de julio de 2024. N\u00famero de registro 29.740)<\/li>\n<\/ul>\n\n\n\n<div class=\"wp-block-file\"><a id=\"wp-block-file--media-e5347a43-fc35-4429-ac79-f9754d710965\" href=\"https:\/\/adz.adolfodominguez.com\/wp-content\/uploads\/2024\/07\/1T-2024.pdf\">Primer Trimestre 2024<\/a><a href=\"https:\/\/adz.adolfodominguez.com\/wp-content\/uploads\/2024\/07\/1T-2024.pdf\" class=\"wp-block-file__button wp-element-button\" download aria-describedby=\"wp-block-file--media-e5347a43-fc35-4429-ac79-f9754d710965\">Descarga<\/a><\/div>\n\n\n\n<div class=\"wp-block-file\"><a id=\"wp-block-file--media-cf3688e4-eece-4605-880f-0c551270bb75\" href=\"https:\/\/adz.adolfodominguez.com\/wp-content\/uploads\/2024\/07\/Adolfo-Dominguez-1T202425-ENG.pdf\">English Version &#8211; 1T 2024<\/a><a href=\"https:\/\/adz.adolfodominguez.com\/wp-content\/uploads\/2024\/07\/Adolfo-Dominguez-1T202425-ENG.pdf\" class=\"wp-block-file__button wp-element-button\" download aria-describedby=\"wp-block-file--media-cf3688e4-eece-4605-880f-0c551270bb75\">Descarga<\/a><\/div>\n\n\n\n<div class=\"wp-block-file\"><a id=\"wp-block-file--media-5151417e-9be5-4b67-9108-8bf044d9e1aa\" href=\"https:\/\/adz.adolfodominguez.com\/wp-content\/uploads\/2024\/07\/ADZ-R-1T24-25-LDA-SP.xlsx\">Libro de Analistas<\/a><a href=\"https:\/\/adz.adolfodominguez.com\/wp-content\/uploads\/2024\/07\/ADZ-R-1T24-25-LDA-SP.xlsx\" class=\"wp-block-file__button wp-element-button\" download aria-describedby=\"wp-block-file--media-5151417e-9be5-4b67-9108-8bf044d9e1aa\">Descarga<\/a><\/div>\n\n\n\n<div class=\"wp-block-file\"><a id=\"wp-block-file--media-2f035930-4e91-4080-981d-5ed98d85b300\" href=\"https:\/\/adz.adolfodominguez.com\/wp-content\/uploads\/2024\/07\/ADZ-R-1T24-25-LDA-EN.xlsx\">Libro de Analistas &#8211; English Version<\/a><a href=\"https:\/\/adz.adolfodominguez.com\/wp-content\/uploads\/2024\/07\/ADZ-R-1T24-25-LDA-EN.xlsx\" class=\"wp-block-file__button wp-element-button\" download aria-describedby=\"wp-block-file--media-2f035930-4e91-4080-981d-5ed98d85b300\">Descarga<\/a><\/div>\n","protected":false},"excerpt":{"rendered":"<p>SEGUNDO SEMESTRE WEBCAST (v\u00eddeo completo) &#8211; Ver TERCER TRIMESTRE PRIMER SEMESTRE WEBCAST (v\u00eddeo completo) \u2013 Ver PRIMER TRIMESTRE<\/p>\n","protected":false},"author":1,"featured_media":0,"parent":0,"menu_order":0,"comment_status":"closed","ping_status":"closed","template":"","meta":{"footnotes":""},"class_list":["post-1337","page","type-page","status-publish","hentry"],"_links":{"self":[{"href":"https:\/\/adz.adolfodominguez.com\/index.php\/wp-json\/wp\/v2\/pages\/1337","targetHints":{"allow":["GET"]}}],"collection":[{"href":"https:\/\/adz.adolfodominguez.com\/index.php\/wp-json\/wp\/v2\/pages"}],"about":[{"href":"https:\/\/adz.adolfodominguez.com\/index.php\/wp-json\/wp\/v2\/types\/page"}],"author":[{"embeddable":true,"href":"https:\/\/adz.adolfodominguez.com\/index.php\/wp-json\/wp\/v2\/users\/1"}],"replies":[{"embeddable":true,"href":"https:\/\/adz.adolfodominguez.com\/index.php\/wp-json\/wp\/v2\/comments?post=1337"}],"version-history":[{"count":20,"href":"https:\/\/adz.adolfodominguez.com\/index.php\/wp-json\/wp\/v2\/pages\/1337\/revisions"}],"predecessor-version":[{"id":1684,"href":"https:\/\/adz.adolfodominguez.com\/index.php\/wp-json\/wp\/v2\/pages\/1337\/revisions\/1684"}],"wp:attachment":[{"href":"https:\/\/adz.adolfodominguez.com\/index.php\/wp-json\/wp\/v2\/media?parent=1337"}],"curies":[{"name":"wp","href":"https:\/\/api.w.org\/{rel}","templated":true}]}}