{"id":1422,"date":"2024-11-20T15:02:43","date_gmt":"2024-11-20T14:02:43","guid":{"rendered":"https:\/\/adz.adolfodominguez.com\/?page_id=1422"},"modified":"2025-03-10T14:13:54","modified_gmt":"2025-03-10T13:13:54","slug":"privacidad","status":"publish","type":"page","link":"https:\/\/adz.adolfodominguez.com\/index.php\/privacidad\/","title":{"rendered":"Privacidad"},"content":{"rendered":"\n<div style=\"height:50px\" aria-hidden=\"true\" class=\"wp-block-spacer\"><\/div>\n\n\n\n<hr class=\"wp-block-separator has-alpha-channel-opacity\"\/>\n\n\n\n<div class=\"wp-block-media-text has-media-on-the-right is-stacked-on-mobile\"><div class=\"wp-block-media-text__content\">\n<p>Seleccione la informaci\u00f3n en los apartados que se muestran en el men\u00fa.<\/p>\n<\/div><figure class=\"wp-block-media-text__media\"><img loading=\"lazy\" decoding=\"async\" width=\"1024\" height=\"576\" src=\"https:\/\/adz.adolfodominguez.com\/wp-content\/uploads\/2022\/03\/2022_03_07_FONDO_WEB_ACCIONISTAS_2-1024x576.jpg\" alt=\"\" class=\"wp-image-734 size-full\" srcset=\"https:\/\/adz.adolfodominguez.com\/wp-content\/uploads\/2022\/03\/2022_03_07_FONDO_WEB_ACCIONISTAS_2-1024x576.jpg 1024w, https:\/\/adz.adolfodominguez.com\/wp-content\/uploads\/2022\/03\/2022_03_07_FONDO_WEB_ACCIONISTAS_2-300x169.jpg 300w, https:\/\/adz.adolfodominguez.com\/wp-content\/uploads\/2022\/03\/2022_03_07_FONDO_WEB_ACCIONISTAS_2-768x432.jpg 768w, https:\/\/adz.adolfodominguez.com\/wp-content\/uploads\/2022\/03\/2022_03_07_FONDO_WEB_ACCIONISTAS_2-1536x864.jpg 1536w, https:\/\/adz.adolfodominguez.com\/wp-content\/uploads\/2022\/03\/2022_03_07_FONDO_WEB_ACCIONISTAS_2-1140x641.jpg 1140w, https:\/\/adz.adolfodominguez.com\/wp-content\/uploads\/2022\/03\/2022_03_07_FONDO_WEB_ACCIONISTAS_2.jpg 1920w\" sizes=\"auto, (max-width: 1024px) 100vw, 1024px\" \/><\/figure><\/div>\n\n\n\n<hr class=\"wp-block-separator has-alpha-channel-opacity\"\/>\n\n\n\n<div style=\"height:50px\" aria-hidden=\"true\" class=\"wp-block-spacer\"><\/div>\n\n\n\n<p class=\"has-text-align-center\"><a href=\"https:\/\/adz.adolfodominguez.com\/index.php\/politica-de-privacidad\/\">Pol\u00edtica de Privacidad del Canal de Informaci\u00f3n Corporativa<\/a><\/p>\n\n\n\n<p class=\"has-text-align-center\"><a href=\"https:\/\/adz.adolfodominguez.com\/index.php\/politica-de-privacidad-de-accionistas\/\">Pol\u00edtica de Privacidad de Accionistas<\/a><\/p>\n\n\n\n<p><\/p>\n","protected":false},"excerpt":{"rendered":"<p>Seleccione la informaci\u00f3n en los apartados que se muestran en el men\u00fa. Pol\u00edtica de Privacidad del Canal de Informaci\u00f3n Corporativa Pol\u00edtica de Privacidad de Accionistas<\/p>\n","protected":false},"author":1,"featured_media":0,"parent":0,"menu_order":0,"comment_status":"closed","ping_status":"closed","template":"","meta":{"footnotes":""},"class_list":["post-1422","page","type-page","status-publish","hentry"],"_links":{"self":[{"href":"https:\/\/adz.adolfodominguez.com\/index.php\/wp-json\/wp\/v2\/pages\/1422","targetHints":{"allow":["GET"]}}],"collection":[{"href":"https:\/\/adz.adolfodominguez.com\/index.php\/wp-json\/wp\/v2\/pages"}],"about":[{"href":"https:\/\/adz.adolfodominguez.com\/index.php\/wp-json\/wp\/v2\/types\/page"}],"author":[{"embeddable":true,"href":"https:\/\/adz.adolfodominguez.com\/index.php\/wp-json\/wp\/v2\/users\/1"}],"replies":[{"embeddable":true,"href":"https:\/\/adz.adolfodominguez.com\/index.php\/wp-json\/wp\/v2\/comments?post=1422"}],"version-history":[{"count":5,"href":"https:\/\/adz.adolfodominguez.com\/index.php\/wp-json\/wp\/v2\/pages\/1422\/revisions"}],"predecessor-version":[{"id":1479,"href":"https:\/\/adz.adolfodominguez.com\/index.php\/wp-json\/wp\/v2\/pages\/1422\/revisions\/1479"}],"wp:attachment":[{"href":"https:\/\/adz.adolfodominguez.com\/index.php\/wp-json\/wp\/v2\/media?parent=1422"}],"curies":[{"name":"wp","href":"https:\/\/api.w.org\/{rel}","templated":true}]}}