{"id":148,"date":"2021-12-17T11:12:33","date_gmt":"2021-12-17T11:12:33","guid":{"rendered":"http:\/\/adz.interno-ad.es\/?page_id=148"},"modified":"2022-03-18T12:13:55","modified_gmt":"2022-03-18T12:13:55","slug":"ejercicio-2020-ipp","status":"publish","type":"page","link":"https:\/\/adz.adolfodominguez.com\/index.php\/ejercicio-2020-ipp\/","title":{"rendered":"Ejercicio 2020 (IPP)"},"content":{"rendered":"\n<p><\/p>\n\n\n\n<p><strong>Informaci\u00f3n financiera intermedia<\/strong><br>La sociedad remite informaci\u00f3n sobre los resultados del primer trimestre de 2020<br>(Comunicaci\u00f3n a CNMV del 16 de septiembre de 2020. N\u00famero de registro 4.440)<\/p>\n\n\n\n<p><a href=\"https:\/\/adolfodominguezsl-my.sharepoint.com\/:b:\/g\/personal\/diego_gonzalez_adolfodominguez_com\/ES3e3QfOh3NEmmoyjp2O7NoBnAcTV97deQoxOeT1O72V6g?e=72ETgV\"><strong><u>Acceso al Documento<\/u><\/strong><\/a><\/p>\n\n\n\n<p><strong>Informaci\u00f3n financiera intermedia<\/strong><br>La sociedad remite informaci\u00f3n sobre los resultados del primer semestre de 2020<br>(Comunicaci\u00f3n a CNMV del 25 de noviembre de 2020. N\u00famero de registro 5.864)<\/p>\n\n\n\n<p><a href=\"https:\/\/adolfodominguezsl-my.sharepoint.com\/:b:\/g\/personal\/diego_gonzalez_adolfodominguez_com\/EaM_00KBSEtBrEArkH75TWkBAQNz7A9kjXPPuNHRH1DjBg?e=awYHrQ\"><strong><u>Acceso al Documento<\/u><\/strong><\/a><\/p>\n\n\n\n<p><strong>Informaci\u00f3n financiera intermedia<\/strong><br>La sociedad remite informaci\u00f3n sobre los resultados del tercer trimestre de 2020<br>(Comunicaci\u00f3n a CNMV del 15 de enero de 2021. N\u00famero de registro 6.655)<\/p>\n\n\n\n<p><a href=\"https:\/\/adolfodominguezsl-my.sharepoint.com\/:b:\/g\/personal\/diego_gonzalez_adolfodominguez_com\/EcLiaYd52iJKhsBV9WDIXZwBwTr97Xb6qBzwbSJjX88W7g?e=XtMDrN\"><strong><u>Acceso al Documento<\/u><\/strong><\/a><\/p>\n\n\n\n<p><strong>Informaci\u00f3n financiera intermedia<\/strong><br>La sociedad remite informaci\u00f3n sobre los resultados del segundo semestre de 2020<br>(Comunicaci\u00f3n a CNMV del 28 de abril de 2021. N\u00famero de registro 8.903)<\/p>\n\n\n\n<p><a href=\"https:\/\/adolfodominguezsl-my.sharepoint.com\/:b:\/g\/personal\/diego_gonzalez_adolfodominguez_com\/Ec_Z5Nm2MntOp3y29671NhIBa4SDsUm493A8d1DMYYhPFg?e=AdcA8l\"><strong><u>Acceso al Documento<\/u><\/strong><\/a><\/p>\n","protected":false},"excerpt":{"rendered":"<p>Informaci\u00f3n financiera intermediaLa sociedad remite informaci\u00f3n sobre los resultados del primer trimestre de 2020(Comunicaci\u00f3n a CNMV del 16 de septiembre de 2020. N\u00famero de registro 4.440) Acceso al Documento Informaci\u00f3n financiera intermediaLa sociedad remite informaci\u00f3n sobre los resultados del primer semestre de 2020(Comunicaci\u00f3n a CNMV del 25 de noviembre de 2020. N\u00famero de registro 5.864) Acceso al Documento Informaci\u00f3n financiera intermediaLa sociedad remite informaci\u00f3n sobre los resultados del tercer trimestre de 2020(Comunicaci\u00f3n a CNMV del 15 de enero de 2021. N\u00famero de registro 6.655) Acceso al Documento Informaci\u00f3n financiera intermediaLa sociedad remite informaci\u00f3n sobre los resultados del segundo semestre de 2020(Comunicaci\u00f3n a CNMV del 28 de abril de 2021. N\u00famero de registro 8.903) Acceso al Documento<\/p>\n","protected":false},"author":1,"featured_media":0,"parent":0,"menu_order":0,"comment_status":"closed","ping_status":"closed","template":"","meta":{"footnotes":""},"class_list":["post-148","page","type-page","status-publish","hentry"],"_links":{"self":[{"href":"https:\/\/adz.adolfodominguez.com\/index.php\/wp-json\/wp\/v2\/pages\/148","targetHints":{"allow":["GET"]}}],"collection":[{"href":"https:\/\/adz.adolfodominguez.com\/index.php\/wp-json\/wp\/v2\/pages"}],"about":[{"href":"https:\/\/adz.adolfodominguez.com\/index.php\/wp-json\/wp\/v2\/types\/page"}],"author":[{"embeddable":true,"href":"https:\/\/adz.adolfodominguez.com\/index.php\/wp-json\/wp\/v2\/users\/1"}],"replies":[{"embeddable":true,"href":"https:\/\/adz.adolfodominguez.com\/index.php\/wp-json\/wp\/v2\/comments?post=148"}],"version-history":[{"count":3,"href":"https:\/\/adz.adolfodominguez.com\/index.php\/wp-json\/wp\/v2\/pages\/148\/revisions"}],"predecessor-version":[{"id":830,"href":"https:\/\/adz.adolfodominguez.com\/index.php\/wp-json\/wp\/v2\/pages\/148\/revisions\/830"}],"wp:attachment":[{"href":"https:\/\/adz.adolfodominguez.com\/index.php\/wp-json\/wp\/v2\/media?parent=148"}],"curies":[{"name":"wp","href":"https:\/\/api.w.org\/{rel}","templated":true}]}}