{"id":1610,"date":"2025-06-18T07:32:44","date_gmt":"2025-06-18T06:32:44","guid":{"rendered":"https:\/\/adz.adolfodominguez.com\/?page_id=1610"},"modified":"2026-04-20T11:18:51","modified_gmt":"2026-04-20T10:18:51","slug":"documentacion-junta-general-2025","status":"publish","type":"page","link":"https:\/\/adz.adolfodominguez.com\/index.php\/documentacion-junta-general-2025\/","title":{"rendered":"Documentaci\u00f3n Junta General 2025"},"content":{"rendered":"\n<p><\/p>\n\n\n\n<p>Anuncio de convocatoria de la Junta General Ordinaria<\/p>\n\n\n\n<div class=\"wp-block-file\"><a id=\"wp-block-file--media-32668c33-d17a-4c1a-a8ab-2a3e9636cb31\" href=\"https:\/\/adz.adolfodominguez.com\/wp-content\/uploads\/2025\/06\/2.-ADSA_-JGO-2025_Anuncio-convocatoria-5.pdf\">Acceso al Documento<\/a><a href=\"https:\/\/adz.adolfodominguez.com\/wp-content\/uploads\/2025\/06\/2.-ADSA_-JGO-2025_Anuncio-convocatoria-5.pdf\" class=\"wp-block-file__button wp-element-button\" download aria-describedby=\"wp-block-file--media-32668c33-d17a-4c1a-a8ab-2a3e9636cb31\">Descarga<\/a><\/div>\n\n\n\n<div class=\"wp-block-file\"><a id=\"wp-block-file--media-08a9540f-c1e5-4954-a22b-edc6ee8d26d5\" href=\"https:\/\/adz.adolfodominguez.com\/wp-content\/uploads\/2025\/06\/2.-ADSA_-JGO-2025_Anuncio-convocatoria-INGLES.pdf\">File access<\/a><a href=\"https:\/\/adz.adolfodominguez.com\/wp-content\/uploads\/2025\/06\/2.-ADSA_-JGO-2025_Anuncio-convocatoria-INGLES.pdf\" class=\"wp-block-file__button wp-element-button\" download aria-describedby=\"wp-block-file--media-08a9540f-c1e5-4954-a22b-edc6ee8d26d5\">Descarga<\/a><\/div>\n\n\n\n<p>Propuestas de acuerdo del Consejo de Administraci\u00f3n a la Junta General<\/p>\n\n\n\n<div class=\"wp-block-file\"><a id=\"wp-block-file--media-30e88464-c54a-4bf3-bfff-c192b870cb56\" href=\"https:\/\/adz.adolfodominguez.com\/wp-content\/uploads\/2025\/06\/3.-ADSA_-JGO-2025_Propuestas-acuerdo.pdf\">Acceso al Documento<\/a><a href=\"https:\/\/adz.adolfodominguez.com\/wp-content\/uploads\/2025\/06\/3.-ADSA_-JGO-2025_Propuestas-acuerdo.pdf\" class=\"wp-block-file__button wp-element-button\" download aria-describedby=\"wp-block-file--media-30e88464-c54a-4bf3-bfff-c192b870cb56\">Descarga<\/a><\/div>\n\n\n\n<div class=\"wp-block-file\"><a id=\"wp-block-file--media-58611b84-aed1-4c67-8877-643322e9195f\" href=\"https:\/\/adz.adolfodominguez.com\/wp-content\/uploads\/2025\/06\/3.-ADSA_-JGO-2025_Propuestas-acuerdo-INGLES.pdf\">File access<\/a><a href=\"https:\/\/adz.adolfodominguez.com\/wp-content\/uploads\/2025\/06\/3.-ADSA_-JGO-2025_Propuestas-acuerdo-INGLES.pdf\" class=\"wp-block-file__button wp-element-button\" download aria-describedby=\"wp-block-file--media-58611b84-aed1-4c67-8877-643322e9195f\">Descarga<\/a><\/div>\n\n\n\n<p>Informe Anual (formato FEUE): Informaci\u00f3n Oficial remitida a la CNMV en Formato Electr\u00f3nico \u00danico Europeo. (Comunicaci\u00f3n a CNMV del 8 de mayo de 2025. N\u00famero de registro 20.833)<\/p>\n\n\n\n<p><a href=\"https:\/\/www.cnmv.es\/portal\/Consultas\/IFA\/ListadoIFA?id=0&amp;nif=A-32104226\">Link CNMV &#8211; Adolfo Dominguez<\/a><\/p>\n\n\n\n<p>Cuentas Anuales individuales y consolidadas, junto con el informe del auditor<\/p>\n\n\n\n<div class=\"wp-block-file\"><a id=\"wp-block-file--media-9d113191-dfb9-4a0c-a5ca-0bf16eb55936\" href=\"https:\/\/adz.adolfodominguez.com\/wp-content\/uploads\/2025\/06\/01.-ADSA_CCAA-Individual_28.02.2025.pdf\">Acceso al archivo Individuales<\/a><a href=\"https:\/\/adz.adolfodominguez.com\/wp-content\/uploads\/2025\/06\/01.-ADSA_CCAA-Individual_28.02.2025.pdf\" class=\"wp-block-file__button wp-element-button\" download aria-describedby=\"wp-block-file--media-9d113191-dfb9-4a0c-a5ca-0bf16eb55936\">Descarga<\/a><\/div>\n\n\n\n<div class=\"wp-block-file\"><a id=\"wp-block-file--media-f9a8fb51-9463-401d-a727-b4c1943b2508\" href=\"https:\/\/adz.adolfodominguez.com\/wp-content\/uploads\/2025\/06\/02.-ADSA_CCAA-Consolidadas_28.02.2025.pdf\">Acceso al archivo Consolidadas<\/a><a href=\"https:\/\/adz.adolfodominguez.com\/wp-content\/uploads\/2025\/06\/02.-ADSA_CCAA-Consolidadas_28.02.2025.pdf\" class=\"wp-block-file__button wp-element-button\" download aria-describedby=\"wp-block-file--media-f9a8fb51-9463-401d-a727-b4c1943b2508\">Descarga<\/a><\/div>\n\n\n\n<p>Estado de informaci\u00f3n no financiera correspondiente al ejercicio finalizado el 28 de febrero de 2025, junto con el informe de verificaci\u00f3n independiente<\/p>\n\n\n\n<div class=\"wp-block-file\"><a id=\"wp-block-file--media-cd4ca0fb-ed04-4413-94a3-c160aa4b27d8\" href=\"https:\/\/adz.adolfodominguez.com\/wp-content\/uploads\/2025\/06\/03_-Estado-de-Informacion-no-financiera_-2024.pdf\">Acceso al Archivo<\/a><a href=\"https:\/\/adz.adolfodominguez.com\/wp-content\/uploads\/2025\/06\/03_-Estado-de-Informacion-no-financiera_-2024.pdf\" class=\"wp-block-file__button wp-element-button\" download aria-describedby=\"wp-block-file--media-cd4ca0fb-ed04-4413-94a3-c160aa4b27d8\">Descarga<\/a><\/div>\n\n\n\n<p>Informe Anual sobre las Remuneraciones de los consejeros del ejercicio finalizado el 28 de febrero de 2025<\/p>\n\n\n\n<div class=\"wp-block-file\"><a id=\"wp-block-file--media-b719c720-1a10-4a24-8abe-ce32c82f1537\" href=\"https:\/\/adz.adolfodominguez.com\/wp-content\/uploads\/2025\/06\/IARC.pdf\">Acceso al Archivo<\/a><a href=\"https:\/\/adz.adolfodominguez.com\/wp-content\/uploads\/2025\/06\/IARC.pdf\" class=\"wp-block-file__button wp-element-button\" download aria-describedby=\"wp-block-file--media-b719c720-1a10-4a24-8abe-ce32c82f1537\">Descarga<\/a><\/div>\n\n\n\n<p>Informe Anual de Gobierno Corporativo del ejercicio finalizado el 28 de febrero de 2025<\/p>\n\n\n\n<div class=\"wp-block-file\"><a id=\"wp-block-file--media-e6be8040-e1e6-4bd1-b008-5aaa20341114\" href=\"https:\/\/adz.adolfodominguez.com\/wp-content\/uploads\/2025\/06\/IAGC.pdf\">Acceso al Archivo<\/a><a href=\"https:\/\/adz.adolfodominguez.com\/wp-content\/uploads\/2025\/06\/IAGC.pdf\" class=\"wp-block-file__button wp-element-button\" download aria-describedby=\"wp-block-file--media-e6be8040-e1e6-4bd1-b008-5aaa20341114\">Descarga<\/a><\/div>\n\n\n\n<p>Informe anual de la Comisi\u00f3n de Auditor\u00eda correspondiente al ejercicio finalizado el 28 de febrero de 2025<\/p>\n\n\n\n<div class=\"wp-block-file\"><a id=\"wp-block-file--media-a5c6931e-d32f-480d-9f72-5ca4a745f66d\" href=\"https:\/\/adz.adolfodominguez.com\/wp-content\/uploads\/2025\/06\/Informe-de-Actividades-CA-2024.pdf\">Acceso al Archivo<\/a><a href=\"https:\/\/adz.adolfodominguez.com\/wp-content\/uploads\/2025\/06\/Informe-de-Actividades-CA-2024.pdf\" class=\"wp-block-file__button wp-element-button\" download aria-describedby=\"wp-block-file--media-a5c6931e-d32f-480d-9f72-5ca4a745f66d\">Descarga<\/a><\/div>\n\n\n\n<p>Informe anual de la Comisi\u00f3n de Nombramientos y Retribuciones correspondiente al ejercicio finalizado el 28 de febrero de 2025<\/p>\n\n\n\n<div class=\"wp-block-file\"><a id=\"wp-block-file--media-2ec321ef-c295-428f-aa68-9337a72db3a1\" href=\"https:\/\/adz.adolfodominguez.com\/wp-content\/uploads\/2025\/06\/Informe-actividades-CNR-2024.pdf\">Acceso al Archivo<\/a><a href=\"https:\/\/adz.adolfodominguez.com\/wp-content\/uploads\/2025\/06\/Informe-actividades-CNR-2024.pdf\" class=\"wp-block-file__button wp-element-button\" download aria-describedby=\"wp-block-file--media-2ec321ef-c295-428f-aa68-9337a72db3a1\">Descarga<\/a><\/div>\n\n\n\n<p>Informe anual de la Comisi\u00f3n de Estrategia Digital correspondiente al ejercicio finalizado el 28 de febrero de 2025<\/p>\n\n\n\n<div class=\"wp-block-file\"><a id=\"wp-block-file--media-15eea51c-f707-46fe-aec1-fadfec81cf04\" href=\"https:\/\/adz.adolfodominguez.com\/wp-content\/uploads\/2025\/06\/Infome-actividades-CED-2024.pdf\">Acceso al Archivo<\/a><a href=\"https:\/\/adz.adolfodominguez.com\/wp-content\/uploads\/2025\/06\/Infome-actividades-CED-2024.pdf\" class=\"wp-block-file__button wp-element-button\" download aria-describedby=\"wp-block-file--media-15eea51c-f707-46fe-aec1-fadfec81cf04\">Descarga<\/a><\/div>\n\n\n\n<p>Informe de la Comisi\u00f3n de Auditor\u00eda sobre la independencia del auditor de cuentas<\/p>\n\n\n\n<div class=\"wp-block-file\"><a id=\"wp-block-file--media-54799c3c-58c6-40f9-9620-990cb61be0b1\" href=\"https:\/\/adz.adolfodominguez.com\/wp-content\/uploads\/2025\/06\/2025-05-07_Informe-sobre-independencia-auditores-2024.pdf\">Acceso al Archivo<\/a><a href=\"https:\/\/adz.adolfodominguez.com\/wp-content\/uploads\/2025\/06\/2025-05-07_Informe-sobre-independencia-auditores-2024.pdf\" class=\"wp-block-file__button wp-element-button\" download aria-describedby=\"wp-block-file--media-54799c3c-58c6-40f9-9620-990cb61be0b1\">Descarga<\/a><\/div>\n\n\n\n<p>Informes sobre las reelecciones de Consejeros<\/p>\n\n\n\n<div class=\"wp-block-file\"><a id=\"wp-block-file--media-ece3cd35-b760-477d-9f26-8bf9687ace40\" href=\"https:\/\/adz.adolfodominguez.com\/wp-content\/uploads\/2025\/06\/4.-ADSA_-JGO-2025_Informe-CdA-reeleccion-Presidenta-y-Consejeros-.pdf\">Acceso al Archivo CdA y CNR<\/a><a href=\"https:\/\/adz.adolfodominguez.com\/wp-content\/uploads\/2025\/06\/4.-ADSA_-JGO-2025_Informe-CdA-reeleccion-Presidenta-y-Consejeros-.pdf\" class=\"wp-block-file__button wp-element-button\" download aria-describedby=\"wp-block-file--media-ece3cd35-b760-477d-9f26-8bf9687ace40\">Descarga<\/a><\/div>\n\n\n\n<div class=\"wp-block-file\"><a id=\"wp-block-file--media-de3780a5-b0c8-4da3-8ebc-519407d19359\" href=\"https:\/\/adz.adolfodominguez.com\/wp-content\/uploads\/2025\/06\/11.-ADSA_-JGO-2025_Informacion-sobre-consejeros.pdf\">Acceso al Archivo<\/a><a href=\"https:\/\/adz.adolfodominguez.com\/wp-content\/uploads\/2025\/06\/11.-ADSA_-JGO-2025_Informacion-sobre-consejeros.pdf\" class=\"wp-block-file__button wp-element-button\" download aria-describedby=\"wp-block-file--media-de3780a5-b0c8-4da3-8ebc-519407d19359\">Descarga<\/a><\/div>\n\n\n\n<p>Pol\u00edtica de Remuneraciones de Consejeros para el per\u00edodo 2025-2028  <\/p>\n\n\n\n<div class=\"wp-block-file\"><a id=\"wp-block-file--media-8700d496-0111-40f9-a453-ddc84de47855\" href=\"https:\/\/adz.adolfodominguez.com\/wp-content\/uploads\/2025\/06\/Politica-Remuneraciones_2025-2028.pdf\">Acceso al Archivo<\/a><a href=\"https:\/\/adz.adolfodominguez.com\/wp-content\/uploads\/2025\/06\/Politica-Remuneraciones_2025-2028.pdf\" class=\"wp-block-file__button wp-element-button\" download aria-describedby=\"wp-block-file--media-8700d496-0111-40f9-a453-ddc84de47855\">Descarga<\/a><\/div>\n\n\n\n<p>Normas de funcionamiento del Foro<\/p>\n\n\n\n<div class=\"wp-block-file\"><a id=\"wp-block-file--media-be3cfeb7-6b43-477e-9429-024019e4581c\" href=\"https:\/\/adz.adolfodominguez.com\/wp-content\/uploads\/2025\/06\/9.-ADSA_-JGO-2025_Normas-de-funcionamiento-del-Foro.pdf\">Acceso al Archivo<\/a><a href=\"https:\/\/adz.adolfodominguez.com\/wp-content\/uploads\/2025\/06\/9.-ADSA_-JGO-2025_Normas-de-funcionamiento-del-Foro.pdf\" class=\"wp-block-file__button wp-element-button\" download aria-describedby=\"wp-block-file--media-be3cfeb7-6b43-477e-9429-024019e4581c\">Descarga<\/a><\/div>\n\n\n\n<p>Derecho de Informaci\u00f3n de los accionistas<\/p>\n\n\n\n<div class=\"wp-block-file\"><a id=\"wp-block-file--media-4097c964-7ee3-49de-a0d4-1fa25e488624\" href=\"https:\/\/adz.adolfodominguez.com\/wp-content\/uploads\/2025\/06\/10.-ADSA_-JGO-2025_Derecho-de-informacion.pdf\">Acceso al Archivo<\/a><a href=\"https:\/\/adz.adolfodominguez.com\/wp-content\/uploads\/2025\/06\/10.-ADSA_-JGO-2025_Derecho-de-informacion.pdf\" class=\"wp-block-file__button wp-element-button\" download aria-describedby=\"wp-block-file--media-4097c964-7ee3-49de-a0d4-1fa25e488624\">Descarga<\/a><\/div>\n\n\n\n<p>Reglas para la Delegaci\u00f3n y Voto a trav\u00e9s de medios de comunicaci\u00f3n a distancia.<\/p>\n\n\n\n<div class=\"wp-block-file\"><a id=\"wp-block-file--media-45843885-6b51-4030-a437-c47a1a182503\" href=\"https:\/\/adz.adolfodominguez.com\/wp-content\/uploads\/2025\/06\/8.-ADSA_-JGO-2025_Reglas-de-delegacion-y-voto-a-distancia.pdf\">Acceso al Archivo<\/a><a href=\"https:\/\/adz.adolfodominguez.com\/wp-content\/uploads\/2025\/06\/8.-ADSA_-JGO-2025_Reglas-de-delegacion-y-voto-a-distancia.pdf\" class=\"wp-block-file__button wp-element-button\" download aria-describedby=\"wp-block-file--media-45843885-6b51-4030-a437-c47a1a182503\">Descarga<\/a><\/div>\n\n\n\n<p>Modelo de tarjeta de asistencia, delegaci\u00f3n y voto a distancia<\/p>\n\n\n\n<div class=\"wp-block-file\"><a id=\"wp-block-file--media-47406b1d-4fea-443c-88f2-2cf6e64d8e4d\" href=\"https:\/\/adz.adolfodominguez.com\/wp-content\/uploads\/2025\/06\/6.-ADSA_-JGO-2025_-Modelo-Tarjeta-asistencia-delegacion-y-voto-a-distancia-JGA.pdf\">Acceso al Archivo<\/a><a href=\"https:\/\/adz.adolfodominguez.com\/wp-content\/uploads\/2025\/06\/6.-ADSA_-JGO-2025_-Modelo-Tarjeta-asistencia-delegacion-y-voto-a-distancia-JGA.pdf\" class=\"wp-block-file__button wp-element-button\" download aria-describedby=\"wp-block-file--media-47406b1d-4fea-443c-88f2-2cf6e64d8e4d\">Descarga<\/a><\/div>\n\n\n\n<p>Documento en el que consta el n\u00famero total de acciones y derechos de voto en la fecha de convocatoria<\/p>\n\n\n\n<div class=\"wp-block-file\"><a id=\"wp-block-file--media-c30bffd8-749f-4c62-b780-4624863637a9\" href=\"https:\/\/adz.adolfodominguez.com\/wp-content\/uploads\/2025\/06\/12.-ADSA_-JGO-2025_No-total-de-acciones-y-derechos-de-voto.pdf\">Acceso al Archivo<\/a><a href=\"https:\/\/adz.adolfodominguez.com\/wp-content\/uploads\/2025\/06\/12.-ADSA_-JGO-2025_No-total-de-acciones-y-derechos-de-voto.pdf\" class=\"wp-block-file__button wp-element-button\" download aria-describedby=\"wp-block-file--media-c30bffd8-749f-4c62-b780-4624863637a9\">Descarga<\/a><\/div>\n","protected":false},"excerpt":{"rendered":"<p>Anuncio de convocatoria de la Junta General Ordinaria Propuestas de acuerdo del Consejo de Administraci\u00f3n a la Junta General Informe Anual (formato FEUE): Informaci\u00f3n Oficial remitida a la CNMV en Formato Electr\u00f3nico \u00danico Europeo. (Comunicaci\u00f3n a CNMV del 8 de mayo de 2025. N\u00famero de registro 20.833) Link CNMV &#8211; Adolfo Dominguez Cuentas Anuales individuales y consolidadas, junto con el informe del auditor Estado de informaci\u00f3n no financiera correspondiente al ejercicio finalizado el 28 de febrero de 2025, junto con el informe de verificaci\u00f3n independiente Informe Anual sobre las Remuneraciones de los consejeros del ejercicio finalizado el 28 de febrero de 2025 Informe Anual de Gobierno Corporativo del ejercicio finalizado el 28 de febrero de 2025 Informe anual de la Comisi\u00f3n de Auditor\u00eda correspondiente al ejercicio finalizado el 28 de febrero de 2025 Informe anual de la Comisi\u00f3n de Nombramientos y Retribuciones correspondiente al ejercicio finalizado el 28 de febrero de 2025 Informe anual de la Comisi\u00f3n de Estrategia Digital correspondiente al ejercicio finalizado el 28 de febrero de 2025 Informe de la Comisi\u00f3n de Auditor\u00eda sobre la independencia del auditor de cuentas Informes sobre las reelecciones de Consejeros Pol\u00edtica de Remuneraciones de Consejeros para el per\u00edodo 2025-2028 Normas de funcionamiento del Foro Derecho de Informaci\u00f3n de los accionistas Reglas para la Delegaci\u00f3n y Voto a trav\u00e9s de medios de comunicaci\u00f3n a distancia. Modelo de tarjeta de asistencia, delegaci\u00f3n y voto a distancia Documento en el que consta el n\u00famero total de acciones y derechos de voto en la fecha de convocatoria<\/p>\n","protected":false},"author":1,"featured_media":0,"parent":0,"menu_order":0,"comment_status":"closed","ping_status":"closed","template":"","meta":{"footnotes":""},"class_list":["post-1610","page","type-page","status-publish","hentry"],"_links":{"self":[{"href":"https:\/\/adz.adolfodominguez.com\/index.php\/wp-json\/wp\/v2\/pages\/1610","targetHints":{"allow":["GET"]}}],"collection":[{"href":"https:\/\/adz.adolfodominguez.com\/index.php\/wp-json\/wp\/v2\/pages"}],"about":[{"href":"https:\/\/adz.adolfodominguez.com\/index.php\/wp-json\/wp\/v2\/types\/page"}],"author":[{"embeddable":true,"href":"https:\/\/adz.adolfodominguez.com\/index.php\/wp-json\/wp\/v2\/users\/1"}],"replies":[{"embeddable":true,"href":"https:\/\/adz.adolfodominguez.com\/index.php\/wp-json\/wp\/v2\/comments?post=1610"}],"version-history":[{"count":3,"href":"https:\/\/adz.adolfodominguez.com\/index.php\/wp-json\/wp\/v2\/pages\/1610\/revisions"}],"predecessor-version":[{"id":1761,"href":"https:\/\/adz.adolfodominguez.com\/index.php\/wp-json\/wp\/v2\/pages\/1610\/revisions\/1761"}],"wp:attachment":[{"href":"https:\/\/adz.adolfodominguez.com\/index.php\/wp-json\/wp\/v2\/media?parent=1610"}],"curies":[{"name":"wp","href":"https:\/\/api.w.org\/{rel}","templated":true}]}}