{"id":1672,"date":"2025-07-31T11:52:51","date_gmt":"2025-07-31T10:52:51","guid":{"rendered":"https:\/\/adz.adolfodominguez.com\/?page_id=1672"},"modified":"2026-01-16T14:30:46","modified_gmt":"2026-01-16T13:30:46","slug":"ejercicio-2025-ipp","status":"publish","type":"page","link":"https:\/\/adz.adolfodominguez.com\/index.php\/ejercicio-2025-ipp\/","title":{"rendered":"Ejercicio 2025 (IPP)"},"content":{"rendered":"\n<p><\/p>\n\n\n\n<p><strong>TERCER TRIMESTRE<\/strong><br>La sociedad remite informaci\u00f3n financiera del tercer trimestre de 2025-2026.<br>(Comunicaci\u00f3n a CNMV del 16 de enero de 2026. N\u00famero de registro 38531)<\/p>\n\n\n\n<div class=\"wp-block-file\"><a id=\"wp-block-file--media-5fb64696-4162-432d-a914-c4e783060490\" href=\"https:\/\/adz.adolfodominguez.com\/wp-content\/uploads\/2026\/01\/Informe-de-resultados-9M-2025.pdf\">Informe de resultados 9M 2025<\/a><a href=\"https:\/\/adz.adolfodominguez.com\/wp-content\/uploads\/2026\/01\/Informe-de-resultados-9M-2025.pdf\" class=\"wp-block-file__button wp-element-button\" download aria-describedby=\"wp-block-file--media-5fb64696-4162-432d-a914-c4e783060490\">Descarga<\/a><\/div>\n\n\n\n<div class=\"wp-block-file\"><a id=\"wp-block-file--media-9d8e7361-1956-4b98-a06e-3de97b38f31f\" href=\"https:\/\/adz.adolfodominguez.com\/wp-content\/uploads\/2026\/01\/Report-Results-9M-2025.pdf\">Results Report 9M 2025<\/a><a href=\"https:\/\/adz.adolfodominguez.com\/wp-content\/uploads\/2026\/01\/Report-Results-9M-2025.pdf\" class=\"wp-block-file__button wp-element-button\" download aria-describedby=\"wp-block-file--media-9d8e7361-1956-4b98-a06e-3de97b38f31f\">Descarga<\/a><\/div>\n\n\n\n<div class=\"wp-block-file\"><a id=\"wp-block-file--media-5e420da7-7a12-4b53-9759-3d3aa1c073b6\" href=\"https:\/\/adz.adolfodominguez.com\/wp-content\/uploads\/2026\/01\/ADZ-R-9M25-26-LDA-SP.xlsx\">Libro Analistas 9M 2025<\/a><a href=\"https:\/\/adz.adolfodominguez.com\/wp-content\/uploads\/2026\/01\/ADZ-R-9M25-26-LDA-SP.xlsx\" class=\"wp-block-file__button wp-element-button\" download aria-describedby=\"wp-block-file--media-5e420da7-7a12-4b53-9759-3d3aa1c073b6\">Descarga<\/a><\/div>\n\n\n\n<div class=\"wp-block-file\"><a id=\"wp-block-file--media-6c6614fd-9ba0-44c2-b866-da478cb29894\" href=\"https:\/\/adz.adolfodominguez.com\/wp-content\/uploads\/2026\/01\/ADZ-R-9M25-26-LDA-EN.xlsx\">Analyst Book 9M 2025<\/a><a href=\"https:\/\/adz.adolfodominguez.com\/wp-content\/uploads\/2026\/01\/ADZ-R-9M25-26-LDA-EN.xlsx\" class=\"wp-block-file__button wp-element-button\" download aria-describedby=\"wp-block-file--media-6c6614fd-9ba0-44c2-b866-da478cb29894\">Descarga<\/a><\/div>\n\n\n\n<p><strong>PRIMER SEMESTRE<\/strong><br>La sociedad remite informaci\u00f3n financiera del primer semestre de 2025 &#8211; 2026.<br>(Comunicaci\u00f3n a CNMV del 24 de noviembre de 2025. N\u00famero de registro 37831)<\/p>\n\n\n\n<div class=\"wp-block-file\"><a id=\"wp-block-file--media-6c924a8b-d669-42df-98e3-6f7812690fcf\" href=\"https:\/\/adz.adolfodominguez.com\/wp-content\/uploads\/2025\/11\/Informe-Semestral-2025.pdf\">Informe Semestral 2025<\/a><a href=\"https:\/\/adz.adolfodominguez.com\/wp-content\/uploads\/2025\/11\/Informe-Semestral-2025.pdf\" class=\"wp-block-file__button wp-element-button\" download aria-describedby=\"wp-block-file--media-6c924a8b-d669-42df-98e3-6f7812690fcf\">Descarga<\/a><\/div>\n\n\n\n<div class=\"wp-block-file\"><a id=\"wp-block-file--media-fe35285d-0283-4997-9bea-a52c14576933\" href=\"https:\/\/adz.adolfodominguez.com\/wp-content\/uploads\/2025\/11\/Primer-Semestre-2025.pdf\">Presentaci\u00f3n de resultados Primer Semestre 2025<\/a><a href=\"https:\/\/adz.adolfodominguez.com\/wp-content\/uploads\/2025\/11\/Primer-Semestre-2025.pdf\" class=\"wp-block-file__button wp-element-button\" download aria-describedby=\"wp-block-file--media-fe35285d-0283-4997-9bea-a52c14576933\">Descarga<\/a><\/div>\n\n\n\n<div class=\"wp-block-file\"><a id=\"wp-block-file--media-ec0973a8-f302-48d8-a9f0-fc8cef5968b0\" href=\"https:\/\/adz.adolfodominguez.com\/wp-content\/uploads\/2025\/11\/Results-Report-H1-2025.pdf\">Results Report H1 2025<\/a><a href=\"https:\/\/adz.adolfodominguez.com\/wp-content\/uploads\/2025\/11\/Results-Report-H1-2025.pdf\" class=\"wp-block-file__button wp-element-button\" download aria-describedby=\"wp-block-file--media-ec0973a8-f302-48d8-a9f0-fc8cef5968b0\">Descarga<\/a><\/div>\n\n\n\n<div class=\"wp-block-file\"><a id=\"wp-block-file--media-0b05f654-c107-4afe-b08e-af9023043db7\" href=\"https:\/\/adz.adolfodominguez.com\/wp-content\/uploads\/2025\/11\/Presentacion-Webcast-1S-2025.pdf\">Presentacion Webcast 1S 2025<\/a><a href=\"https:\/\/adz.adolfodominguez.com\/wp-content\/uploads\/2025\/11\/Presentacion-Webcast-1S-2025.pdf\" class=\"wp-block-file__button wp-element-button\" download aria-describedby=\"wp-block-file--media-0b05f654-c107-4afe-b08e-af9023043db7\">Descarga<\/a><\/div>\n\n\n\n<div class=\"wp-block-file\"><a id=\"wp-block-file--media-fb2aa510-1fcf-44d8-9b92-c2e9ffe52798\" href=\"https:\/\/adz.adolfodominguez.com\/wp-content\/uploads\/2025\/11\/Results-Presentation-1H-2025.pdf\">Results Presentation Webcast 1H 2025<\/a><a href=\"https:\/\/adz.adolfodominguez.com\/wp-content\/uploads\/2025\/11\/Results-Presentation-1H-2025.pdf\" class=\"wp-block-file__button wp-element-button\" download aria-describedby=\"wp-block-file--media-fb2aa510-1fcf-44d8-9b92-c2e9ffe52798\">Descarga<\/a><\/div>\n\n\n\n<div class=\"wp-block-file\"><a id=\"wp-block-file--media-8b80a1ae-a273-4803-b4c3-9417e7a50e6b\" href=\"https:\/\/adz.adolfodominguez.com\/wp-content\/uploads\/2025\/11\/Libro-Analistas-1S-2025.xlsx\">Libro Analistas 1S 2025<\/a><a href=\"https:\/\/adz.adolfodominguez.com\/wp-content\/uploads\/2025\/11\/Libro-Analistas-1S-2025.xlsx\" class=\"wp-block-file__button wp-element-button\" download aria-describedby=\"wp-block-file--media-8b80a1ae-a273-4803-b4c3-9417e7a50e6b\">Descarga<\/a><\/div>\n\n\n\n<div class=\"wp-block-file\"><a id=\"wp-block-file--media-a3482a18-9894-43cd-a8be-cee0d0806e05\" href=\"https:\/\/adz.adolfodominguez.com\/wp-content\/uploads\/2025\/11\/Analyst-Book-1H-2025.xlsx\">Analyst Book 1H 2025<\/a><a href=\"https:\/\/adz.adolfodominguez.com\/wp-content\/uploads\/2025\/11\/Analyst-Book-1H-2025.xlsx\" class=\"wp-block-file__button wp-element-button\" download aria-describedby=\"wp-block-file--media-a3482a18-9894-43cd-a8be-cee0d0806e05\">Descarga<\/a><\/div>\n\n\n\n<p><strong>PRIMER TRIMESTRE<\/strong><\/p>\n\n\n\n<p>La sociedad remite informaci\u00f3n sobre los resultados del primer trimestre de 2025.<br>(Comunicaci\u00f3n a CNMV del 31 de julio de 2025. N\u00famero de registro 36236)<\/p>\n\n\n\n<div class=\"wp-block-file\"><a id=\"wp-block-file--media-8da9309b-7929-4556-9ebc-3578f0e198a0\" href=\"https:\/\/adz.adolfodominguez.com\/wp-content\/uploads\/2025\/07\/Informe-de-resultados-1T.pdf\">Primer Trimestre 2025<\/a><a href=\"https:\/\/adz.adolfodominguez.com\/wp-content\/uploads\/2025\/07\/Informe-de-resultados-1T.pdf\" class=\"wp-block-file__button wp-element-button\" download aria-describedby=\"wp-block-file--media-8da9309b-7929-4556-9ebc-3578f0e198a0\">Descarga<\/a><\/div>\n\n\n\n<div class=\"wp-block-file\"><a id=\"wp-block-file--media-a9a17f9d-bc0c-4e36-90e6-a21777e42ec0\" href=\"https:\/\/adz.adolfodominguez.com\/wp-content\/uploads\/2025\/08\/ADZ-R-1T25-26-EN-v1.pdf\">English Version 1T 2025<\/a><a href=\"https:\/\/adz.adolfodominguez.com\/wp-content\/uploads\/2025\/08\/ADZ-R-1T25-26-EN-v1.pdf\" class=\"wp-block-file__button wp-element-button\" download aria-describedby=\"wp-block-file--media-a9a17f9d-bc0c-4e36-90e6-a21777e42ec0\">Descarga<\/a><\/div>\n\n\n\n<div class=\"wp-block-file\"><a id=\"wp-block-file--media-255443c8-5731-4e5b-a77a-9378bdb23244\" href=\"https:\/\/adz.adolfodominguez.com\/wp-content\/uploads\/2025\/08\/ADZ-R-1T25-26-LDA-ES.xlsx\">Libro Analistas 1T 2025<\/a><a href=\"https:\/\/adz.adolfodominguez.com\/wp-content\/uploads\/2025\/08\/ADZ-R-1T25-26-LDA-ES.xlsx\" class=\"wp-block-file__button wp-element-button\" download aria-describedby=\"wp-block-file--media-255443c8-5731-4e5b-a77a-9378bdb23244\">Descarga<\/a><\/div>\n\n\n\n<div class=\"wp-block-file\"><a id=\"wp-block-file--media-f44d584f-350c-4948-8c0c-5d27738e8c1e\" href=\"https:\/\/adz.adolfodominguez.com\/wp-content\/uploads\/2025\/08\/ADZ-R-1T25-26-LDA-EN-1.xlsx\">Analyst Book 1T 2025<\/a><a href=\"https:\/\/adz.adolfodominguez.com\/wp-content\/uploads\/2025\/08\/ADZ-R-1T25-26-LDA-EN-1.xlsx\" class=\"wp-block-file__button wp-element-button\" download aria-describedby=\"wp-block-file--media-f44d584f-350c-4948-8c0c-5d27738e8c1e\">Descarga<\/a><\/div>\n\n\n\n<p><\/p>\n","protected":false},"excerpt":{"rendered":"<p>TERCER TRIMESTRELa sociedad remite informaci\u00f3n financiera del tercer trimestre de 2025-2026.(Comunicaci\u00f3n a CNMV del 16 de enero de 2026. N\u00famero de registro 38531) PRIMER SEMESTRELa sociedad remite informaci\u00f3n financiera del primer semestre de 2025 &#8211; 2026.(Comunicaci\u00f3n a CNMV del 24 de noviembre de 2025. N\u00famero de registro 37831) PRIMER TRIMESTRE La sociedad remite informaci\u00f3n sobre los resultados del primer trimestre de 2025.(Comunicaci\u00f3n a CNMV del 31 de julio de 2025. N\u00famero de registro 36236)<\/p>\n","protected":false},"author":1,"featured_media":0,"parent":0,"menu_order":0,"comment_status":"closed","ping_status":"closed","template":"","meta":{"footnotes":""},"class_list":["post-1672","page","type-page","status-publish","hentry"],"_links":{"self":[{"href":"https:\/\/adz.adolfodominguez.com\/index.php\/wp-json\/wp\/v2\/pages\/1672","targetHints":{"allow":["GET"]}}],"collection":[{"href":"https:\/\/adz.adolfodominguez.com\/index.php\/wp-json\/wp\/v2\/pages"}],"about":[{"href":"https:\/\/adz.adolfodominguez.com\/index.php\/wp-json\/wp\/v2\/types\/page"}],"author":[{"embeddable":true,"href":"https:\/\/adz.adolfodominguez.com\/index.php\/wp-json\/wp\/v2\/users\/1"}],"replies":[{"embeddable":true,"href":"https:\/\/adz.adolfodominguez.com\/index.php\/wp-json\/wp\/v2\/comments?post=1672"}],"version-history":[{"count":9,"href":"https:\/\/adz.adolfodominguez.com\/index.php\/wp-json\/wp\/v2\/pages\/1672\/revisions"}],"predecessor-version":[{"id":1747,"href":"https:\/\/adz.adolfodominguez.com\/index.php\/wp-json\/wp\/v2\/pages\/1672\/revisions\/1747"}],"wp:attachment":[{"href":"https:\/\/adz.adolfodominguez.com\/index.php\/wp-json\/wp\/v2\/media?parent=1672"}],"curies":[{"name":"wp","href":"https:\/\/api.w.org\/{rel}","templated":true}]}}