{"id":1757,"date":"2026-04-20T11:18:24","date_gmt":"2026-04-20T10:18:24","guid":{"rendered":"https:\/\/adz.adolfodominguez.com\/?page_id=1757"},"modified":"2026-05-05T09:36:18","modified_gmt":"2026-05-05T08:36:18","slug":"documentacion-junta-general-2026","status":"publish","type":"page","link":"https:\/\/adz.adolfodominguez.com\/index.php\/documentacion-junta-general-2026\/","title":{"rendered":"Documentaci\u00f3n Junta General 2026"},"content":{"rendered":"\n<p><\/p>\n\n\n\n<p><strong>Anuncio de convocatoria de la Junta General Ordinaria<\/strong><\/p>\n\n\n\n<div class=\"wp-block-file\"><a id=\"wp-block-file--media-9b752f03-eed4-4a0a-a676-3ce3f885b2c6\" href=\"https:\/\/adz.adolfodominguez.com\/wp-content\/uploads\/2026\/04\/JGO-2026_Anuncio-convocatoria-1.pdf\">Acceso al Documento<\/a><a href=\"https:\/\/adz.adolfodominguez.com\/wp-content\/uploads\/2026\/04\/JGO-2026_Anuncio-convocatoria-1.pdf\" class=\"wp-block-file__button wp-element-button\" download aria-describedby=\"wp-block-file--media-9b752f03-eed4-4a0a-a676-3ce3f885b2c6\">Descarga<\/a><\/div>\n\n\n\n<div class=\"wp-block-file\"><a id=\"wp-block-file--media-e99d5014-4f4d-4114-84fe-79719857bd6d\" href=\"https:\/\/adz.adolfodominguez.com\/wp-content\/uploads\/2026\/04\/JGO-2026_Anuncio-convocatoria-en-GB-1.pdf\">File Access<\/a><a href=\"https:\/\/adz.adolfodominguez.com\/wp-content\/uploads\/2026\/04\/JGO-2026_Anuncio-convocatoria-en-GB-1.pdf\" class=\"wp-block-file__button wp-element-button\" download aria-describedby=\"wp-block-file--media-e99d5014-4f4d-4114-84fe-79719857bd6d\">Descarga<\/a><\/div>\n\n\n\n<p><strong>Propuestas de acuerdo del Consejo de Administraci\u00f3n a la Junta General<\/strong><\/p>\n\n\n\n<div class=\"wp-block-file\"><a id=\"wp-block-file--media-3b611ba1-6499-4fbe-b59e-dcea0ed7824e\" href=\"https:\/\/adz.adolfodominguez.com\/wp-content\/uploads\/2026\/04\/JGO-2025_Propuestas-acuerdo.pdf\">Acceso al Documento<\/a><a href=\"https:\/\/adz.adolfodominguez.com\/wp-content\/uploads\/2026\/04\/JGO-2025_Propuestas-acuerdo.pdf\" class=\"wp-block-file__button wp-element-button\" download aria-describedby=\"wp-block-file--media-3b611ba1-6499-4fbe-b59e-dcea0ed7824e\">Descarga<\/a><\/div>\n\n\n\n<div class=\"wp-block-file\"><a id=\"wp-block-file--media-a2b7c704-5a4a-4305-becd-c999cb5bc785\" href=\"https:\/\/adz.adolfodominguez.com\/wp-content\/uploads\/2026\/04\/JGO-2025_Propuestas-acuerdo-en-GB-1.pdf\">File Access<\/a><a href=\"https:\/\/adz.adolfodominguez.com\/wp-content\/uploads\/2026\/04\/JGO-2025_Propuestas-acuerdo-en-GB-1.pdf\" class=\"wp-block-file__button wp-element-button\" download aria-describedby=\"wp-block-file--media-a2b7c704-5a4a-4305-becd-c999cb5bc785\">Descarga<\/a><\/div>\n\n\n\n<p><strong>Informe Anual (formato FEUE): Informaci\u00f3n Oficial remitida a la CNMV en Formato Electr\u00f3nico \u00danico Europeo. (Comunicaci\u00f3n a CNMV del 30 de abril de 2026. N\u00famero de registro 40.573)<\/strong><\/p>\n\n\n\n<p><a href=\"https:\/\/www.cnmv.es\/Portal\/consultas\/ifa\/listadoifa?id=0&amp;nif=A-32104226\">Link CNMV<\/a><\/p>\n\n\n\n<p><strong>Cuentas Anuales individuales y consolidadas del ejercicio 2025<\/strong><\/p>\n\n\n\n<div class=\"wp-block-file\"><a id=\"wp-block-file--media-c32e00e9-6e6b-413c-a978-51c9b356628e\" href=\"https:\/\/adz.adolfodominguez.com\/wp-content\/uploads\/2026\/04\/02.-ADSA_CCAA-Consolidadas_28.02.2026_definitivo_20260428-1.pdf\">Consolidadas<\/a><a href=\"https:\/\/adz.adolfodominguez.com\/wp-content\/uploads\/2026\/04\/02.-ADSA_CCAA-Consolidadas_28.02.2026_definitivo_20260428-1.pdf\" class=\"wp-block-file__button wp-element-button\" download aria-describedby=\"wp-block-file--media-c32e00e9-6e6b-413c-a978-51c9b356628e\">Descarga<\/a><\/div>\n\n\n\n<div class=\"wp-block-file\"><a id=\"wp-block-file--media-35342d70-73e4-4234-b29b-1a1e53d11e64\" href=\"https:\/\/adz.adolfodominguez.com\/wp-content\/uploads\/2026\/04\/Individuales2025-2026.pdf\">Individuales<\/a><a href=\"https:\/\/adz.adolfodominguez.com\/wp-content\/uploads\/2026\/04\/Individuales2025-2026.pdf\" class=\"wp-block-file__button wp-element-button\" download aria-describedby=\"wp-block-file--media-35342d70-73e4-4234-b29b-1a1e53d11e64\">Descarga<\/a><\/div>\n\n\n\n<p><strong>Estado de informaci\u00f3n no financiera correspondiente al ejercicio finalizado el 28 de febrero de 2026.<\/strong><\/p>\n\n\n\n<div class=\"wp-block-file\"><a id=\"wp-block-file--media-2f5b9d36-8f5c-4d11-ac46-17506746cbe2\" href=\"https:\/\/adz.adolfodominguez.com\/wp-content\/uploads\/2026\/04\/EINF_FY2526-1.pdf\">Acceso al Documento<\/a><a href=\"https:\/\/adz.adolfodominguez.com\/wp-content\/uploads\/2026\/04\/EINF_FY2526-1.pdf\" class=\"wp-block-file__button wp-element-button\" download aria-describedby=\"wp-block-file--media-2f5b9d36-8f5c-4d11-ac46-17506746cbe2\">Descarga<\/a><\/div>\n\n\n\n<p><strong>Informe Anual sobre las Remuneraciones de los consejeros del ejercicio finalizado el 28 de febrero de 2026<\/strong>.<\/p>\n\n\n\n<div class=\"wp-block-file\"><a id=\"wp-block-file--media-7ff4bd17-8d97-4671-bab9-4bb84f86923b\" href=\"https:\/\/adz.adolfodominguez.com\/wp-content\/uploads\/2026\/04\/Informe-Anual-sobre-las-Remuneraciones-de-los-consejeros-del-ejercicio-finalizado-el-28-de-febrero-de-2026-1.pdf\">Acceso al Documento<\/a><a href=\"https:\/\/adz.adolfodominguez.com\/wp-content\/uploads\/2026\/04\/Informe-Anual-sobre-las-Remuneraciones-de-los-consejeros-del-ejercicio-finalizado-el-28-de-febrero-de-2026-1.pdf\" class=\"wp-block-file__button wp-element-button\" download aria-describedby=\"wp-block-file--media-7ff4bd17-8d97-4671-bab9-4bb84f86923b\">Descarga<\/a><\/div>\n\n\n\n<p><strong>Informe Anual de Gobierno Corporativo del ejercicio finalizado el 28 de febrero de 2026.<\/strong><\/p>\n\n\n\n<div class=\"wp-block-file\"><a id=\"wp-block-file--media-9fbf9e96-1d69-4de6-959e-59b2d9e13ae9\" href=\"https:\/\/adz.adolfodominguez.com\/wp-content\/uploads\/2026\/04\/Informe-Anual-de-Gobierno-Corporativo-del-ejercicio-finalizado-el-28-de-febrero-de-2026.pdf\">Acceso al Documento<\/a><a href=\"https:\/\/adz.adolfodominguez.com\/wp-content\/uploads\/2026\/04\/Informe-Anual-de-Gobierno-Corporativo-del-ejercicio-finalizado-el-28-de-febrero-de-2026.pdf\" class=\"wp-block-file__button wp-element-button\" download aria-describedby=\"wp-block-file--media-9fbf9e96-1d69-4de6-959e-59b2d9e13ae9\">Descarga<\/a><\/div>\n\n\n\n<p><strong>Informe anual de la Comisi\u00f3n de Auditor\u00eda correspondiente al ejercicio finalizado el 28 de febrero de 2026<\/strong>.<\/p>\n\n\n\n<div class=\"wp-block-file\"><a id=\"wp-block-file--media-6f742aee-1d57-4840-beab-800109446d17\" href=\"https:\/\/adz.adolfodominguez.com\/wp-content\/uploads\/2026\/04\/20.4-ADSA-Informe-actividades-CA-2025-29-04-26.pdf\">Acceso al Documento<\/a><a href=\"https:\/\/adz.adolfodominguez.com\/wp-content\/uploads\/2026\/04\/20.4-ADSA-Informe-actividades-CA-2025-29-04-26.pdf\" class=\"wp-block-file__button wp-element-button\" download aria-describedby=\"wp-block-file--media-6f742aee-1d57-4840-beab-800109446d17\">Descarga<\/a><\/div>\n\n\n\n<p><strong>Informe anual de la Comisi\u00f3n de Nombramientos y Retribuciones correspondiente al ejercicio finalizado el 28 de febrero de 2026<\/strong>.<\/p>\n\n\n\n<div class=\"wp-block-file\"><a id=\"wp-block-file--media-63c5ec73-b80c-4e26-b512-200a7529118b\" href=\"https:\/\/adz.adolfodominguez.com\/wp-content\/uploads\/2026\/04\/20.2-ADSA-Informe-actividades-CNR-2025-29-04-26.pdf\">Acceso al Documento<\/a><a href=\"https:\/\/adz.adolfodominguez.com\/wp-content\/uploads\/2026\/04\/20.2-ADSA-Informe-actividades-CNR-2025-29-04-26.pdf\" class=\"wp-block-file__button wp-element-button\" download aria-describedby=\"wp-block-file--media-63c5ec73-b80c-4e26-b512-200a7529118b\">Descarga<\/a><\/div>\n\n\n\n<p><strong>Informe anual de la Comisi\u00f3n de Transformaci\u00f3n Digital correspondiente al ejercicio finalizado el 28 de febrero de 2026<\/strong>.<\/p>\n\n\n\n<div class=\"wp-block-file\"><a id=\"wp-block-file--media-1278ab8c-1c59-4d1b-85b9-4aa6a4f7e8c8\" href=\"https:\/\/adz.adolfodominguez.com\/wp-content\/uploads\/2026\/04\/20.1-ADSA-Informe-Actividades-CTD-2025-29-04-26.pdf\">Acceso al Documento<\/a><a href=\"https:\/\/adz.adolfodominguez.com\/wp-content\/uploads\/2026\/04\/20.1-ADSA-Informe-Actividades-CTD-2025-29-04-26.pdf\" class=\"wp-block-file__button wp-element-button\" download aria-describedby=\"wp-block-file--media-1278ab8c-1c59-4d1b-85b9-4aa6a4f7e8c8\">Descarga<\/a><\/div>\n\n\n\n<p><strong>Informe anual de la Comisi\u00f3n de Estrategia Digital correspondiente al ejercicio finalizado el 30 de julio de 2025.<\/strong><\/p>\n\n\n\n<div class=\"wp-block-file\"><a id=\"wp-block-file--media-ef84fa57-47a9-4511-bda6-7a5fdc6ebbc4\" href=\"https:\/\/adz.adolfodominguez.com\/wp-content\/uploads\/2026\/04\/20.3-ADSA-Infome-actividades-CED-2025-29-04-26.pdf\">Acceso al Documento<\/a><a href=\"https:\/\/adz.adolfodominguez.com\/wp-content\/uploads\/2026\/04\/20.3-ADSA-Infome-actividades-CED-2025-29-04-26.pdf\" class=\"wp-block-file__button wp-element-button\" download aria-describedby=\"wp-block-file--media-ef84fa57-47a9-4511-bda6-7a5fdc6ebbc4\">Descarga<\/a><\/div>\n\n\n\n<p><strong>Informe de la Comisi\u00f3n de Auditor\u00eda sobre la independencia del auditor de cuentas<\/strong>.<\/p>\n\n\n\n<div class=\"wp-block-file\"><a id=\"wp-block-file--media-f5dc8186-c345-4263-a26d-534042ceef98\" href=\"https:\/\/adz.adolfodominguez.com\/wp-content\/uploads\/2026\/04\/16.-ADSA_Informe-sobre-independencia-auditores-2025-vf.pdf\">Acceso al Documento<\/a><a href=\"https:\/\/adz.adolfodominguez.com\/wp-content\/uploads\/2026\/04\/16.-ADSA_Informe-sobre-independencia-auditores-2025-vf.pdf\" class=\"wp-block-file__button wp-element-button\" download aria-describedby=\"wp-block-file--media-f5dc8186-c345-4263-a26d-534042ceef98\">Descarga<\/a><\/div>\n\n\n\n<p><strong>Documentaci\u00f3n Pol\u00edtica de Remuneraciones 2026-2028<\/strong>.<\/p>\n\n\n\n<div class=\"wp-block-file\"><a id=\"wp-block-file--media-a7f17ae7-3299-4220-a36e-ffa18cc65c9f\" href=\"https:\/\/adz.adolfodominguez.com\/wp-content\/uploads\/2026\/04\/ADSA_Politica-Remuneraciones_2026-2028-1.pdf\">Pol\u00edtica de Remuneraciones 2026-2028<\/a><a href=\"https:\/\/adz.adolfodominguez.com\/wp-content\/uploads\/2026\/04\/ADSA_Politica-Remuneraciones_2026-2028-1.pdf\" class=\"wp-block-file__button wp-element-button\" download aria-describedby=\"wp-block-file--media-a7f17ae7-3299-4220-a36e-ffa18cc65c9f\">Descarga<\/a><\/div>\n\n\n\n<div class=\"wp-block-file\"><a id=\"wp-block-file--media-09a37133-1314-48b5-9420-d134039abdc7\" href=\"https:\/\/adz.adolfodominguez.com\/wp-content\/uploads\/2026\/05\/06.-ADSA_Informe-CNyR-sobre-politica-de-remuneraciones-2026-2028-29-04-26-vf.pdf\">Informe CNR sobre pol\u00edtica de remuneraciones<\/a><a href=\"https:\/\/adz.adolfodominguez.com\/wp-content\/uploads\/2026\/05\/06.-ADSA_Informe-CNyR-sobre-politica-de-remuneraciones-2026-2028-29-04-26-vf.pdf\" class=\"wp-block-file__button wp-element-button\" download aria-describedby=\"wp-block-file--media-09a37133-1314-48b5-9420-d134039abdc7\">Descarga<\/a><\/div>\n\n\n\n<div class=\"wp-block-file\"><a id=\"wp-block-file--media-b1c6b229-3995-4737-bfdb-8df6ad689ae3\" href=\"https:\/\/adz.adolfodominguez.com\/wp-content\/uploads\/2026\/04\/05.-ADSA_Propuesta-motivada-CdA-Politica-de-remuneraciones-29-04-26.pdf\">Propuesta motivada CdA sobre la pol\u00edtica de remuneraciones<\/a><a href=\"https:\/\/adz.adolfodominguez.com\/wp-content\/uploads\/2026\/04\/05.-ADSA_Propuesta-motivada-CdA-Politica-de-remuneraciones-29-04-26.pdf\" class=\"wp-block-file__button wp-element-button\" download aria-describedby=\"wp-block-file--media-b1c6b229-3995-4737-bfdb-8df6ad689ae3\">Descarga<\/a><\/div>\n\n\n\n<p><strong>Informes sobre la reelecci\u00f3n de Consejera<\/strong>.<\/p>\n\n\n\n<div class=\"wp-block-file\"><a id=\"wp-block-file--media-345ecdc4-e5cf-44fd-86a7-d7d510ac187d\" href=\"https:\/\/adz.adolfodominguez.com\/wp-content\/uploads\/2026\/04\/4.-ADSA_-JGO-2026_Informe-CdA-Reeleccion-Consejera-vf.pdf\">Informe sobre la reelecci\u00f3n de Consejera<\/a><a href=\"https:\/\/adz.adolfodominguez.com\/wp-content\/uploads\/2026\/04\/4.-ADSA_-JGO-2026_Informe-CdA-Reeleccion-Consejera-vf.pdf\" class=\"wp-block-file__button wp-element-button\" download aria-describedby=\"wp-block-file--media-345ecdc4-e5cf-44fd-86a7-d7d510ac187d\">Descarga<\/a><\/div>\n\n\n\n<div class=\"wp-block-file\"><a id=\"wp-block-file--media-4d236d32-b1bd-44e3-947b-4505a58dc704\" href=\"https:\/\/adz.adolfodominguez.com\/wp-content\/uploads\/2026\/04\/12.-ADSA_-JGO-2026_Informacion-sobre-consejeros-vf.pdf\">informaci\u00f3n de la Consejera<\/a><a href=\"https:\/\/adz.adolfodominguez.com\/wp-content\/uploads\/2026\/04\/12.-ADSA_-JGO-2026_Informacion-sobre-consejeros-vf.pdf\" class=\"wp-block-file__button wp-element-button\" download aria-describedby=\"wp-block-file--media-4d236d32-b1bd-44e3-947b-4505a58dc704\">Descarga<\/a><\/div>\n\n\n\n<p><strong>Informe CdA sobre la Delegaci\u00f3n de facultades de emisi\u00f3n.<\/strong><\/p>\n\n\n\n<div class=\"wp-block-file\"><a id=\"wp-block-file--media-213d4967-f47a-42cb-8b15-ddcde0b48018\" href=\"https:\/\/adz.adolfodominguez.com\/wp-content\/uploads\/2026\/04\/13.-ADSA_JGO-2026_Informe-CdA-Delegacion-facultades-emision-RF-convertibles-vf.pdf\">Acceso al Documento<\/a><a href=\"https:\/\/adz.adolfodominguez.com\/wp-content\/uploads\/2026\/04\/13.-ADSA_JGO-2026_Informe-CdA-Delegacion-facultades-emision-RF-convertibles-vf.pdf\" class=\"wp-block-file__button wp-element-button\" download aria-describedby=\"wp-block-file--media-213d4967-f47a-42cb-8b15-ddcde0b48018\">Descarga<\/a><\/div>\n\n\n\n<p><strong>Normas de funcionamiento del Foro<\/strong>.<\/p>\n\n\n\n<div class=\"wp-block-file\"><a id=\"wp-block-file--media-9fa0c163-d338-44c6-86b1-3dac0e3e8cf4\" href=\"https:\/\/adz.adolfodominguez.com\/wp-content\/uploads\/2026\/04\/10.-ADSA_-JGO-2026_Normas-de-funcionamiento-del-Foro-vf.pdf\">Acceso al Documento<\/a><a href=\"https:\/\/adz.adolfodominguez.com\/wp-content\/uploads\/2026\/04\/10.-ADSA_-JGO-2026_Normas-de-funcionamiento-del-Foro-vf.pdf\" class=\"wp-block-file__button wp-element-button\" download aria-describedby=\"wp-block-file--media-9fa0c163-d338-44c6-86b1-3dac0e3e8cf4\">Descarga<\/a><\/div>\n\n\n\n<p><strong>Derecho de Informaci\u00f3n de los accionistas.<\/strong><\/p>\n\n\n\n<div class=\"wp-block-file\"><a id=\"wp-block-file--media-c2aba2d2-9465-4069-ba58-b8281165f5a3\" href=\"https:\/\/adz.adolfodominguez.com\/wp-content\/uploads\/2026\/04\/11.-ADSA_-JGO-2026_Derecho-de-informacion-vf-1.pdf\">Acceso al Documento<\/a><a href=\"https:\/\/adz.adolfodominguez.com\/wp-content\/uploads\/2026\/04\/11.-ADSA_-JGO-2026_Derecho-de-informacion-vf-1.pdf\" class=\"wp-block-file__button wp-element-button\" download aria-describedby=\"wp-block-file--media-c2aba2d2-9465-4069-ba58-b8281165f5a3\">Descarga<\/a><\/div>\n\n\n\n<p><strong>Reglas para la Delegaci\u00f3n y Voto a trav\u00e9s de medios de comunicaci\u00f3n a distancia.<\/strong><\/p>\n\n\n\n<div class=\"wp-block-file\"><a id=\"wp-block-file--media-8cf599f5-5c77-45cb-8a15-152a9771d371\" href=\"https:\/\/adz.adolfodominguez.com\/wp-content\/uploads\/2026\/04\/9.-ADSA_-JGO-2026_Reglas-de-delegacion-y-voto-a-distancia-vf.pdf\">Acceso al Documento<\/a><a href=\"https:\/\/adz.adolfodominguez.com\/wp-content\/uploads\/2026\/04\/9.-ADSA_-JGO-2026_Reglas-de-delegacion-y-voto-a-distancia-vf.pdf\" class=\"wp-block-file__button wp-element-button\" download aria-describedby=\"wp-block-file--media-8cf599f5-5c77-45cb-8a15-152a9771d371\">Descarga<\/a><\/div>\n\n\n\n<p><strong>Modelo de tarjeta de asistencia, delegaci\u00f3n y voto a distancia.<\/strong><\/p>\n\n\n\n<div class=\"wp-block-file\"><a id=\"wp-block-file--media-48adeadd-5153-48d8-a685-3673ee57847e\" href=\"https:\/\/adz.adolfodominguez.com\/wp-content\/uploads\/2026\/04\/7.-ADSA_-JGO-2026_-Modelo-Tarjeta-asistencia-delegacion-y-voto-a-distancia-JGA-.pdf\">Acceso al Documento<\/a><a href=\"https:\/\/adz.adolfodominguez.com\/wp-content\/uploads\/2026\/04\/7.-ADSA_-JGO-2026_-Modelo-Tarjeta-asistencia-delegacion-y-voto-a-distancia-JGA-.pdf\" class=\"wp-block-file__button wp-element-button\" download aria-describedby=\"wp-block-file--media-48adeadd-5153-48d8-a685-3673ee57847e\">Descarga<\/a><\/div>\n\n\n\n<p><strong>Documento en el que consta el n\u00famero total de acciones y derechos de voto en la fecha de convocatoria.<\/strong><\/p>\n\n\n\n<div class=\"wp-block-file\"><a id=\"wp-block-file--media-081b3602-ef9c-44db-9359-050e428a3341\" href=\"https:\/\/adz.adolfodominguez.com\/wp-content\/uploads\/2026\/04\/21.-ADSA_-JGO-2026_No-total-de-acciones-y-derechos-de-voto.pdf\">Acceso al Documento<\/a><a href=\"https:\/\/adz.adolfodominguez.com\/wp-content\/uploads\/2026\/04\/21.-ADSA_-JGO-2026_No-total-de-acciones-y-derechos-de-voto.pdf\" class=\"wp-block-file__button wp-element-button\" download aria-describedby=\"wp-block-file--media-081b3602-ef9c-44db-9359-050e428a3341\">Descarga<\/a><\/div>\n\n\n\n<p><\/p>\n","protected":false},"excerpt":{"rendered":"<p>Anuncio de convocatoria de la Junta General Ordinaria Propuestas de acuerdo del Consejo de Administraci\u00f3n a la Junta General Informe Anual (formato FEUE): Informaci\u00f3n Oficial remitida a la CNMV en Formato Electr\u00f3nico \u00danico Europeo. (Comunicaci\u00f3n a CNMV del 30 de abril de 2026. N\u00famero de registro 40.573) Link CNMV Cuentas Anuales individuales y consolidadas del ejercicio 2025 Estado de informaci\u00f3n no financiera correspondiente al ejercicio finalizado el 28 de febrero de 2026. Informe Anual sobre las Remuneraciones de los consejeros del ejercicio finalizado el 28 de febrero de 2026. Informe Anual de Gobierno Corporativo del ejercicio finalizado el 28 de febrero de 2026. Informe anual de la Comisi\u00f3n de Auditor\u00eda correspondiente al ejercicio finalizado el 28 de febrero de 2026. Informe anual de la Comisi\u00f3n de Nombramientos y Retribuciones correspondiente al ejercicio finalizado el 28 de febrero de 2026. Informe anual de la Comisi\u00f3n de Transformaci\u00f3n Digital correspondiente al ejercicio finalizado el 28 de febrero de 2026. Informe anual de la Comisi\u00f3n de Estrategia Digital correspondiente al ejercicio finalizado el 30 de julio de 2025. Informe de la Comisi\u00f3n de Auditor\u00eda sobre la independencia del auditor de cuentas. Documentaci\u00f3n Pol\u00edtica de Remuneraciones 2026-2028. Informes sobre la reelecci\u00f3n de Consejera. Informe CdA sobre la Delegaci\u00f3n de facultades de emisi\u00f3n. Normas de funcionamiento del Foro. Derecho de Informaci\u00f3n de los accionistas. Reglas para la Delegaci\u00f3n y Voto a trav\u00e9s de medios de comunicaci\u00f3n a distancia. Modelo de tarjeta de asistencia, delegaci\u00f3n y voto a distancia. Documento en el que consta el n\u00famero total de acciones y derechos de voto en la fecha de convocatoria.<\/p>\n","protected":false},"author":1,"featured_media":0,"parent":0,"menu_order":0,"comment_status":"closed","ping_status":"closed","template":"","meta":{"footnotes":""},"class_list":["post-1757","page","type-page","status-publish","hentry"],"_links":{"self":[{"href":"https:\/\/adz.adolfodominguez.com\/index.php\/wp-json\/wp\/v2\/pages\/1757","targetHints":{"allow":["GET"]}}],"collection":[{"href":"https:\/\/adz.adolfodominguez.com\/index.php\/wp-json\/wp\/v2\/pages"}],"about":[{"href":"https:\/\/adz.adolfodominguez.com\/index.php\/wp-json\/wp\/v2\/types\/page"}],"author":[{"embeddable":true,"href":"https:\/\/adz.adolfodominguez.com\/index.php\/wp-json\/wp\/v2\/users\/1"}],"replies":[{"embeddable":true,"href":"https:\/\/adz.adolfodominguez.com\/index.php\/wp-json\/wp\/v2\/comments?post=1757"}],"version-history":[{"count":7,"href":"https:\/\/adz.adolfodominguez.com\/index.php\/wp-json\/wp\/v2\/pages\/1757\/revisions"}],"predecessor-version":[{"id":1850,"href":"https:\/\/adz.adolfodominguez.com\/index.php\/wp-json\/wp\/v2\/pages\/1757\/revisions\/1850"}],"wp:attachment":[{"href":"https:\/\/adz.adolfodominguez.com\/index.php\/wp-json\/wp\/v2\/media?parent=1757"}],"curies":[{"name":"wp","href":"https:\/\/api.w.org\/{rel}","templated":true}]}}