{"id":179,"date":"2021-12-17T11:28:49","date_gmt":"2021-12-17T11:28:49","guid":{"rendered":"http:\/\/adz.interno-ad.es\/?page_id=179"},"modified":"2023-04-27T12:18:48","modified_gmt":"2023-04-27T11:18:48","slug":"delegaciones-de-voto","status":"publish","type":"page","link":"https:\/\/adz.adolfodominguez.com\/index.php\/delegaciones-de-voto\/","title":{"rendered":"Delegaciones de voto"},"content":{"rendered":"\n<p>Reglas para la Delegaci\u00f3n y Voto a trav\u00e9s de medios de comunicaci\u00f3n a distancia.<\/p>\n\n\n\n<div class=\"wp-block-file\"><a id=\"wp-block-file--media-0bf26908-f277-4f77-ac49-ba49c99f2ce0\" href=\"https:\/\/adz.adolfodominguez.com\/wp-content\/uploads\/2023\/04\/20230331-AD-Reglas-delegaci\u0e02n-y-voto-a-distancia-JGA-2023-1.pdf\">Acceso al documento<\/a><a href=\"https:\/\/adz.adolfodominguez.com\/wp-content\/uploads\/2023\/04\/20230331-AD-Reglas-delegaci\u0e02n-y-voto-a-distancia-JGA-2023-1.pdf\" class=\"wp-block-file__button wp-element-button\" download aria-describedby=\"wp-block-file--media-0bf26908-f277-4f77-ac49-ba49c99f2ce0\">Descarga<\/a><\/div>\n\n\n\n<p><strong>Acceso al Foro<\/strong><\/p>\n\n\n\n<p>Espa\u00f1ol:<\/p>\n\n\n\n<p><a href=\"https:\/\/adolfodominguez.juntadeaccionistas.es\/es\">https:\/\/adolfodominguez.juntadeaccionistas.es\/es<\/a><\/p>\n\n\n\n<p>Ingles:<\/p>\n\n\n\n<p><a href=\"https:\/\/adolfodominguez.juntadeaccionistas.es\/en\">https:\/\/adolfodominguez.juntadeaccionistas.es\/en<\/a><\/p>\n","protected":false},"excerpt":{"rendered":"<p>Reglas para la Delegaci\u00f3n y Voto a trav\u00e9s de medios de comunicaci\u00f3n a distancia. Acceso al Foro Espa\u00f1ol: https:\/\/adolfodominguez.juntadeaccionistas.es\/es Ingles: https:\/\/adolfodominguez.juntadeaccionistas.es\/en<\/p>\n","protected":false},"author":1,"featured_media":0,"parent":0,"menu_order":0,"comment_status":"closed","ping_status":"closed","template":"","meta":{"footnotes":""},"class_list":["post-179","page","type-page","status-publish","hentry"],"_links":{"self":[{"href":"https:\/\/adz.adolfodominguez.com\/index.php\/wp-json\/wp\/v2\/pages\/179","targetHints":{"allow":["GET"]}}],"collection":[{"href":"https:\/\/adz.adolfodominguez.com\/index.php\/wp-json\/wp\/v2\/pages"}],"about":[{"href":"https:\/\/adz.adolfodominguez.com\/index.php\/wp-json\/wp\/v2\/types\/page"}],"author":[{"embeddable":true,"href":"https:\/\/adz.adolfodominguez.com\/index.php\/wp-json\/wp\/v2\/users\/1"}],"replies":[{"embeddable":true,"href":"https:\/\/adz.adolfodominguez.com\/index.php\/wp-json\/wp\/v2\/comments?post=179"}],"version-history":[{"count":5,"href":"https:\/\/adz.adolfodominguez.com\/index.php\/wp-json\/wp\/v2\/pages\/179\/revisions"}],"predecessor-version":[{"id":1023,"href":"https:\/\/adz.adolfodominguez.com\/index.php\/wp-json\/wp\/v2\/pages\/179\/revisions\/1023"}],"wp:attachment":[{"href":"https:\/\/adz.adolfodominguez.com\/index.php\/wp-json\/wp\/v2\/media?parent=179"}],"curies":[{"name":"wp","href":"https:\/\/api.w.org\/{rel}","templated":true}]}}