{"id":181,"date":"2021-12-17T11:28:49","date_gmt":"2021-12-17T11:28:49","guid":{"rendered":"http:\/\/adz.interno-ad.es\/?page_id=181"},"modified":"2022-05-05T07:35:26","modified_gmt":"2022-05-05T07:35:26","slug":"voto-a-distancia-en-la-juntas-generales","status":"publish","type":"page","link":"https:\/\/adz.adolfodominguez.com\/index.php\/voto-a-distancia-en-la-juntas-generales\/","title":{"rendered":"Voto a distancia en las juntas generales"},"content":{"rendered":"\n<p><\/p>\n\n\n\n<p>Los accionistas podr\u00e1n emitir tambi\u00e9n su voto a distancia mediante comunicaci\u00f3n electr\u00f3nica, conforme a las instrucciones que se incluyen en las \u201cReglas para la delegaci\u00f3n y voto a trav\u00e9s de medios de comunicaci\u00f3n a distancia\u201d y los procedimientos que se especificar\u00e1n en el\u00a0enlace\u00a0que se pondr\u00e1 a disposici\u00f3n con ocasi\u00f3n de la convocatoria de la Junta General correspondiente.<\/p>\n\n\n\n<p><\/p>\n\n\n\n<p><strong>Acceso al Foro<\/strong><\/p>\n\n\n\n<p>Espa\u00f1ol:<\/p>\n\n\n\n<p><a href=\"https:\/\/adolfodominguez.juntadeaccionistas.es\/es\">https:\/\/adolfodominguez.juntadeaccionistas.es\/es<\/a><\/p>\n\n\n\n<p>Ingles:<\/p>\n\n\n\n<p><a href=\"https:\/\/adolfodominguez.juntadeaccionistas.es\/en\">https:\/\/adolfodominguez.juntadeaccionistas.es\/en<\/a><\/p>\n","protected":false},"excerpt":{"rendered":"<p>Los accionistas podr\u00e1n emitir tambi\u00e9n su voto a distancia mediante comunicaci\u00f3n electr\u00f3nica, conforme a las instrucciones que se incluyen en las \u201cReglas para la delegaci\u00f3n y voto a trav\u00e9s de medios de comunicaci\u00f3n a distancia\u201d y los procedimientos que se especificar\u00e1n en el\u00a0enlace\u00a0que se pondr\u00e1 a disposici\u00f3n con ocasi\u00f3n de la convocatoria de la Junta General correspondiente. Acceso al Foro Espa\u00f1ol: https:\/\/adolfodominguez.juntadeaccionistas.es\/es Ingles: https:\/\/adolfodominguez.juntadeaccionistas.es\/en<\/p>\n","protected":false},"author":1,"featured_media":0,"parent":0,"menu_order":0,"comment_status":"closed","ping_status":"closed","template":"","meta":{"footnotes":""},"class_list":["post-181","page","type-page","status-publish","hentry"],"_links":{"self":[{"href":"https:\/\/adz.adolfodominguez.com\/index.php\/wp-json\/wp\/v2\/pages\/181","targetHints":{"allow":["GET"]}}],"collection":[{"href":"https:\/\/adz.adolfodominguez.com\/index.php\/wp-json\/wp\/v2\/pages"}],"about":[{"href":"https:\/\/adz.adolfodominguez.com\/index.php\/wp-json\/wp\/v2\/types\/page"}],"author":[{"embeddable":true,"href":"https:\/\/adz.adolfodominguez.com\/index.php\/wp-json\/wp\/v2\/users\/1"}],"replies":[{"embeddable":true,"href":"https:\/\/adz.adolfodominguez.com\/index.php\/wp-json\/wp\/v2\/comments?post=181"}],"version-history":[{"count":8,"href":"https:\/\/adz.adolfodominguez.com\/index.php\/wp-json\/wp\/v2\/pages\/181\/revisions"}],"predecessor-version":[{"id":890,"href":"https:\/\/adz.adolfodominguez.com\/index.php\/wp-json\/wp\/v2\/pages\/181\/revisions\/890"}],"wp:attachment":[{"href":"https:\/\/adz.adolfodominguez.com\/index.php\/wp-json\/wp\/v2\/media?parent=181"}],"curies":[{"name":"wp","href":"https:\/\/api.w.org\/{rel}","templated":true}]}}