{"id":183,"date":"2021-12-17T11:28:49","date_gmt":"2021-12-17T11:28:49","guid":{"rendered":"http:\/\/adz.interno-ad.es\/?page_id=183"},"modified":"2025-09-19T10:54:34","modified_gmt":"2025-09-19T09:54:34","slug":"reglamento-del-consejo","status":"publish","type":"page","link":"https:\/\/adz.adolfodominguez.com\/index.php\/reglamento-del-consejo\/","title":{"rendered":"Reglamento del Consejo"},"content":{"rendered":"\n<p><\/p>\n\n\n\n<p><em>Texto refundido del Reglamento del Consejo vigente, con la \u00faltima modificaci\u00f3n aprobada por el Consejo de Administraci\u00f3n de la Sociedad el 30 de julio de 2025, inscrito en el Registro Mercantil de Ourense en fecha 11 de septiembre de 2025.<\/em><\/p>\n\n\n\n<div class=\"wp-block-file\"><a id=\"wp-block-file--media-8c597f6b-8bef-4bcd-9bcc-fc2c8b7b1a3d\" href=\"https:\/\/adz.adolfodominguez.com\/wp-content\/uploads\/2025\/09\/REGLAMENTO-CONSEJO-DE-ADMINISTRACION-.pdf\">Reglamento del consejo<\/a><a href=\"https:\/\/adz.adolfodominguez.com\/wp-content\/uploads\/2025\/09\/REGLAMENTO-CONSEJO-DE-ADMINISTRACION-.pdf\" class=\"wp-block-file__button wp-element-button\" download aria-describedby=\"wp-block-file--media-8c597f6b-8bef-4bcd-9bcc-fc2c8b7b1a3d\">Descarga<\/a><\/div>\n\n\n\n<p><\/p>\n","protected":false},"excerpt":{"rendered":"<p>Texto refundido del Reglamento del Consejo vigente, con la \u00faltima modificaci\u00f3n aprobada por el Consejo de Administraci\u00f3n de la Sociedad el 30 de julio de 2025, inscrito en el Registro Mercantil de Ourense en fecha 11 de septiembre de 2025.<\/p>\n","protected":false},"author":1,"featured_media":0,"parent":0,"menu_order":0,"comment_status":"closed","ping_status":"closed","template":"","meta":{"footnotes":""},"class_list":["post-183","page","type-page","status-publish","hentry"],"_links":{"self":[{"href":"https:\/\/adz.adolfodominguez.com\/index.php\/wp-json\/wp\/v2\/pages\/183","targetHints":{"allow":["GET"]}}],"collection":[{"href":"https:\/\/adz.adolfodominguez.com\/index.php\/wp-json\/wp\/v2\/pages"}],"about":[{"href":"https:\/\/adz.adolfodominguez.com\/index.php\/wp-json\/wp\/v2\/types\/page"}],"author":[{"embeddable":true,"href":"https:\/\/adz.adolfodominguez.com\/index.php\/wp-json\/wp\/v2\/users\/1"}],"replies":[{"embeddable":true,"href":"https:\/\/adz.adolfodominguez.com\/index.php\/wp-json\/wp\/v2\/comments?post=183"}],"version-history":[{"count":9,"href":"https:\/\/adz.adolfodominguez.com\/index.php\/wp-json\/wp\/v2\/pages\/183\/revisions"}],"predecessor-version":[{"id":1705,"href":"https:\/\/adz.adolfodominguez.com\/index.php\/wp-json\/wp\/v2\/pages\/183\/revisions\/1705"}],"wp:attachment":[{"href":"https:\/\/adz.adolfodominguez.com\/index.php\/wp-json\/wp\/v2\/media?parent=183"}],"curies":[{"name":"wp","href":"https:\/\/api.w.org\/{rel}","templated":true}]}}