{"id":186,"date":"2021-12-17T11:28:49","date_gmt":"2021-12-17T11:28:49","guid":{"rendered":"http:\/\/adz.interno-ad.es\/?page_id=186"},"modified":"2025-03-10T15:31:32","modified_gmt":"2025-03-10T14:31:32","slug":"remuneracion-de-los-consejeros","status":"publish","type":"page","link":"https:\/\/adz.adolfodominguez.com\/index.php\/remuneracion-de-los-consejeros\/","title":{"rendered":"Remuneraci\u00f3n de los consejeros"},"content":{"rendered":"\n<div style=\"height:50px\" aria-hidden=\"true\" class=\"wp-block-spacer\"><\/div>\n\n\n\n<hr class=\"wp-block-separator has-alpha-channel-opacity\"\/>\n\n\n\n<div class=\"wp-block-media-text has-media-on-the-right is-stacked-on-mobile\"><div class=\"wp-block-media-text__content\">\n<p>Seleccione la informaci\u00f3n en los apartados que se muestran en el \u00edndice.<\/p>\n<\/div><figure class=\"wp-block-media-text__media\"><img loading=\"lazy\" decoding=\"async\" width=\"1024\" height=\"576\" src=\"https:\/\/adz.adolfodominguez.com\/wp-content\/uploads\/2022\/03\/2022_03_07_FONDO_WEB_ACCIONISTAS_2-1024x576.jpg\" alt=\"\" class=\"wp-image-734 size-full\" srcset=\"https:\/\/adz.adolfodominguez.com\/wp-content\/uploads\/2022\/03\/2022_03_07_FONDO_WEB_ACCIONISTAS_2-1024x576.jpg 1024w, https:\/\/adz.adolfodominguez.com\/wp-content\/uploads\/2022\/03\/2022_03_07_FONDO_WEB_ACCIONISTAS_2-300x169.jpg 300w, https:\/\/adz.adolfodominguez.com\/wp-content\/uploads\/2022\/03\/2022_03_07_FONDO_WEB_ACCIONISTAS_2-768x432.jpg 768w, https:\/\/adz.adolfodominguez.com\/wp-content\/uploads\/2022\/03\/2022_03_07_FONDO_WEB_ACCIONISTAS_2-1536x864.jpg 1536w, https:\/\/adz.adolfodominguez.com\/wp-content\/uploads\/2022\/03\/2022_03_07_FONDO_WEB_ACCIONISTAS_2-1140x641.jpg 1140w, https:\/\/adz.adolfodominguez.com\/wp-content\/uploads\/2022\/03\/2022_03_07_FONDO_WEB_ACCIONISTAS_2.jpg 1920w\" sizes=\"auto, (max-width: 1024px) 100vw, 1024px\" \/><\/figure><\/div>\n\n\n\n<hr class=\"wp-block-separator has-alpha-channel-opacity\"\/>\n\n\n\n<div style=\"height:50px\" aria-hidden=\"true\" class=\"wp-block-spacer\"><\/div>\n\n\n\n<p class=\"has-text-align-center\"><a href=\"https:\/\/adz.adolfodominguez.com\/index.php\/informe-anual-de-remuneracion-de-los-consejeros\/\">Informe anual de remuneraci\u00f3n de los consejeros<\/a><\/p>\n\n\n\n<p class=\"has-text-align-center\"><a href=\"https:\/\/adz.adolfodominguez.com\/index.php\/politica-retributiva\/\">Pol\u00edtica retributiva<\/a><\/p>\n\n\n\n<p><\/p>\n","protected":false},"excerpt":{"rendered":"<p>Seleccione la informaci\u00f3n en los apartados que se muestran en el \u00edndice. Informe anual de remuneraci\u00f3n de los consejeros Pol\u00edtica retributiva<\/p>\n","protected":false},"author":1,"featured_media":0,"parent":0,"menu_order":0,"comment_status":"closed","ping_status":"closed","template":"","meta":{"footnotes":""},"class_list":["post-186","page","type-page","status-publish","hentry"],"_links":{"self":[{"href":"https:\/\/adz.adolfodominguez.com\/index.php\/wp-json\/wp\/v2\/pages\/186","targetHints":{"allow":["GET"]}}],"collection":[{"href":"https:\/\/adz.adolfodominguez.com\/index.php\/wp-json\/wp\/v2\/pages"}],"about":[{"href":"https:\/\/adz.adolfodominguez.com\/index.php\/wp-json\/wp\/v2\/types\/page"}],"author":[{"embeddable":true,"href":"https:\/\/adz.adolfodominguez.com\/index.php\/wp-json\/wp\/v2\/users\/1"}],"replies":[{"embeddable":true,"href":"https:\/\/adz.adolfodominguez.com\/index.php\/wp-json\/wp\/v2\/comments?post=186"}],"version-history":[{"count":4,"href":"https:\/\/adz.adolfodominguez.com\/index.php\/wp-json\/wp\/v2\/pages\/186\/revisions"}],"predecessor-version":[{"id":1506,"href":"https:\/\/adz.adolfodominguez.com\/index.php\/wp-json\/wp\/v2\/pages\/186\/revisions\/1506"}],"wp:attachment":[{"href":"https:\/\/adz.adolfodominguez.com\/index.php\/wp-json\/wp\/v2\/media?parent=186"}],"curies":[{"name":"wp","href":"https:\/\/api.w.org\/{rel}","templated":true}]}}