{"id":187,"date":"2021-12-17T11:28:49","date_gmt":"2021-12-17T11:28:49","guid":{"rendered":"http:\/\/adz.interno-ad.es\/?page_id=187"},"modified":"2025-12-26T11:27:03","modified_gmt":"2025-12-26T10:27:03","slug":"comisiones-del-consejo","status":"publish","type":"page","link":"https:\/\/adz.adolfodominguez.com\/index.php\/comisiones-del-consejo\/","title":{"rendered":"Comisiones del Consejo"},"content":{"rendered":"\n<p><\/p>\n\n\n\n<p>El Consejo de Administraci\u00f3n de la Sociedad puede realizar delegaciones de facultades a t\u00edtulo individual al Presidente o a cualquier otro consejero (consejeros delegados) y, si lo considera oportuno por el incremento del n\u00famero de miembros del Consejo, o por otras circunstancias, crear una Comisi\u00f3n Ejecutiva.<\/p>\n\n\n\n<p>El Consejo de Administraci\u00f3n de Adolfo Dom\u00ednguez ha constituido una Comisi\u00f3n de Auditor\u00eda, una Comisi\u00f3n de Nombramientos y Retribuciones, y una Comisi\u00f3n de Transformaci\u00f3n Digital que se rigen conforme a las siguientes normas:<\/p>\n\n\n\n<p><strong>COMISI\u00d3N DE AUDITOR\u00cdA<\/strong><\/p>\n\n\n\n<p>La Comisi\u00f3n est\u00e1 compuesta, en la actualidad, por tres consejeros independientes:<\/p>\n\n\n\n<figure class=\"wp-block-table\"><table class=\"has-fixed-layout\"><tbody><tr><td class=\"has-text-align-center\" data-align=\"center\"><strong>NOMBRE DEL MIEMBRO DE LA COMISI\u00d3N<\/strong><\/td><td class=\"has-text-align-center\" data-align=\"center\"><strong>CAR\u00c1CTER<\/strong><\/td><td class=\"has-text-align-center\" data-align=\"center\"><strong>CARGO EN LA COMISI\u00d3N<\/strong><\/td><td class=\"has-text-align-center\" data-align=\"center\"><strong>FECHA DEL \u00daLTIMO NOMBRAMIENTO<\/strong><\/td><\/tr><tr><td class=\"has-text-align-center\" data-align=\"center\">D.&nbsp; Rafael Prieto Mart\u00edn<\/td><td class=\"has-text-align-center\" data-align=\"center\">Externo Independiente<\/td><td class=\"has-text-align-center\" data-align=\"center\">Presidente<\/td><td class=\"has-text-align-center\" data-align=\"center\">30\/07\/2025<\/td><\/tr><tr><td class=\"has-text-align-center\" data-align=\"center\">D.&nbsp; Jos\u00e9 Luis Sainz D\u00edaz&nbsp;<\/td><td class=\"has-text-align-center\" data-align=\"center\">Externo Independiente<\/td><td class=\"has-text-align-center\" data-align=\"center\">Vocal<\/td><td class=\"has-text-align-center\" data-align=\"center\">30\/07\/2025<\/td><\/tr><tr><td class=\"has-text-align-center\" data-align=\"center\">D.&nbsp; \u00c1lvaro Cristobo<\/td><td class=\"has-text-align-center\" data-align=\"center\">Externo Independiente<\/td><td class=\"has-text-align-center\" data-align=\"center\">Vocal<\/td><td class=\"has-text-align-center\" data-align=\"center\">30\/07\/2025<\/td><\/tr><\/tbody><\/table><\/figure>\n\n\n\n<p>La secretaria de la Comisi\u00f3n de Auditor\u00eda es la del Consejo de Administraci\u00f3n<\/p>\n\n\n\n<p><strong>&#8211; Reglas de organizaci\u00f3n y funcionamiento.<\/strong><\/p>\n\n\n\n<p>Las reglas de organizaci\u00f3n y funcionamiento de la Comisi\u00f3n de Auditor\u00eda se desarrollan en el art\u00edculo 21 de los Estatutos Sociales, en el art\u00edculo 14 del Reglamento del Consejo de Administraci\u00f3n, y en los arts. 19 a 24 del Reglamento de la Comisi\u00f3n de Auditor\u00eda.<\/p>\n\n\n\n<p>Puede consultar esta informaci\u00f3n en la web de la Sociedad, dentro del apartado Gobierno Corporativo.<\/p>\n\n\n\n<p>La Comisi\u00f3n de Auditor\u00eda cuenta con su propio Reglamento, aprobado por el Consejo de Administraci\u00f3n conforme a lo previsto en la Gu\u00eda T\u00e9cnica 3\/2017 de la Comisi\u00f3n Nacional del Mercado de Valores sobre Comisiones de Auditor\u00eda de entidades de inter\u00e9s p\u00fablico.<\/p>\n\n\n\n<p>La Comisi\u00f3n elabora un informe anual sobre su funcionamiento y actividades, en relaci\u00f3n con las funciones que le son propias. Adem\u00e1s, cuando la Comisi\u00f3n de Auditor\u00eda lo considera oportuno, incluye en dicho informe propuestas para mejorar las reglas de gobierno de la Sociedad.<br><br>Los informes anuales de la Comisi\u00f3n de Auditor\u00eda pueden consultarse dentro de la documentaci\u00f3n correspondiente a las Juntas Generales Ordinarias de accionistas.<\/p>\n\n\n\n<p><strong>COMISI\u00d3N DE NOMBRAMIENTOS Y RETRIBUCIONES<\/strong><\/p>\n\n\n\n<p>Esta Comisi\u00f3n est\u00e1 compuesta, en la actualidad, por tres consejeros independientes y uno dominical.<\/p>\n\n\n\n<figure class=\"wp-block-table\"><table class=\"has-fixed-layout\"><tbody><tr><td class=\"has-text-align-center\" data-align=\"center\"><strong>NOMBRE DEL MIEMBRO DE LA COMISI\u00d3N<\/strong><\/td><td class=\"has-text-align-center\" data-align=\"center\"><strong>CAR\u00c1CTER<\/strong><\/td><td class=\"has-text-align-center\" data-align=\"center\"><strong>CARGO EN LA COMISI\u00d3N<\/strong><\/td><td class=\"has-text-align-center\" data-align=\"center\"><strong>FECHA DEL \u00daLTIMO NOMBRAMIENTO<\/strong><\/td><\/tr><tr><td class=\"has-text-align-center\" data-align=\"center\">D.&nbsp; Jos\u00e9 Luis Sainz D\u00edaz<\/td><td class=\"has-text-align-center\" data-align=\"center\">Externo Independiente<\/td><td class=\"has-text-align-center\" data-align=\"center\">Presidente<\/td><td class=\"has-text-align-center\" data-align=\"center\">30\/07\/2025<\/td><\/tr><tr><td class=\"has-text-align-center\" data-align=\"center\">D\u00f1a. Valeria Dom\u00ednguez Gonz\u00e1lez<\/td><td class=\"has-text-align-center\" data-align=\"center\">Externo Dominical<\/td><td class=\"has-text-align-center\" data-align=\"center\">Vocal<\/td><td class=\"has-text-align-center\" data-align=\"center\">31\/05\/2022<\/td><\/tr><tr><td class=\"has-text-align-center\" data-align=\"center\">D\u00f1a. Diana Morato Feliciano<\/td><td class=\"has-text-align-center\" data-align=\"center\">Externo Independiente<\/td><td class=\"has-text-align-center\" data-align=\"center\">Vocal<\/td><td class=\"has-text-align-center\" data-align=\"center\">30\/07\/2025<\/td><\/tr><tr><td class=\"has-text-align-center\" data-align=\"center\">D.&nbsp; Rafael Prieto Mart\u00edn<\/td><td class=\"has-text-align-center\" data-align=\"center\">Externo Independiente<\/td><td class=\"has-text-align-center\" data-align=\"center\">Vocal<\/td><td class=\"has-text-align-center\" data-align=\"center\">30\/07\/2025<\/td><\/tr><\/tbody><\/table><\/figure>\n\n\n\n<p>La secretaria de la Comisi\u00f3n de Nombramientos y Retribuciones es la del Consejo de Administraci\u00f3n<\/p>\n\n\n\n<p><strong>&#8211; Reglas de organizaci\u00f3n y funcionamiento.<\/strong><\/p>\n\n\n\n<p>Las reglas de organizaci\u00f3n y funcionamiento de la Comisi\u00f3n de Nombramientos y Retribuciones se desarrollan en el art\u00edculo 22 de los Estatutos Sociales y en el art\u00edculo 15 del Reglamento del Consejo de Administraci\u00f3n, y en los arts. 19 a 24 del Reglamento de la Comisi\u00f3n de Nombramientos y Retribuciones. Todos ellos pueden consultarse en la web de la Sociedad, en el apartado de Gobierno Corporativo.<\/p>\n\n\n\n<p>La Comisi\u00f3n de Nombramientos y Retribuciones cuenta con su propio Reglamento, aprobado por el Consejo de Administraci\u00f3n conforme a lo previsto en la Gu\u00eda T\u00e9cnica 1\/2019 de la Comisi\u00f3n Nacional del Mercado de Valores sobre Comisiones de Nombramientos y Retribuciones.<\/p>\n\n\n\n<p>La Comisi\u00f3n elabora un informe anual sobre su funcionamiento y actividades, en relaci\u00f3n con las funciones que le son propias.<br><br>Los informes anuales de la Comisi\u00f3n de Nombramientos y Retribuciones pueden consultarse dentro de la documentaci\u00f3n correspondiente a las Juntas Generales Ordinarias de accionistas.<\/p>\n\n\n\n<p><strong>COMISI\u00d3N DE TRANSFORMACI\u00d3N DIGITAL<\/strong><\/p>\n\n\n\n<p>Esta Comisi\u00f3n se cre\u00f3 por Acuerdo del Consejo de Administraci\u00f3n de fecha 30\/11\/2021 y, en la actualidad, est\u00e1 compuesta por dos consejeros independientes y un dominical.<\/p>\n\n\n\n<figure class=\"wp-block-table\"><table class=\"has-fixed-layout\"><tbody><tr><td class=\"has-text-align-center\" data-align=\"center\"><strong>NOMBRE DEL MIEMBRO DE LA COMISI\u00d3N<\/strong><\/td><td class=\"has-text-align-center\" data-align=\"center\"><strong>CAR\u00c1CTER<\/strong><\/td><td class=\"has-text-align-center\" data-align=\"center\"><strong>CARGO EN LA COMISI\u00d3N<\/strong><\/td><td class=\"has-text-align-center\" data-align=\"center\"><strong>FECHA DEL \u00daLTIMO NOMBRAMIENTO<\/strong><\/td><\/tr><tr><td class=\"has-text-align-center\" data-align=\"center\">D\u00f1a. Diana Morato Feliciano<\/td><td class=\"has-text-align-center\" data-align=\"center\">Externo Independiente<\/td><td class=\"has-text-align-center\" data-align=\"center\">Presidenta<\/td><td class=\"has-text-align-center\" data-align=\"center\">30\/07\/2025<\/td><\/tr><tr><td class=\"has-text-align-center\" data-align=\"center\">D\u00f1a. Valeria Dom\u00ednguez Gonz\u00e1lez<\/td><td class=\"has-text-align-center\" data-align=\"center\">Externo Dominical<\/td><td class=\"has-text-align-center\" data-align=\"center\">Vocal<\/td><td class=\"has-text-align-center\" data-align=\"center\">31\/05\/2022<\/td><\/tr><tr><td class=\"has-text-align-center\" data-align=\"center\">D.&nbsp; \u00c1lvaro Alonso Cristobo<\/td><td class=\"has-text-align-center\" data-align=\"center\">Externo Independiente<\/td><td class=\"has-text-align-center\" data-align=\"center\">Vocal<\/td><td class=\"has-text-align-center\" data-align=\"center\">30\/07\/2025<\/td><\/tr><\/tbody><\/table><\/figure>\n\n\n\n<p>La secretaria de la Comisi\u00f3n de Nombramientos y Retribuciones es la del Consejo de Administraci\u00f3n<\/p>\n\n\n\n<p><br><strong>&#8211; Reglas de organizaci\u00f3n y funcionamiento.<\/strong><br><br><\/p>\n\n\n\n<p>Las reglas de organizaci\u00f3n y funcionamiento de la Comisi\u00f3n de Transformaci\u00f3n Digital se desarrollan en el art\u00edculo 15 bis del Reglamento del Consejo de Administraci\u00f3n, el cual puede consultarse en web de la Sociedad dentro del apartado Gobierno Corporativo. La Comisi\u00f3n elabora un informe anual sobre su funcionamiento y actividades, en relaci\u00f3n con las funciones que le son propias.<\/p>\n\n\n\n<p><\/p>\n","protected":false},"excerpt":{"rendered":"<p>El Consejo de Administraci\u00f3n de la Sociedad puede realizar delegaciones de facultades a t\u00edtulo individual al Presidente o a cualquier otro consejero (consejeros delegados) y, si lo considera oportuno por el incremento del n\u00famero de miembros del Consejo, o por otras circunstancias, crear una Comisi\u00f3n Ejecutiva. El Consejo de Administraci\u00f3n de Adolfo Dom\u00ednguez ha constituido una Comisi\u00f3n de Auditor\u00eda, una Comisi\u00f3n de Nombramientos y Retribuciones, y una Comisi\u00f3n de Transformaci\u00f3n Digital que se rigen conforme a las siguientes normas: COMISI\u00d3N DE AUDITOR\u00cdA La Comisi\u00f3n est\u00e1 compuesta, en la actualidad, por tres consejeros independientes: NOMBRE DEL MIEMBRO DE LA COMISI\u00d3N CAR\u00c1CTER CARGO EN LA COMISI\u00d3N FECHA DEL \u00daLTIMO NOMBRAMIENTO D.&nbsp; Rafael Prieto Mart\u00edn Externo Independiente Presidente 30\/07\/2025 D.&nbsp; Jos\u00e9 Luis Sainz D\u00edaz&nbsp; Externo Independiente Vocal 30\/07\/2025 D.&nbsp; \u00c1lvaro Cristobo Externo Independiente Vocal 30\/07\/2025 La secretaria de la Comisi\u00f3n de Auditor\u00eda es la del Consejo de Administraci\u00f3n &#8211; Reglas de organizaci\u00f3n y funcionamiento. Las reglas de organizaci\u00f3n y funcionamiento de la Comisi\u00f3n de Auditor\u00eda se desarrollan en el art\u00edculo 21 de los Estatutos Sociales, en el art\u00edculo 14 del Reglamento del Consejo de Administraci\u00f3n, y en los arts. 19 a 24 del Reglamento de la Comisi\u00f3n de Auditor\u00eda. Puede consultar esta informaci\u00f3n en la web de la Sociedad, dentro del apartado Gobierno Corporativo. La Comisi\u00f3n de Auditor\u00eda cuenta con su propio Reglamento, aprobado por el Consejo de Administraci\u00f3n conforme a lo previsto en la Gu\u00eda T\u00e9cnica 3\/2017 de la Comisi\u00f3n Nacional del Mercado de Valores sobre Comisiones de Auditor\u00eda de entidades de inter\u00e9s p\u00fablico. La Comisi\u00f3n elabora un informe anual sobre su funcionamiento y actividades, en relaci\u00f3n con las funciones que le son propias. Adem\u00e1s, cuando la Comisi\u00f3n de Auditor\u00eda lo considera oportuno, incluye en dicho informe propuestas para mejorar las reglas de gobierno de la Sociedad. Los informes anuales de la Comisi\u00f3n de Auditor\u00eda pueden consultarse dentro de la documentaci\u00f3n correspondiente a las Juntas Generales Ordinarias de accionistas. COMISI\u00d3N DE NOMBRAMIENTOS Y RETRIBUCIONES Esta Comisi\u00f3n est\u00e1 compuesta, en la actualidad, por tres consejeros independientes y uno dominical. NOMBRE DEL MIEMBRO DE LA COMISI\u00d3N CAR\u00c1CTER CARGO EN LA COMISI\u00d3N FECHA DEL \u00daLTIMO NOMBRAMIENTO D.&nbsp; Jos\u00e9 Luis Sainz D\u00edaz Externo Independiente Presidente 30\/07\/2025 D\u00f1a. Valeria Dom\u00ednguez Gonz\u00e1lez Externo Dominical Vocal 31\/05\/2022 D\u00f1a. Diana Morato Feliciano Externo Independiente Vocal 30\/07\/2025 D.&nbsp; Rafael Prieto Mart\u00edn Externo Independiente Vocal 30\/07\/2025 La secretaria de la Comisi\u00f3n de Nombramientos y Retribuciones es la del Consejo de Administraci\u00f3n &#8211; Reglas de organizaci\u00f3n y funcionamiento. Las reglas de organizaci\u00f3n y funcionamiento de la Comisi\u00f3n de Nombramientos y Retribuciones se desarrollan en el art\u00edculo 22 de los Estatutos Sociales y en el art\u00edculo 15 del Reglamento del Consejo de Administraci\u00f3n, y en los arts. 19 a 24 del Reglamento de la Comisi\u00f3n de Nombramientos y Retribuciones. Todos ellos pueden consultarse en la web de la Sociedad, en el apartado de Gobierno Corporativo. La Comisi\u00f3n de Nombramientos y Retribuciones cuenta con su propio Reglamento, aprobado por el Consejo de Administraci\u00f3n conforme a lo previsto en la Gu\u00eda T\u00e9cnica 1\/2019 de la Comisi\u00f3n Nacional del Mercado de Valores sobre Comisiones de Nombramientos y Retribuciones. La Comisi\u00f3n elabora un informe anual sobre su funcionamiento y actividades, en relaci\u00f3n con las funciones que le son propias. Los informes anuales de la Comisi\u00f3n de Nombramientos y Retribuciones pueden consultarse dentro de la documentaci\u00f3n correspondiente a las Juntas Generales Ordinarias de accionistas. COMISI\u00d3N DE TRANSFORMACI\u00d3N DIGITAL Esta Comisi\u00f3n se cre\u00f3 por Acuerdo del Consejo de Administraci\u00f3n de fecha 30\/11\/2021 y, en la actualidad, est\u00e1 compuesta por dos consejeros independientes y un dominical. NOMBRE DEL MIEMBRO DE LA COMISI\u00d3N CAR\u00c1CTER CARGO EN LA COMISI\u00d3N FECHA DEL \u00daLTIMO NOMBRAMIENTO D\u00f1a. Diana Morato Feliciano Externo Independiente Presidenta 30\/07\/2025 D\u00f1a. Valeria Dom\u00ednguez Gonz\u00e1lez Externo Dominical Vocal 31\/05\/2022 D.&nbsp; \u00c1lvaro Alonso Cristobo Externo Independiente Vocal 30\/07\/2025 La secretaria de la Comisi\u00f3n de Nombramientos y Retribuciones es la del Consejo de Administraci\u00f3n &#8211; Reglas de organizaci\u00f3n y funcionamiento. Las reglas de organizaci\u00f3n y funcionamiento de la Comisi\u00f3n de Transformaci\u00f3n Digital se desarrollan en el art\u00edculo 15 bis del Reglamento del Consejo de Administraci\u00f3n, el cual puede consultarse en web de la Sociedad dentro del apartado Gobierno Corporativo. La Comisi\u00f3n elabora un informe anual sobre su funcionamiento y actividades, en relaci\u00f3n con las funciones que le son propias.<\/p>\n","protected":false},"author":1,"featured_media":0,"parent":0,"menu_order":0,"comment_status":"closed","ping_status":"closed","template":"","meta":{"footnotes":""},"class_list":["post-187","page","type-page","status-publish","hentry"],"_links":{"self":[{"href":"https:\/\/adz.adolfodominguez.com\/index.php\/wp-json\/wp\/v2\/pages\/187","targetHints":{"allow":["GET"]}}],"collection":[{"href":"https:\/\/adz.adolfodominguez.com\/index.php\/wp-json\/wp\/v2\/pages"}],"about":[{"href":"https:\/\/adz.adolfodominguez.com\/index.php\/wp-json\/wp\/v2\/types\/page"}],"author":[{"embeddable":true,"href":"https:\/\/adz.adolfodominguez.com\/index.php\/wp-json\/wp\/v2\/users\/1"}],"replies":[{"embeddable":true,"href":"https:\/\/adz.adolfodominguez.com\/index.php\/wp-json\/wp\/v2\/comments?post=187"}],"version-history":[{"count":20,"href":"https:\/\/adz.adolfodominguez.com\/index.php\/wp-json\/wp\/v2\/pages\/187\/revisions"}],"predecessor-version":[{"id":1740,"href":"https:\/\/adz.adolfodominguez.com\/index.php\/wp-json\/wp\/v2\/pages\/187\/revisions\/1740"}],"wp:attachment":[{"href":"https:\/\/adz.adolfodominguez.com\/index.php\/wp-json\/wp\/v2\/media?parent=187"}],"curies":[{"name":"wp","href":"https:\/\/api.w.org\/{rel}","templated":true}]}}