{"id":190,"date":"2021-12-17T11:28:49","date_gmt":"2021-12-17T11:28:49","guid":{"rendered":"http:\/\/adz.interno-ad.es\/?page_id=190"},"modified":"2023-04-27T12:19:37","modified_gmt":"2023-04-27T11:19:37","slug":"foro-de-accionistas","status":"publish","type":"page","link":"https:\/\/adz.adolfodominguez.com\/index.php\/foro-de-accionistas\/","title":{"rendered":"Foro de Accionistas"},"content":{"rendered":"\n<p><strong><a rel=\"noreferrer noopener\" href=\"https:\/\/adz.adolfodominguez.com\/fotos\/190621105454_Reglamento%20Foro.%20pdf.pdf\" target=\"_blank\"><\/a><\/strong><\/p>\n\n\n\n<p><strong>Reglamento del Foro Electr\u00f3nico de Accionistas.<\/strong><\/p>\n\n\n\n<div class=\"wp-block-file\"><a id=\"wp-block-file--media-d634c675-bb3c-44bc-a50e-35bacb7d0707\" href=\"https:\/\/adz.adolfodominguez.com\/wp-content\/uploads\/2023\/04\/20230331-AD-Reglamento-Foro-Accionistas-1.pdf\">Acceso al documento<\/a><a href=\"https:\/\/adz.adolfodominguez.com\/wp-content\/uploads\/2023\/04\/20230331-AD-Reglamento-Foro-Accionistas-1.pdf\" class=\"wp-block-file__button wp-element-button\" download aria-describedby=\"wp-block-file--media-d634c675-bb3c-44bc-a50e-35bacb7d0707\">Descarga<\/a><\/div>\n\n\n\n<p><em>Con ocasi\u00f3n de la convocatoria de la Junta General correspondiente se habilitar\u00e1 un enlace para poder acceder al Foro Electr\u00f3nico de <\/em>Accionistas<em>.<\/em><\/p>\n\n\n\n<p><strong>Acceso al Foro<\/strong><\/p>\n\n\n\n<p>Espa\u00f1ol:<\/p>\n\n\n\n<p><a href=\"https:\/\/adolfodominguez.juntadeaccionistas.es\/es\">https:\/\/adolfodominguez.juntadeaccionistas.es\/es<\/a><\/p>\n\n\n\n<p>Ingles:<\/p>\n\n\n\n<p><a href=\"https:\/\/adolfodominguez.juntadeaccionistas.es\/en\">https:\/\/adolfodominguez.juntadeaccionistas.es\/en<\/a><\/p>\n","protected":false},"excerpt":{"rendered":"<p>Reglamento del Foro Electr\u00f3nico de Accionistas. Con ocasi\u00f3n de la convocatoria de la Junta General correspondiente se habilitar\u00e1 un enlace para poder acceder al Foro Electr\u00f3nico de Accionistas. Acceso al Foro Espa\u00f1ol: https:\/\/adolfodominguez.juntadeaccionistas.es\/es Ingles: https:\/\/adolfodominguez.juntadeaccionistas.es\/en<\/p>\n","protected":false},"author":1,"featured_media":0,"parent":0,"menu_order":0,"comment_status":"closed","ping_status":"closed","template":"","meta":{"footnotes":""},"class_list":["post-190","page","type-page","status-publish","hentry"],"_links":{"self":[{"href":"https:\/\/adz.adolfodominguez.com\/index.php\/wp-json\/wp\/v2\/pages\/190","targetHints":{"allow":["GET"]}}],"collection":[{"href":"https:\/\/adz.adolfodominguez.com\/index.php\/wp-json\/wp\/v2\/pages"}],"about":[{"href":"https:\/\/adz.adolfodominguez.com\/index.php\/wp-json\/wp\/v2\/types\/page"}],"author":[{"embeddable":true,"href":"https:\/\/adz.adolfodominguez.com\/index.php\/wp-json\/wp\/v2\/users\/1"}],"replies":[{"embeddable":true,"href":"https:\/\/adz.adolfodominguez.com\/index.php\/wp-json\/wp\/v2\/comments?post=190"}],"version-history":[{"count":10,"href":"https:\/\/adz.adolfodominguez.com\/index.php\/wp-json\/wp\/v2\/pages\/190\/revisions"}],"predecessor-version":[{"id":1025,"href":"https:\/\/adz.adolfodominguez.com\/index.php\/wp-json\/wp\/v2\/pages\/190\/revisions\/1025"}],"wp:attachment":[{"href":"https:\/\/adz.adolfodominguez.com\/index.php\/wp-json\/wp\/v2\/media?parent=190"}],"curies":[{"name":"wp","href":"https:\/\/api.w.org\/{rel}","templated":true}]}}