{"id":220,"date":"2021-12-17T11:32:37","date_gmt":"2021-12-17T11:32:37","guid":{"rendered":"http:\/\/adz.interno-ad.es\/?page_id=220"},"modified":"2022-03-18T12:16:05","modified_gmt":"2022-03-18T12:16:05","slug":"propuesta-junta-general-2021","status":"publish","type":"page","link":"https:\/\/adz.adolfodominguez.com\/index.php\/propuesta-junta-general-2021\/","title":{"rendered":"Documentaci\u00f3n Junta General 2021"},"content":{"rendered":"\n<p><\/p>\n\n\n\n<p><strong>01. Anuncio de convocatoria de la Junta General Ordinaria<\/strong><\/p>\n\n\n\n<div class=\"wp-block-file\"><a id=\"wp-block-file--media-792ab67c-579e-47b1-9c04-7b75cf672325\" href=\"https:\/\/adz.adolfodominguez.com\/wp-content\/uploads\/2022\/02\/210727083809_01.Anuncio-convocatoria-JGA-AD-2021.pdf\">Acceso al Documento<\/a><a href=\"https:\/\/adz.adolfodominguez.com\/wp-content\/uploads\/2022\/02\/210727083809_01.Anuncio-convocatoria-JGA-AD-2021.pdf\" class=\"wp-block-file__button\" download aria-describedby=\"wp-block-file--media-792ab67c-579e-47b1-9c04-7b75cf672325\">Descarga<\/a><\/div>\n\n\n\n<p><strong>02. Propuestas de acuerdo del Consejo de Administraci\u00f3n a la Junta General<\/strong><br><a href=\"https:\/\/adolfodominguezsl-my.sharepoint.com\/:b:\/g\/personal\/diego_gonzalez_adolfodominguez_com\/EcxVwSV4ZwNMjnCRH9qBFrsBFxF1nxZyc5QA55eib4ag7A?e=tYAgGp\"><strong><u>Acceso al Documento<\/u><\/strong><\/a><\/p>\n\n\n\n<p><strong>03. Cuentas Anuales individuales y consolidadas<\/strong><br><a href=\"https:\/\/adolfodominguezsl-my.sharepoint.com\/:b:\/g\/personal\/diego_gonzalez_adolfodominguez_com\/Ee90_HZwfpVIqFDlNtj_dVQBbwm-K8GW8wdpNykX8d-WBA?e=kKgt6A\"><strong><u>Acceso al Documento<\/u><\/strong><\/a><\/p>\n\n\n\n<p><strong>04. Estado de informaci\u00f3n no financiera correspondiente al ejercicio finalizado el 28 de febrero de 2021, junto con el informe del prestador de servicios independiente<\/strong><br><a href=\"https:\/\/adolfodominguezsl-my.sharepoint.com\/:b:\/g\/personal\/diego_gonzalez_adolfodominguez_com\/EcNfB27qJvBDkOPURYV1KegBHi0h43ArjpTqBNCqNBqaUg?e=2FhTEX\"><strong><u>Acceso al Documento<\/u><\/strong><\/a><\/p>\n\n\n\n<p><strong>05. Informe del Consejo de Administraci\u00f3n sobre la justificaci\u00f3n de la propuesta de modificaci\u00f3n de los estatutos sociales<\/strong><br><a href=\"https:\/\/adolfodominguezsl-my.sharepoint.com\/:b:\/g\/personal\/diego_gonzalez_adolfodominguez_com\/Ebg88oUXHVNCmWtvF0eNNksBXv8phYcTwQbnj8ypuUsi4A?e=htnEN9\"><strong><u>Acceso al Documento<\/u><\/strong><\/a><\/p>\n\n\n\n<p><strong>06. Estatutos sociales vigentes<\/strong><\/p>\n\n\n\n<div class=\"wp-block-file\"><a id=\"wp-block-file--media-d7d0f216-e8de-4b39-91e7-a4a5402f07a0\" href=\"https:\/\/adz.adolfodominguez.com\/wp-content\/uploads\/2022\/02\/210727091419_06.-Estatutos-Sociales-vigentes.pdf\">Acceso al Documento<\/a><a href=\"https:\/\/adz.adolfodominguez.com\/wp-content\/uploads\/2022\/02\/210727091419_06.-Estatutos-Sociales-vigentes.pdf\" class=\"wp-block-file__button\" download aria-describedby=\"wp-block-file--media-d7d0f216-e8de-4b39-91e7-a4a5402f07a0\">Descarga<\/a><\/div>\n\n\n\n<p><strong>07. Texto resultante de los Estatutos Sociales en caso de que se aprueben las modificaciones propuestas<\/strong><\/p>\n\n\n\n<div class=\"wp-block-file\"><a id=\"wp-block-file--media-fc62f467-78a3-4572-aaca-968fcef120ce\" href=\"https:\/\/adz.adolfodominguez.com\/wp-content\/uploads\/2022\/02\/210727122415_07.-Estatutos-sociales.pdf\">Acceso al Documento<\/a><a href=\"https:\/\/adz.adolfodominguez.com\/wp-content\/uploads\/2022\/02\/210727122415_07.-Estatutos-sociales.pdf\" class=\"wp-block-file__button\" download aria-describedby=\"wp-block-file--media-fc62f467-78a3-4572-aaca-968fcef120ce\">Descarga<\/a><\/div>\n\n\n\n<p><strong>08. Informe del Consejo de Administraci\u00f3n sobre la justificaci\u00f3n de la propuesta de modificaci\u00f3n del reglamento de la Junta General<\/strong><br><a href=\"https:\/\/adolfodominguezsl-my.sharepoint.com\/:b:\/g\/personal\/diego_gonzalez_adolfodominguez_com\/EWMcENdkrStNo00j7iwyKscBDWkSN4yPPhNefvjeucNVXg?e=vXlre1\"><strong><u>Acceso al Documento<\/u><\/strong><\/a><\/p>\n\n\n\n<p><strong>09. Reglamento de la Junta General vigente<\/strong><\/p>\n\n\n\n<div class=\"wp-block-file\"><a id=\"wp-block-file--media-25dcf145-db63-4a9a-98ae-064f305796a9\" href=\"https:\/\/adz.adolfodominguez.com\/wp-content\/uploads\/2022\/02\/210727122544_09.-Reglamento-Junta-General-vigente.pdf\">Acceso al Documento<\/a><a href=\"https:\/\/adz.adolfodominguez.com\/wp-content\/uploads\/2022\/02\/210727122544_09.-Reglamento-Junta-General-vigente.pdf\" class=\"wp-block-file__button\" download aria-describedby=\"wp-block-file--media-25dcf145-db63-4a9a-98ae-064f305796a9\">Descarga<\/a><\/div>\n\n\n\n<p><strong>10. Texto resultante del Reglamento de la Junta General en caso de que se aprueben las modificaciones propuestas<\/strong><br><a href=\"https:\/\/adolfodominguezsl-my.sharepoint.com\/:b:\/g\/personal\/diego_gonzalez_adolfodominguez_com\/EaFFqCgv2xBIkIThFFBPudEB4g14c-2OO4ANxNaGK4YK7Q?e=aFxoLd\"><strong><u>Acceso al Documento<\/u><\/strong><\/a><\/p>\n\n\n\n<p><strong>11. Informe justificativo del Consejo de Administraci\u00f3n sobre las propuestas de nombramiento, reelecci\u00f3n y\/o ratificaci\u00f3n de consejeros<\/strong><br><a href=\"https:\/\/adolfodominguezsl-my.sharepoint.com\/:b:\/g\/personal\/diego_gonzalez_adolfodominguez_com\/EblmOvIqM8ZAm-vIVl61408BOF9UhJD4RSpQmMmWJTF7nQ?e=Xh1XxR\"><strong><u>Acceso al Documento<\/u><\/strong><\/a><\/p>\n\n\n\n<p><strong>12. Propuesta motivada del Consejo de Administraci\u00f3n en relaci\u00f3n con la propuesta de aprobaci\u00f3n de la nueva Pol\u00edtica de Remuneraciones de los consejeros para el periodo 2021-2023<\/strong><\/p>\n\n\n\n<div class=\"wp-block-file\"><a id=\"wp-block-file--media-c7dab891-7e97-4e71-b850-b28bcd51772b\" href=\"https:\/\/adz.adolfodominguez.com\/wp-content\/uploads\/2022\/02\/210727122707_12.-Propuesta-motivada-CdA.pdf\">Acceso al Documento<\/a><a href=\"https:\/\/adz.adolfodominguez.com\/wp-content\/uploads\/2022\/02\/210727122707_12.-Propuesta-motivada-CdA.pdf\" class=\"wp-block-file__button\" download aria-describedby=\"wp-block-file--media-c7dab891-7e97-4e71-b850-b28bcd51772b\">Descarga<\/a><\/div>\n\n\n\n<p><strong>13. Informe de la Comisi\u00f3n de Nombramientos y Retribuciones en relaci\u00f3n con la propuesta de aprobaci\u00f3n de la nueva Pol\u00edtica de Remuneraciones de los consejeros para el periodo 2021-2023<\/strong><\/p>\n\n\n\n<div class=\"wp-block-file\"><a id=\"wp-block-file--media-bd403106-30bb-4357-bd76-617ac4140248\" href=\"https:\/\/adz.adolfodominguez.com\/wp-content\/uploads\/2022\/02\/210727122821_13.-Informe-CNyR.pdf\">Acceso al Documento<\/a><a href=\"https:\/\/adz.adolfodominguez.com\/wp-content\/uploads\/2022\/02\/210727122821_13.-Informe-CNyR.pdf\" class=\"wp-block-file__button\" download aria-describedby=\"wp-block-file--media-bd403106-30bb-4357-bd76-617ac4140248\">Descarga<\/a><\/div>\n\n\n\n<p><strong>14. Pol\u00edtica de Remuneraciones de los consejeros para el periodo 2021-2023<\/strong><br><a href=\"https:\/\/adolfodominguezsl-my.sharepoint.com\/:b:\/g\/personal\/diego_gonzalez_adolfodominguez_com\/Ee6bXqmyN_xDkH_XbvfvALcBMiOy-vBM6u4eLb5fdPHYNw?e=hrhvI7\"><strong><u>Acceso al Documento<\/u><\/strong><\/a><\/p>\n\n\n\n<p><strong>15. Informe justificativo del Consejo de Administraci\u00f3n en relaci\u00f3n con la propuesta de delegaci\u00f3n en el Consejo de Administraci\u00f3n de la facultad de emitir valores de renta fija convertibles y\/o canjeables en acciones de la Sociedad u otras sociedades<\/strong><\/p>\n\n\n\n<div class=\"wp-block-file\"><a id=\"wp-block-file--media-002a2795-a6be-46eb-931f-c9eff3f37bce\" href=\"https:\/\/adz.adolfodominguez.com\/wp-content\/uploads\/2022\/02\/210727123333_15.-Informe-CdA-Delegaciion.pdf\">Acceso al Documento<\/a><a href=\"https:\/\/adz.adolfodominguez.com\/wp-content\/uploads\/2022\/02\/210727123333_15.-Informe-CdA-Delegaciion.pdf\" class=\"wp-block-file__button\" download aria-describedby=\"wp-block-file--media-002a2795-a6be-46eb-931f-c9eff3f37bce\">Descarga<\/a><\/div>\n\n\n\n<p><strong>16. Reglamento del Consejo modificado e informe de administradores justificativo de las modificaciones realizadas<\/strong><br><a href=\"https:\/\/adolfodominguezsl-my.sharepoint.com\/:b:\/g\/personal\/diego_gonzalez_adolfodominguez_com\/Effm3zKiowlDkDoqUW6MWLgB6ceGgRDvmL0uVgfpJDpqug?e=XCYg3z\"><strong><u>Acceso al Documento<\/u><\/strong><\/a><\/p>\n\n\n\n<p><strong>17. Informe Anual sobre las Remuneraciones de los consejeros del ejercicio finalizado el 28 de febrero de 2021<\/strong><\/p>\n\n\n\n<div class=\"wp-block-file\"><a id=\"wp-block-file--media-6e26b5c7-7f8a-464a-8e21-509a3328a20d\" href=\"https:\/\/adz.adolfodominguez.com\/wp-content\/uploads\/2022\/02\/210727091031_17.-IAR-2020.pdf\">Acceso al Documento<\/a><a href=\"https:\/\/adz.adolfodominguez.com\/wp-content\/uploads\/2022\/02\/210727091031_17.-IAR-2020.pdf\" class=\"wp-block-file__button\" download aria-describedby=\"wp-block-file--media-6e26b5c7-7f8a-464a-8e21-509a3328a20d\">Descarga<\/a><\/div>\n\n\n\n<p><strong>18. Informe Anual de Gobierno Corporativo del ejercicio finalizado el 28 de febrero de 2021<\/strong><br><a href=\"https:\/\/adolfodominguezsl-my.sharepoint.com\/:b:\/g\/personal\/diego_gonzalez_adolfodominguez_com\/ERf8oHeCOCFHsegsO5it1X4BqVDg_9tI4S9tI0mbNWwolw?e=P9sITP\"><strong><u>Acceso al Documento<\/u><\/strong><\/a><\/p>\n\n\n\n<p><strong>19. Informe anual de la Comisi\u00f3n de Auditor\u00eda correspondiente al ejercicio finalizado el 28 de febrero de 2021<\/strong><\/p>\n\n\n\n<div class=\"wp-block-file\"><a id=\"wp-block-file--media-80d59db9-9ef2-4fba-aa12-83e35c36f6e3\" href=\"https:\/\/adz.adolfodominguez.com\/wp-content\/uploads\/2022\/02\/210727123526_19.-Informe-anual-Auditoria.pdf\">Acceso al Documento<\/a><a href=\"https:\/\/adz.adolfodominguez.com\/wp-content\/uploads\/2022\/02\/210727123526_19.-Informe-anual-Auditoria.pdf\" class=\"wp-block-file__button\" download aria-describedby=\"wp-block-file--media-80d59db9-9ef2-4fba-aa12-83e35c36f6e3\">Descarga<\/a><\/div>\n\n\n\n<p><strong>20. Informe anual de la Comisi\u00f3n de Nombramientos y Retribuciones correspondiente al ejercicio finalizado el 28 de febrero de 2021<\/strong><\/p>\n\n\n\n<div class=\"wp-block-file\"><a id=\"wp-block-file--media-dc7efabf-3305-4c25-9dac-701b48f9d03d\" href=\"https:\/\/adz.adolfodominguez.com\/wp-content\/uploads\/2022\/02\/210727123953_20.-Informe-anual-de-la-Comision-de-Nombramientos-y-Retribuciones.pdf\">Acceso al Documento<\/a><a href=\"https:\/\/adz.adolfodominguez.com\/wp-content\/uploads\/2022\/02\/210727123953_20.-Informe-anual-de-la-Comision-de-Nombramientos-y-Retribuciones.pdf\" class=\"wp-block-file__button\" download aria-describedby=\"wp-block-file--media-dc7efabf-3305-4c25-9dac-701b48f9d03d\">Descarga<\/a><\/div>\n\n\n\n<p><strong>21. Informe de la Comisi\u00f3n de Auditor\u00eda sobre la independencia del auditor de cuentas<\/strong><\/p>\n\n\n\n<div class=\"wp-block-file\"><a id=\"wp-block-file--media-71df9aed-2d4c-480c-9c69-f18e619cbed4\" href=\"https:\/\/adz.adolfodominguez.com\/wp-content\/uploads\/2022\/02\/210727123645_21.-Informe-sobre-la-independencia.pdf\">Acceso al Documento<\/a><a href=\"https:\/\/adz.adolfodominguez.com\/wp-content\/uploads\/2022\/02\/210727123645_21.-Informe-sobre-la-independencia.pdf\" class=\"wp-block-file__button\" download aria-describedby=\"wp-block-file--media-71df9aed-2d4c-480c-9c69-f18e619cbed4\">Descarga<\/a><\/div>\n\n\n\n<p><strong>22. Reglamento del Foro Electr\u00f3nico de Accionistas<\/strong><\/p>\n\n\n\n<div class=\"wp-block-file\"><a id=\"wp-block-file--media-89760e5c-cd95-42f8-acb6-aa4dbf0ea24d\" href=\"https:\/\/adz.adolfodominguez.com\/wp-content\/uploads\/2022\/02\/210727090626_22.-Reglamento-Foro-Accionistas-AD.pdf\">Acceso al Documento<\/a><a href=\"https:\/\/adz.adolfodominguez.com\/wp-content\/uploads\/2022\/02\/210727090626_22.-Reglamento-Foro-Accionistas-AD.pdf\" class=\"wp-block-file__button\" download aria-describedby=\"wp-block-file--media-89760e5c-cd95-42f8-acb6-aa4dbf0ea24d\">Descarga<\/a><\/div>\n\n\n\n<p><strong>23. Derecho de informaci\u00f3n de los accionistas<\/strong><\/p>\n\n\n\n<div class=\"wp-block-file\"><a id=\"wp-block-file--media-023aaf10-7998-443d-ace3-a6afbd3ff009\" href=\"https:\/\/adz.adolfodominguez.com\/wp-content\/uploads\/2022\/02\/210727123829_23.-Derecho-de-JG-2021.pdf\">Acceso al Documento<\/a><a href=\"https:\/\/adz.adolfodominguez.com\/wp-content\/uploads\/2022\/02\/210727123829_23.-Derecho-de-JG-2021.pdf\" class=\"wp-block-file__button\" download aria-describedby=\"wp-block-file--media-023aaf10-7998-443d-ace3-a6afbd3ff009\">Descarga<\/a><\/div>\n\n\n\n<p><strong>24. Reglas para la Delegaci\u00f3n y Voto a trav\u00e9s de medios de comunicaci\u00f3n a distancia.<\/strong><\/p>\n\n\n\n<div class=\"wp-block-file\"><a id=\"wp-block-file--media-017a0d63-97e8-4c7f-8f1a-b46dbfec0fa1\" href=\"https:\/\/adz.adolfodominguez.com\/wp-content\/uploads\/2022\/02\/210727123818_24.-Reglas-y-voto-a-distancia-JGA-AD-2021.pdf\">Acceso al Documento<\/a><a href=\"https:\/\/adz.adolfodominguez.com\/wp-content\/uploads\/2022\/02\/210727123818_24.-Reglas-y-voto-a-distancia-JGA-AD-2021.pdf\" class=\"wp-block-file__button\" download aria-describedby=\"wp-block-file--media-017a0d63-97e8-4c7f-8f1a-b46dbfec0fa1\">Descarga<\/a><\/div>\n\n\n\n<p><strong>25. Modelo de tarjeta de asistencia, delegaci\u00f3n y voto a distancia<\/strong><\/p>\n\n\n\n<div class=\"wp-block-file\"><a id=\"wp-block-file--media-667337d7-1a80-4d05-a2fb-09140c72a7b5\" href=\"https:\/\/adz.adolfodominguez.com\/wp-content\/uploads\/2022\/02\/210727123758_25.-Modelo-Tarjeta-asistencia-voto-a-distancia-JGA-AD-2021.pdf\">Acceso al Documento<\/a><a href=\"https:\/\/adz.adolfodominguez.com\/wp-content\/uploads\/2022\/02\/210727123758_25.-Modelo-Tarjeta-asistencia-voto-a-distancia-JGA-AD-2021.pdf\" class=\"wp-block-file__button\" download aria-describedby=\"wp-block-file--media-667337d7-1a80-4d05-a2fb-09140c72a7b5\">Descarga<\/a><\/div>\n\n\n\n<p><strong>26. Documento en el que consta el n\u00famero total de acciones y derechos de voto en la fecha de convocatoria<\/strong><\/p>\n\n\n\n<div class=\"wp-block-file\"><a id=\"wp-block-file--media-49b2652f-9044-4273-b23b-653be4fc9315\" href=\"https:\/\/adz.adolfodominguez.com\/wp-content\/uploads\/2022\/02\/210727123746_26.-N-total-de-acciones.pdf\">Acceso al Documento<\/a><a href=\"https:\/\/adz.adolfodominguez.com\/wp-content\/uploads\/2022\/02\/210727123746_26.-N-total-de-acciones.pdf\" class=\"wp-block-file__button\" download aria-describedby=\"wp-block-file--media-49b2652f-9044-4273-b23b-653be4fc9315\">Descarga<\/a><\/div>\n","protected":false},"excerpt":{"rendered":"<p>01. Anuncio de convocatoria de la Junta General Ordinaria 02. Propuestas de acuerdo del Consejo de Administraci\u00f3n a la Junta GeneralAcceso al Documento 03. Cuentas Anuales individuales y consolidadasAcceso al Documento 04. Estado de informaci\u00f3n no financiera correspondiente al ejercicio finalizado el 28 de febrero de 2021, junto con el informe del prestador de servicios independienteAcceso al Documento 05. Informe del Consejo de Administraci\u00f3n sobre la justificaci\u00f3n de la propuesta de modificaci\u00f3n de los estatutos socialesAcceso al Documento 06. Estatutos sociales vigentes 07. Texto resultante de los Estatutos Sociales en caso de que se aprueben las modificaciones propuestas 08. Informe del Consejo de Administraci\u00f3n sobre la justificaci\u00f3n de la propuesta de modificaci\u00f3n del reglamento de la Junta GeneralAcceso al Documento 09. Reglamento de la Junta General vigente 10. Texto resultante del Reglamento de la Junta General en caso de que se aprueben las modificaciones propuestasAcceso al Documento 11. Informe justificativo del Consejo de Administraci\u00f3n sobre las propuestas de nombramiento, reelecci\u00f3n y\/o ratificaci\u00f3n de consejerosAcceso al Documento 12. Propuesta motivada del Consejo de Administraci\u00f3n en relaci\u00f3n con la propuesta de aprobaci\u00f3n de la nueva Pol\u00edtica de Remuneraciones de los consejeros para el periodo 2021-2023 13. Informe de la Comisi\u00f3n de Nombramientos y Retribuciones en relaci\u00f3n con la propuesta de aprobaci\u00f3n de la nueva Pol\u00edtica de Remuneraciones de los consejeros para el periodo 2021-2023 14. Pol\u00edtica de Remuneraciones de los consejeros para el periodo 2021-2023Acceso al Documento 15. Informe justificativo del Consejo de Administraci\u00f3n en relaci\u00f3n con la propuesta de delegaci\u00f3n en el Consejo de Administraci\u00f3n de la facultad de emitir valores de renta fija convertibles y\/o canjeables en acciones de la Sociedad u otras sociedades 16. Reglamento del Consejo modificado e informe de administradores justificativo de las modificaciones realizadasAcceso al Documento 17. Informe Anual sobre las Remuneraciones de los consejeros del ejercicio finalizado el 28 de febrero de 2021 18. Informe Anual de Gobierno Corporativo del ejercicio finalizado el 28 de febrero de 2021Acceso al Documento 19. Informe anual de la Comisi\u00f3n de Auditor\u00eda correspondiente al ejercicio finalizado el 28 de febrero de 2021 20. Informe anual de la Comisi\u00f3n de Nombramientos y Retribuciones correspondiente al ejercicio finalizado el 28 de febrero de 2021 21. Informe de la Comisi\u00f3n de Auditor\u00eda sobre la independencia del auditor de cuentas 22. Reglamento del Foro Electr\u00f3nico de Accionistas 23. Derecho de informaci\u00f3n de los accionistas 24. Reglas para la Delegaci\u00f3n y Voto a trav\u00e9s de medios de comunicaci\u00f3n a distancia. 25. Modelo de tarjeta de asistencia, delegaci\u00f3n y voto a distancia 26. Documento en el que consta el n\u00famero total de acciones y derechos de voto en la fecha de convocatoria<\/p>\n","protected":false},"author":1,"featured_media":0,"parent":0,"menu_order":0,"comment_status":"closed","ping_status":"closed","template":"","meta":{"footnotes":""},"class_list":["post-220","page","type-page","status-publish","hentry"],"_links":{"self":[{"href":"https:\/\/adz.adolfodominguez.com\/index.php\/wp-json\/wp\/v2\/pages\/220","targetHints":{"allow":["GET"]}}],"collection":[{"href":"https:\/\/adz.adolfodominguez.com\/index.php\/wp-json\/wp\/v2\/pages"}],"about":[{"href":"https:\/\/adz.adolfodominguez.com\/index.php\/wp-json\/wp\/v2\/types\/page"}],"author":[{"embeddable":true,"href":"https:\/\/adz.adolfodominguez.com\/index.php\/wp-json\/wp\/v2\/users\/1"}],"replies":[{"embeddable":true,"href":"https:\/\/adz.adolfodominguez.com\/index.php\/wp-json\/wp\/v2\/comments?post=220"}],"version-history":[{"count":6,"href":"https:\/\/adz.adolfodominguez.com\/index.php\/wp-json\/wp\/v2\/pages\/220\/revisions"}],"predecessor-version":[{"id":833,"href":"https:\/\/adz.adolfodominguez.com\/index.php\/wp-json\/wp\/v2\/pages\/220\/revisions\/833"}],"wp:attachment":[{"href":"https:\/\/adz.adolfodominguez.com\/index.php\/wp-json\/wp\/v2\/media?parent=220"}],"curies":[{"name":"wp","href":"https:\/\/api.w.org\/{rel}","templated":true}]}}