{"id":310,"date":"2022-01-19T15:10:53","date_gmt":"2022-01-19T15:10:53","guid":{"rendered":"http:\/\/adz.interno-ad.es\/?page_id=310"},"modified":"2022-03-11T07:01:38","modified_gmt":"2022-03-11T07:01:38","slug":"ejercicio-2018-ipp","status":"publish","type":"page","link":"https:\/\/adz.adolfodominguez.com\/index.php\/ejercicio-2018-ipp\/","title":{"rendered":"Ejercicio 2018 (IPP)"},"content":{"rendered":"\n<p><strong>Informaci\u00f3n financiera intermedia<\/strong><br>La sociedad remite informaci\u00f3n sobre los resultados del segundo semestre de 2018 &#8211; 2019.<br>(Comunicaci\u00f3n CNMV del 30 de abril &#8211; N\u00famero de registro: 277622)<\/p>\n\n\n\n<div class=\"wp-block-file\"><a id=\"wp-block-file--media-2e535bce-5b01-44ff-a68f-35a39842e36f\" href=\"https:\/\/adz.adolfodominguez.com\/wp-content\/uploads\/2022\/01\/190430114635_Informe-de-Gestio\u0301n-y-Notas-explicativas-30042019.pdf\">Acceso al Documento<\/a><a href=\"https:\/\/adz.adolfodominguez.com\/wp-content\/uploads\/2022\/01\/190430114635_Informe-de-Gestio\u0301n-y-Notas-explicativas-30042019.pdf\" class=\"wp-block-file__button\" download aria-describedby=\"wp-block-file--media-2e535bce-5b01-44ff-a68f-35a39842e36f\">Descarga<\/a><\/div>\n\n\n\n<p><strong>Informaci\u00f3n financiera intermedia<\/strong><br>La sociedad remite informaci\u00f3n sobre los resultados del tercer trimestre de 2018 &#8211; 2019.<br>(Comunicaci\u00f3n a CNMV del 11\/01\/2019 N\u00famero de registro: 273646)<\/p>\n\n\n\n<div class=\"wp-block-file\"><a id=\"wp-block-file--media-5f75fa82-7f23-471c-b08c-806cf48810f6\" href=\"https:\/\/adz.adolfodominguez.com\/wp-content\/uploads\/2022\/01\/190111095111_ifi.pdf\">Acceso al Documento<\/a><a href=\"https:\/\/adz.adolfodominguez.com\/wp-content\/uploads\/2022\/01\/190111095111_ifi.pdf\" class=\"wp-block-file__button\" download aria-describedby=\"wp-block-file--media-5f75fa82-7f23-471c-b08c-806cf48810f6\">Descarga<\/a><\/div>\n\n\n\n<p><strong>Informaci\u00f3n financiera intermedia<\/strong><br>La sociedad remite informaci\u00f3n sobre los resultados del primer semestre 2018<br>(Comunicaci\u00f3n a CNMV del 16 de noviembre de 2018. N\u00famero de registro: 271645)<\/p>\n\n\n\n<div class=\"wp-block-file\"><a id=\"wp-block-file--media-9c26f47a-af87-4442-a8bd-b0a94b541a2b\" href=\"https:\/\/adz.adolfodominguez.com\/wp-content\/uploads\/2022\/01\/181116153046_Informacio\u0301n-1o-semestre-del-ejercicio-2018.pdf\">Acceso al Documento<\/a><a href=\"https:\/\/adz.adolfodominguez.com\/wp-content\/uploads\/2022\/01\/181116153046_Informacio\u0301n-1o-semestre-del-ejercicio-2018.pdf\" class=\"wp-block-file__button\" download aria-describedby=\"wp-block-file--media-9c26f47a-af87-4442-a8bd-b0a94b541a2b\">Descarga<\/a><\/div>\n\n\n\n<p><strong>Informaci\u00f3n financiera intermedia<\/strong><br>La sociedad remite informaci\u00f3n sobre los resultados del primer trimestre de 2018<br>(Comunicaci\u00f3n a CNMV del 13 de julio de 2018. N\u00famero de registro: 2018083958).<\/p>\n\n\n\n<div class=\"wp-block-file\"><a id=\"wp-block-file--media-bd0ba52d-08f9-4173-8a96-1ded615f8a3f\" href=\"https:\/\/adz.adolfodominguez.com\/wp-content\/uploads\/2022\/01\/180713091717_Informe-Gestion-Adolfo-Dominguez-1T-201819.pdf\">Acceso al Documento<\/a><a href=\"https:\/\/adz.adolfodominguez.com\/wp-content\/uploads\/2022\/01\/180713091717_Informe-Gestion-Adolfo-Dominguez-1T-201819.pdf\" class=\"wp-block-file__button\" download aria-describedby=\"wp-block-file--media-bd0ba52d-08f9-4173-8a96-1ded615f8a3f\">Descarga<\/a><\/div>\n","protected":false},"excerpt":{"rendered":"<p>Informaci\u00f3n financiera intermediaLa sociedad remite informaci\u00f3n sobre los resultados del segundo semestre de 2018 &#8211; 2019.(Comunicaci\u00f3n CNMV del 30 de abril &#8211; N\u00famero de registro: 277622) Informaci\u00f3n financiera intermediaLa sociedad remite informaci\u00f3n sobre los resultados del tercer trimestre de 2018 &#8211; 2019.(Comunicaci\u00f3n a CNMV del 11\/01\/2019 N\u00famero de registro: 273646) Informaci\u00f3n financiera intermediaLa sociedad remite informaci\u00f3n sobre los resultados del primer semestre 2018(Comunicaci\u00f3n a CNMV del 16 de noviembre de 2018. N\u00famero de registro: 271645) Informaci\u00f3n financiera intermediaLa sociedad remite informaci\u00f3n sobre los resultados del primer trimestre de 2018(Comunicaci\u00f3n a CNMV del 13 de julio de 2018. N\u00famero de registro: 2018083958).<\/p>\n","protected":false},"author":1,"featured_media":0,"parent":0,"menu_order":0,"comment_status":"closed","ping_status":"closed","template":"","meta":{"footnotes":""},"class_list":["post-310","page","type-page","status-publish","hentry"],"_links":{"self":[{"href":"https:\/\/adz.adolfodominguez.com\/index.php\/wp-json\/wp\/v2\/pages\/310","targetHints":{"allow":["GET"]}}],"collection":[{"href":"https:\/\/adz.adolfodominguez.com\/index.php\/wp-json\/wp\/v2\/pages"}],"about":[{"href":"https:\/\/adz.adolfodominguez.com\/index.php\/wp-json\/wp\/v2\/types\/page"}],"author":[{"embeddable":true,"href":"https:\/\/adz.adolfodominguez.com\/index.php\/wp-json\/wp\/v2\/users\/1"}],"replies":[{"embeddable":true,"href":"https:\/\/adz.adolfodominguez.com\/index.php\/wp-json\/wp\/v2\/comments?post=310"}],"version-history":[{"count":8,"href":"https:\/\/adz.adolfodominguez.com\/index.php\/wp-json\/wp\/v2\/pages\/310\/revisions"}],"predecessor-version":[{"id":758,"href":"https:\/\/adz.adolfodominguez.com\/index.php\/wp-json\/wp\/v2\/pages\/310\/revisions\/758"}],"wp:attachment":[{"href":"https:\/\/adz.adolfodominguez.com\/index.php\/wp-json\/wp\/v2\/media?parent=310"}],"curies":[{"name":"wp","href":"https:\/\/api.w.org\/{rel}","templated":true}]}}