{"id":446,"date":"2022-01-28T08:14:42","date_gmt":"2022-01-28T08:14:42","guid":{"rendered":"http:\/\/adz.interno-ad.es\/?page_id=446"},"modified":"2022-03-18T12:15:44","modified_gmt":"2022-03-18T12:15:44","slug":"propuesta-junta-general-2019","status":"publish","type":"page","link":"https:\/\/adz.adolfodominguez.com\/index.php\/propuesta-junta-general-2019\/","title":{"rendered":"Documentaci\u00f3n Junta General 2019"},"content":{"rendered":"\n<p><\/p>\n\n\n\n<p><strong>01. Propuestas de acuerdo del Consejo de Administraci\u00f3n de la Junta General<\/strong><\/p>\n\n\n\n<div class=\"wp-block-file\"><a id=\"wp-block-file--media-358616fa-0e6a-4ac1-943a-d8643085b81f\" href=\"https:\/\/adz.adolfodominguez.com\/wp-content\/uploads\/2022\/02\/190621093614_Propuestas-acuerdo-JGO-2019.pdf\">Acceso al Documento<\/a><a href=\"https:\/\/adz.adolfodominguez.com\/wp-content\/uploads\/2022\/02\/190621093614_Propuestas-acuerdo-JGO-2019.pdf\" class=\"wp-block-file__button\" download aria-describedby=\"wp-block-file--media-358616fa-0e6a-4ac1-943a-d8643085b81f\">Descarga<\/a><\/div>\n\n\n\n<p><strong>02. Informe justificativo del Consejo de Administraci\u00f3n sobre la propuesta de reelecci\u00f3n de consejeros<\/strong><\/p>\n\n\n\n<div class=\"wp-block-file\"><a id=\"wp-block-file--media-27de6caf-f057-4726-9c37-0c881cdbc8f3\" href=\"https:\/\/adz.adolfodominguez.com\/wp-content\/uploads\/2022\/02\/190621093907_Propuesta-CdA-Releecio\u0301n-consejeros-.pdf\">Acceso al Documento<\/a><a href=\"https:\/\/adz.adolfodominguez.com\/wp-content\/uploads\/2022\/02\/190621093907_Propuesta-CdA-Releecio\u0301n-consejeros-.pdf\" class=\"wp-block-file__button\" download aria-describedby=\"wp-block-file--media-27de6caf-f057-4726-9c37-0c881cdbc8f3\">Descarga<\/a><\/div>\n\n\n\n<p><strong>03. Documento en el que consta el n\u00famero total de acciones y derechos de voto en la fecha de convocatoria.<\/strong><\/p>\n\n\n\n<div class=\"wp-block-file\"><a id=\"wp-block-file--media-c3ee778a-8391-40ab-8a12-88b6813f49dc\" href=\"https:\/\/adz.adolfodominguez.com\/wp-content\/uploads\/2022\/02\/190621102838_No-total-de-acciones.pdf\">Acceso al Documento<\/a><a href=\"https:\/\/adz.adolfodominguez.com\/wp-content\/uploads\/2022\/02\/190621102838_No-total-de-acciones.pdf\" class=\"wp-block-file__button\" download aria-describedby=\"wp-block-file--media-c3ee778a-8391-40ab-8a12-88b6813f49dc\">Descarga<\/a><\/div>\n\n\n\n<p><strong>04. Informe justificativo del Consejo de Administraci\u00f3n en relaci\u00f3n con la propuesta de delegaci\u00f3n en el Consejo de Administraci\u00f3n de la facultad de emitir valores de renta fija convertibles y\/o canjeables en acciones de la Sociedad u otras sociedades de su Grupo<\/strong><\/p>\n\n\n\n<div class=\"wp-block-file\"><a id=\"wp-block-file--media-157d2fee-8dad-41ca-8175-5e4bb0c23cc7\" href=\"https:\/\/adz.adolfodominguez.com\/wp-content\/uploads\/2022\/02\/190621113617_Informe-delegacion.pdf\">Acceso al Documento<\/a><a href=\"https:\/\/adz.adolfodominguez.com\/wp-content\/uploads\/2022\/02\/190621113617_Informe-delegacion.pdf\" class=\"wp-block-file__button\" download aria-describedby=\"wp-block-file--media-157d2fee-8dad-41ca-8175-5e4bb0c23cc7\">Descarga<\/a><\/div>\n\n\n\n<p><strong>05. Propuesta motivada del Consejo de Administraci\u00f3n en relaci\u00f3n con la propuesta de aprobaci\u00f3n de la nueva Pol\u00edtica de Remuneraciones de los consejeros para el periodo 2019-2021<\/strong><\/p>\n\n\n\n<div class=\"wp-block-file\"><a id=\"wp-block-file--media-fa471169-6546-45ec-a27b-828ef11e8f8d\" href=\"https:\/\/adz.adolfodominguez.com\/wp-content\/uploads\/2022\/02\/190621094050_Propuesta-CdA-Poli\u0301tica-de-Remuneraciones-.pdf\">Acceso al Documento<\/a><a href=\"https:\/\/adz.adolfodominguez.com\/wp-content\/uploads\/2022\/02\/190621094050_Propuesta-CdA-Poli\u0301tica-de-Remuneraciones-.pdf\" class=\"wp-block-file__button\" download aria-describedby=\"wp-block-file--media-fa471169-6546-45ec-a27b-828ef11e8f8d\">Descarga<\/a><\/div>\n\n\n\n<p><strong>06. Informe de la Comisi\u00f3n de Nombramientos y Retribuciones en relaci\u00f3n con la propuesta de aprobaci\u00f3n de la nueva Pol\u00edtica de Remuneraciones de los consejeros para el periodo 2019-2021<\/strong><\/p>\n\n\n\n<div class=\"wp-block-file\"><a id=\"wp-block-file--media-f1ca10e3-a181-4a2f-90a6-389bd8524371\" href=\"https:\/\/adz.adolfodominguez.com\/wp-content\/uploads\/2022\/02\/190621094339_Informe-CNR-Poli\u0301tica-de-Remuneraciones.pdf\">Acceso al Documento<\/a><a href=\"https:\/\/adz.adolfodominguez.com\/wp-content\/uploads\/2022\/02\/190621094339_Informe-CNR-Poli\u0301tica-de-Remuneraciones.pdf\" class=\"wp-block-file__button\" download aria-describedby=\"wp-block-file--media-f1ca10e3-a181-4a2f-90a6-389bd8524371\">Descarga<\/a><\/div>\n\n\n\n<p><strong>07. Informe Anual sobre las Remuneraciones de los consejeros del ejercicio finalizado el 28 de febrero de 2019<\/strong><\/p>\n\n\n\n<div class=\"wp-block-file\"><a id=\"wp-block-file--media-15ee4513-71fb-4538-bd9f-01889adbdb96\" href=\"https:\/\/adz.adolfodominguez.com\/wp-content\/uploads\/2022\/02\/190621095119_AD-IAR-2018-PDF.pdf\">Acceso al Documento<\/a><a href=\"https:\/\/adz.adolfodominguez.com\/wp-content\/uploads\/2022\/02\/190621095119_AD-IAR-2018-PDF.pdf\" class=\"wp-block-file__button\" download aria-describedby=\"wp-block-file--media-15ee4513-71fb-4538-bd9f-01889adbdb96\">Descarga<\/a><\/div>\n\n\n\n<p><strong>08. Pol\u00edtica de Remuneraciones de los consejeros para el periodo 2019-2021Informe Anual de Gobierno Corporativo del ejercicio finalizado el 28 de febrero de 2019<\/strong><br><a href=\"https:\/\/adolfodominguezsl-my.sharepoint.com\/:b:\/g\/personal\/sabela_dominguez_adolfodominguez_com\/EdnqFZbSxA5MoqJu1SYTE68BRNhwArF1MnnHFsJ1PeWygg?e=NJ5OmM\"><strong><u>Acceso al Documento<\/u><\/strong><\/a><\/p>\n\n\n\n<p><strong>09. Informe financiero anual correspondiente al ejercicio finalizado el 28 de febrero de 2019<\/strong><br><a href=\"https:\/\/adolfodominguezsl-my.sharepoint.com\/:b:\/g\/personal\/sabela_dominguez_adolfodominguez_com\/Edj9DmVuZz5Kq0GQGfsnBIEBOQG8b6bLk8xKnQFOZzxeIw?e=5TJq49\"><strong><u>Acceso al Documento<\/u><\/strong><\/a><\/p>\n\n\n\n<p>1<strong>0. Estado de informaci\u00f3n no financiera correspondiente al ejercicio finalizado el 28 de febrero de 2019<\/strong>.<br><a href=\"https:\/\/adolfodominguezsl-my.sharepoint.com\/:b:\/g\/personal\/sabela_dominguez_adolfodominguez_com\/EYcsZQNDkjFCnVtut-skoMMBw6vo_M6uDbUv-AT2177W7Q?e=a958V3\"><strong><u>Acceso al Documento<\/u><\/strong><\/a><\/p>\n\n\n\n<p><strong>11. Informe anual de la Comisi\u00f3n de Auditoria correspondiente al ejercicio finalizado el 28 de febrero de 2019<\/strong><\/p>\n\n\n\n<div class=\"wp-block-file\"><a id=\"wp-block-file--media-a513531b-8d26-4c09-89ad-802e5ae592ad\" href=\"https:\/\/adz.adolfodominguez.com\/wp-content\/uploads\/2022\/02\/190621101333_Informe-Anual-CA-.pdf\">Acceso al Documento<\/a><a href=\"https:\/\/adz.adolfodominguez.com\/wp-content\/uploads\/2022\/02\/190621101333_Informe-Anual-CA-.pdf\" class=\"wp-block-file__button\" download aria-describedby=\"wp-block-file--media-a513531b-8d26-4c09-89ad-802e5ae592ad\">Descarga<\/a><\/div>\n\n\n\n<p><strong>12. Informe anual de la Comisi\u00f3n de Nombramientos y Retribuciones correspondiente al ejercicio finalizado el 28 de febrero de 2019<\/strong><\/p>\n\n\n\n<div class=\"wp-block-file\"><a id=\"wp-block-file--media-cd10724e-c7bd-422c-b039-3ecf8d6d5546\" href=\"https:\/\/adz.adolfodominguez.com\/wp-content\/uploads\/2022\/02\/190621101803_Informe-Anual-CNR.pdf\">Acceso al Documento<\/a><a href=\"https:\/\/adz.adolfodominguez.com\/wp-content\/uploads\/2022\/02\/190621101803_Informe-Anual-CNR.pdf\" class=\"wp-block-file__button\" download aria-describedby=\"wp-block-file--media-cd10724e-c7bd-422c-b039-3ecf8d6d5546\">Descarga<\/a><\/div>\n\n\n\n<p><strong>13. Informe de la Comisi\u00f3n de Auditor\u00eda sobre la independencia del auditor de cuentas<\/strong><\/p>\n\n\n\n<div class=\"wp-block-file\"><a id=\"wp-block-file--media-5061fb18-a92f-4c02-bb40-d848970ef54e\" href=\"https:\/\/adz.adolfodominguez.com\/wp-content\/uploads\/2022\/02\/190621101931_Informe-CA-Indepencia-Auditores-.pdf\">Acceso al Documento<\/a><a href=\"https:\/\/adz.adolfodominguez.com\/wp-content\/uploads\/2022\/02\/190621101931_Informe-CA-Indepencia-Auditores-.pdf\" class=\"wp-block-file__button\" download aria-describedby=\"wp-block-file--media-5061fb18-a92f-4c02-bb40-d848970ef54e\">Descarga<\/a><\/div>\n\n\n\n<p><strong>14. Reglamento del Foro electr\u00f3nico de Accionistas<\/strong><\/p>\n\n\n\n<p><strong>15. Derecho de Informaci\u00f3n de los accionistas.<\/strong><\/p>\n\n\n\n<p><strong>16. Reglas para la Delegaci\u00f3n y Voto a trav\u00e9s de medios de comunicaci\u00f3n a distancia.<\/strong><\/p>\n\n\n\n<p><strong>17. Servicio de Voto y Delegaci\u00f3n a distancia.<\/strong><\/p>\n\n\n\n<p><strong>18. Modelo de tarjeta de asistencia, delegaci\u00f3n y voto a distancia<\/strong><\/p>\n","protected":false},"excerpt":{"rendered":"<p>01. Propuestas de acuerdo del Consejo de Administraci\u00f3n de la Junta General 02. Informe justificativo del Consejo de Administraci\u00f3n sobre la propuesta de reelecci\u00f3n de consejeros 03. Documento en el que consta el n\u00famero total de acciones y derechos de voto en la fecha de convocatoria. 04. Informe justificativo del Consejo de Administraci\u00f3n en relaci\u00f3n con la propuesta de delegaci\u00f3n en el Consejo de Administraci\u00f3n de la facultad de emitir valores de renta fija convertibles y\/o canjeables en acciones de la Sociedad u otras sociedades de su Grupo 05. Propuesta motivada del Consejo de Administraci\u00f3n en relaci\u00f3n con la propuesta de aprobaci\u00f3n de la nueva Pol\u00edtica de Remuneraciones de los consejeros para el periodo 2019-2021 06. Informe de la Comisi\u00f3n de Nombramientos y Retribuciones en relaci\u00f3n con la propuesta de aprobaci\u00f3n de la nueva Pol\u00edtica de Remuneraciones de los consejeros para el periodo 2019-2021 07. Informe Anual sobre las Remuneraciones de los consejeros del ejercicio finalizado el 28 de febrero de 2019 08. Pol\u00edtica de Remuneraciones de los consejeros para el periodo 2019-2021Informe Anual de Gobierno Corporativo del ejercicio finalizado el 28 de febrero de 2019Acceso al Documento 09. Informe financiero anual correspondiente al ejercicio finalizado el 28 de febrero de 2019Acceso al Documento 10. Estado de informaci\u00f3n no financiera correspondiente al ejercicio finalizado el 28 de febrero de 2019.Acceso al Documento 11. Informe anual de la Comisi\u00f3n de Auditoria correspondiente al ejercicio finalizado el 28 de febrero de 2019 12. Informe anual de la Comisi\u00f3n de Nombramientos y Retribuciones correspondiente al ejercicio finalizado el 28 de febrero de 2019 13. Informe de la Comisi\u00f3n de Auditor\u00eda sobre la independencia del auditor de cuentas 14. Reglamento del Foro electr\u00f3nico de Accionistas 15. Derecho de Informaci\u00f3n de los accionistas. 16. Reglas para la Delegaci\u00f3n y Voto a trav\u00e9s de medios de comunicaci\u00f3n a distancia. 17. Servicio de Voto y Delegaci\u00f3n a distancia. 18. Modelo de tarjeta de asistencia, delegaci\u00f3n y voto a distancia<\/p>\n","protected":false},"author":1,"featured_media":0,"parent":0,"menu_order":0,"comment_status":"closed","ping_status":"closed","template":"","meta":{"footnotes":""},"class_list":["post-446","page","type-page","status-publish","hentry"],"_links":{"self":[{"href":"https:\/\/adz.adolfodominguez.com\/index.php\/wp-json\/wp\/v2\/pages\/446","targetHints":{"allow":["GET"]}}],"collection":[{"href":"https:\/\/adz.adolfodominguez.com\/index.php\/wp-json\/wp\/v2\/pages"}],"about":[{"href":"https:\/\/adz.adolfodominguez.com\/index.php\/wp-json\/wp\/v2\/types\/page"}],"author":[{"embeddable":true,"href":"https:\/\/adz.adolfodominguez.com\/index.php\/wp-json\/wp\/v2\/users\/1"}],"replies":[{"embeddable":true,"href":"https:\/\/adz.adolfodominguez.com\/index.php\/wp-json\/wp\/v2\/comments?post=446"}],"version-history":[{"count":6,"href":"https:\/\/adz.adolfodominguez.com\/index.php\/wp-json\/wp\/v2\/pages\/446\/revisions"}],"predecessor-version":[{"id":832,"href":"https:\/\/adz.adolfodominguez.com\/index.php\/wp-json\/wp\/v2\/pages\/446\/revisions\/832"}],"wp:attachment":[{"href":"https:\/\/adz.adolfodominguez.com\/index.php\/wp-json\/wp\/v2\/media?parent=446"}],"curies":[{"name":"wp","href":"https:\/\/api.w.org\/{rel}","templated":true}]}}