{"id":447,"date":"2022-01-28T08:14:42","date_gmt":"2022-01-28T08:14:42","guid":{"rendered":"http:\/\/adz.interno-ad.es\/?page_id=447"},"modified":"2022-02-24T11:01:25","modified_gmt":"2022-02-24T11:01:25","slug":"propuesta-junta-general-2018","status":"publish","type":"page","link":"https:\/\/adz.adolfodominguez.com\/index.php\/propuesta-junta-general-2018\/","title":{"rendered":"Documentaci\u00f3n Junta General 2018"},"content":{"rendered":"\n<p id=\"block-f4be94a6-d4e8-4e15-9c22-d7d6fec8f3da\"><strong><br>01. Propuestas de acuerdo del Consejo de Administraci\u00f3n a la Junta General<\/strong><\/p>\n\n\n\n<p id=\"block-06d98e17-dcc4-429c-89a3-f83a8abd1ac9\"><strong>02. Informe justificativo del Consejo de Administraci\u00f3n sobre la propuesta de nombramiento, ratificaci\u00f3n y reelecci\u00f3n de consejeros<\/strong><\/p>\n\n\n\n<p id=\"block-2c3646d4-01d1-49f5-bd53-5451e61fb6df\"><strong>03. Propuesta motivada del Consejo de Administraci\u00f3n en relaci\u00f3n con la propuesta de aprobaci\u00f3n de la nueva Pol\u00edtica de Remuneraciones de los consejeros para el periodo 2018-2021.<\/strong><\/p>\n\n\n\n<p id=\"block-2b11297e-31cd-4fbd-b98a-0db2525adf23\"><strong>04. Informe de la Comisi\u00f3n de Nombramientos y Retribuciones en relaci\u00f3n con la propuesta de aprobaci\u00f3n de la nueva Pol\u00edtica de Remuneraciones de los consejeros para el periodo 2018-2021.<\/strong><\/p>\n\n\n\n<p id=\"block-5c0b4b8b-1adc-4872-88b0-c486774eefe0\"><strong>05. Informe del Consejo de Administraci\u00f3n en relaci\u00f3n con la propuesta de delegaci\u00f3n en el Consejo de Administraci\u00f3n de la facultad de aumentar el capital social.<\/strong><\/p>\n\n\n\n<p id=\"block-31dccd06-a848-4bde-b673-964eb52b01a4\"><strong>06. Pol\u00edtica de Remuneraciones de los consejeros para el periodo 2018-2021<\/strong><\/p>\n\n\n\n<p id=\"block-f7a1391a-7f81-487d-bef2-71d841047861\"><strong>07. <strong>Informe anual sobre las remuneraciones de los consejeros<\/strong><\/strong><\/p>\n\n\n\n<p id=\"block-ab4dca8c-805c-4a44-9030-4c800f0584fb\"><strong>08.Informe Anual de Gobierno Corporativo del ejercicio finalizado el 28 de febrero de 2018 (Ver documento en el apartado INFORME ANUAL DE GOBIERNO CORPORATIVO en esta misma p\u00e1gina web)<\/strong><\/p>\n\n\n\n<p id=\"block-3386cd86-900a-4780-9f77-27eb656406b7\"><strong>09. Informe financiero anual correspondiente al ejercicio finalizado el 28 de febrero de 2018<\/strong><\/p>\n\n\n\n<p id=\"block-9e09f37d-a520-4015-b6ff-b80d33f98395\">\ufeff<\/p>\n\n\n\n<p id=\"block-ac1e680e-377d-4fd7-bb25-45450966b4d2\"><strong>10. Informe anual de la Comisi\u00f3n de Auditor\u00eda correspondiente al ejercicio finalizado el 28 de febrero de 2018<\/strong><\/p>\n\n\n\n<p id=\"block-cdb0ac9b-863d-421d-91b5-7511824b4038\">\ufeff<\/p>\n\n\n\n<p id=\"block-4b841371-6d5b-47bf-97f3-ae569a918a1c\"><strong>11. Informe anual de la Comisi\u00f3n de Nombramientos y Retribuciones correspondiente al ejercicio finalizado el 28 de febrero de 2018<\/strong><\/p>\n\n\n\n<p id=\"block-e7b9bad1-94e5-4dcb-aea5-3bed39c8e4fd\"><\/p>\n\n\n\n<p id=\"block-49931667-37cb-45ec-8e23-d724e507cb2f\"><strong>12. Informe de la Comisi\u00f3n de Auditor\u00eda sobre la independencia del auditor de cuentas<\/strong><\/p>\n\n\n\n<p id=\"block-452b5c2c-1fec-42a9-a6e5-4057fccf60cd\"><strong>13. Reglamento del Foro electr\u00f3nico de Accionistas<\/strong><\/p>\n\n\n\n<p id=\"block-f8ecac8b-832a-4276-8fe8-ca68a393feb1\"><strong>14. Derecho de Informaci\u00f3n de los accionistas.<\/strong><\/p>\n\n\n\n<p id=\"block-38a11119-40cb-428a-8d1d-7a2c2dcd05de\"><strong>15. Reglas para la Delegaci\u00f3n y Voto a trav\u00e9s de medios de comunicaci\u00f3n a distancia.<\/strong><\/p>\n\n\n\n<p id=\"block-ac1c955f-6c62-4fa7-be3f-97eed676266b\"><strong>16. Servicio de Voto y Delegaci\u00f3n a distancia.<\/strong><\/p>\n\n\n\n<p id=\"block-88862dd3-a298-46c0-8a1e-861de23bc611\"><strong>17. Modelo de tarjeta de asistencia, delegaci\u00f3n y voto a distancia<\/strong><\/p>\n","protected":false},"excerpt":{"rendered":"<p>01. Propuestas de acuerdo del Consejo de Administraci\u00f3n a la Junta General 02. Informe justificativo del Consejo de Administraci\u00f3n sobre la propuesta de nombramiento, ratificaci\u00f3n y reelecci\u00f3n de consejeros 03. Propuesta motivada del Consejo de Administraci\u00f3n en relaci\u00f3n con la propuesta de aprobaci\u00f3n de la nueva Pol\u00edtica de Remuneraciones de los consejeros para el periodo 2018-2021. 04. Informe de la Comisi\u00f3n de Nombramientos y Retribuciones en relaci\u00f3n con la propuesta de aprobaci\u00f3n de la nueva Pol\u00edtica de Remuneraciones de los consejeros para el periodo 2018-2021. 05. Informe del Consejo de Administraci\u00f3n en relaci\u00f3n con la propuesta de delegaci\u00f3n en el Consejo de Administraci\u00f3n de la facultad de aumentar el capital social. 06. Pol\u00edtica de Remuneraciones de los consejeros para el periodo 2018-2021 07. Informe anual sobre las remuneraciones de los consejeros 08.Informe Anual de Gobierno Corporativo del ejercicio finalizado el 28 de febrero de 2018 (Ver documento en el apartado INFORME ANUAL DE GOBIERNO CORPORATIVO en esta misma p\u00e1gina web) 09. Informe financiero anual correspondiente al ejercicio finalizado el 28 de febrero de 2018 \ufeff 10. Informe anual de la Comisi\u00f3n de Auditor\u00eda correspondiente al ejercicio finalizado el 28 de febrero de 2018 \ufeff 11. Informe anual de la Comisi\u00f3n de Nombramientos y Retribuciones correspondiente al ejercicio finalizado el 28 de febrero de 2018 12. Informe de la Comisi\u00f3n de Auditor\u00eda sobre la independencia del auditor de cuentas 13. Reglamento del Foro electr\u00f3nico de Accionistas 14. Derecho de Informaci\u00f3n de los accionistas. 15. Reglas para la Delegaci\u00f3n y Voto a trav\u00e9s de medios de comunicaci\u00f3n a distancia. 16. Servicio de Voto y Delegaci\u00f3n a distancia. 17. Modelo de tarjeta de asistencia, delegaci\u00f3n y voto a distancia<\/p>\n","protected":false},"author":1,"featured_media":0,"parent":0,"menu_order":0,"comment_status":"closed","ping_status":"closed","template":"","meta":{"footnotes":""},"class_list":["post-447","page","type-page","status-publish","hentry"],"_links":{"self":[{"href":"https:\/\/adz.adolfodominguez.com\/index.php\/wp-json\/wp\/v2\/pages\/447","targetHints":{"allow":["GET"]}}],"collection":[{"href":"https:\/\/adz.adolfodominguez.com\/index.php\/wp-json\/wp\/v2\/pages"}],"about":[{"href":"https:\/\/adz.adolfodominguez.com\/index.php\/wp-json\/wp\/v2\/types\/page"}],"author":[{"embeddable":true,"href":"https:\/\/adz.adolfodominguez.com\/index.php\/wp-json\/wp\/v2\/users\/1"}],"replies":[{"embeddable":true,"href":"https:\/\/adz.adolfodominguez.com\/index.php\/wp-json\/wp\/v2\/comments?post=447"}],"version-history":[{"count":5,"href":"https:\/\/adz.adolfodominguez.com\/index.php\/wp-json\/wp\/v2\/pages\/447\/revisions"}],"predecessor-version":[{"id":713,"href":"https:\/\/adz.adolfodominguez.com\/index.php\/wp-json\/wp\/v2\/pages\/447\/revisions\/713"}],"wp:attachment":[{"href":"https:\/\/adz.adolfodominguez.com\/index.php\/wp-json\/wp\/v2\/media?parent=447"}],"curies":[{"name":"wp","href":"https:\/\/api.w.org\/{rel}","templated":true}]}}