{"id":61,"date":"2021-12-17T09:54:58","date_gmt":"2021-12-17T09:54:58","guid":{"rendered":"http:\/\/adz.interno-ad.es\/?page_id=61"},"modified":"2025-03-10T13:48:08","modified_gmt":"2025-03-10T12:48:08","slug":"acerca-adz","status":"publish","type":"page","link":"https:\/\/adz.adolfodominguez.com\/index.php\/acerca-adz\/","title":{"rendered":"Acerca ADZ"},"content":{"rendered":"\n<div style=\"height:50px\" aria-hidden=\"true\" class=\"wp-block-spacer\"><\/div>\n\n\n\n<hr class=\"wp-block-separator has-alpha-channel-opacity\"\/>\n\n\n\n<div class=\"wp-block-media-text has-media-on-the-right is-stacked-on-mobile\"><div class=\"wp-block-media-text__content\">\n<p><strong>Seleccione la informaci\u00f3n en los apartados que se muestran en el men\u00fa:<\/strong><\/p>\n<\/div><figure class=\"wp-block-media-text__media\"><img loading=\"lazy\" decoding=\"async\" width=\"1024\" height=\"576\" src=\"https:\/\/adz.adolfodominguez.com\/wp-content\/uploads\/2022\/03\/2022_03_07_FONDO_WEB_ACCIONISTAS_2-1024x576.jpg\" alt=\"Seleccione la informaci\u00f3n en los apartados que se muestran en el men\u00fa:\" class=\"wp-image-734 size-full\" srcset=\"https:\/\/adz.adolfodominguez.com\/wp-content\/uploads\/2022\/03\/2022_03_07_FONDO_WEB_ACCIONISTAS_2-1024x576.jpg 1024w, https:\/\/adz.adolfodominguez.com\/wp-content\/uploads\/2022\/03\/2022_03_07_FONDO_WEB_ACCIONISTAS_2-300x169.jpg 300w, https:\/\/adz.adolfodominguez.com\/wp-content\/uploads\/2022\/03\/2022_03_07_FONDO_WEB_ACCIONISTAS_2-768x432.jpg 768w, https:\/\/adz.adolfodominguez.com\/wp-content\/uploads\/2022\/03\/2022_03_07_FONDO_WEB_ACCIONISTAS_2-1536x864.jpg 1536w, https:\/\/adz.adolfodominguez.com\/wp-content\/uploads\/2022\/03\/2022_03_07_FONDO_WEB_ACCIONISTAS_2-1140x641.jpg 1140w, https:\/\/adz.adolfodominguez.com\/wp-content\/uploads\/2022\/03\/2022_03_07_FONDO_WEB_ACCIONISTAS_2.jpg 1920w\" sizes=\"auto, (max-width: 1024px) 100vw, 1024px\" \/><\/figure><\/div>\n\n\n\n<hr class=\"wp-block-separator has-alpha-channel-opacity\"\/>\n\n\n\n<div style=\"height:50px\" aria-hidden=\"true\" class=\"wp-block-spacer\"><\/div>\n\n\n\n<p class=\"has-text-align-center\"><a href=\"https:\/\/adz.adolfodominguez.com\/index.php\/cauces-de-comunicacion-con-la-sociedad\/\">Cauces de comunicaci\u00f3n con la sociedad<\/a><\/p>\n\n\n\n<p class=\"has-text-align-center\"><a href=\"https:\/\/adz.adolfodominguez.com\/index.php\/la-accion-y-su-capital\/\">La acci\u00f3n y su capital<\/a><\/p>\n\n\n\n<p class=\"has-text-align-center\"><a href=\"https:\/\/adz.adolfodominguez.com\/index.php\/agenda-del-inversor\/\">Agenda del inversor<\/a><\/p>\n\n\n\n<p class=\"has-text-align-center\"><a href=\"https:\/\/adz.adolfodominguez.com\/index.php\/dividendos\/\">Dividendos<\/a><\/p>\n\n\n\n<p class=\"has-text-align-center\"><a href=\"https:\/\/adz.adolfodominguez.com\/index.php\/ofertas-publicas-de-admision-de-valores\/\">Ofertas p\u00fablicas de admisi\u00f3n de valores<\/a><\/p>\n\n\n\n<p class=\"has-text-align-center\"><a href=\"https:\/\/adz.adolfodominguez.com\/index.php\/ofertas-publicas-de-adquisicion-de-valores-opa\/\">Ofertas p\u00fablicas de adquisici\u00f3n de valores (OPA)<\/a><\/p>\n\n\n\n<p class=\"has-text-align-center\"><a href=\"https:\/\/adz.adolfodominguez.com\/index.php\/estatutos-sociales\/\">Estatutos sociales<\/a><\/p>\n\n\n\n<p class=\"has-text-align-center\"><a href=\"https:\/\/adz.adolfodominguez.com\/index.php\/pactos-parasociales\/\">Pactos parasociales<\/a><\/p>\n\n\n\n<p class=\"has-text-align-center\"><a href=\"https:\/\/adz.adolfodominguez.com\/index.php\/participaciones-significativas-y-autocartera\/\">Participaciones significativas y autocartera<\/a><\/p>\n","protected":false},"excerpt":{"rendered":"<p>Seleccione la informaci\u00f3n en los apartados que se muestran en el men\u00fa: Cauces de comunicaci\u00f3n con la sociedad La acci\u00f3n y su capital Agenda del inversor Dividendos Ofertas p\u00fablicas de admisi\u00f3n de valores Ofertas p\u00fablicas de adquisici\u00f3n de valores (OPA) Estatutos sociales Pactos parasociales Participaciones significativas y autocartera<\/p>\n","protected":false},"author":1,"featured_media":0,"parent":0,"menu_order":0,"comment_status":"closed","ping_status":"closed","template":"","meta":{"footnotes":""},"class_list":["post-61","page","type-page","status-publish","hentry"],"_links":{"self":[{"href":"https:\/\/adz.adolfodominguez.com\/index.php\/wp-json\/wp\/v2\/pages\/61","targetHints":{"allow":["GET"]}}],"collection":[{"href":"https:\/\/adz.adolfodominguez.com\/index.php\/wp-json\/wp\/v2\/pages"}],"about":[{"href":"https:\/\/adz.adolfodominguez.com\/index.php\/wp-json\/wp\/v2\/types\/page"}],"author":[{"embeddable":true,"href":"https:\/\/adz.adolfodominguez.com\/index.php\/wp-json\/wp\/v2\/users\/1"}],"replies":[{"embeddable":true,"href":"https:\/\/adz.adolfodominguez.com\/index.php\/wp-json\/wp\/v2\/comments?post=61"}],"version-history":[{"count":12,"href":"https:\/\/adz.adolfodominguez.com\/index.php\/wp-json\/wp\/v2\/pages\/61\/revisions"}],"predecessor-version":[{"id":1472,"href":"https:\/\/adz.adolfodominguez.com\/index.php\/wp-json\/wp\/v2\/pages\/61\/revisions\/1472"}],"wp:attachment":[{"href":"https:\/\/adz.adolfodominguez.com\/index.php\/wp-json\/wp\/v2\/media?parent=61"}],"curies":[{"name":"wp","href":"https:\/\/api.w.org\/{rel}","templated":true}]}}