{"id":76,"date":"2021-12-17T10:00:57","date_gmt":"2021-12-17T10:00:57","guid":{"rendered":"http:\/\/adz.interno-ad.es\/?page_id=76"},"modified":"2025-03-10T15:39:01","modified_gmt":"2025-03-10T14:39:01","slug":"la-accion-y-su-capital","status":"publish","type":"page","link":"https:\/\/adz.adolfodominguez.com\/index.php\/la-accion-y-su-capital\/","title":{"rendered":"La acci\u00f3n y su capital"},"content":{"rendered":"\n<p><\/p>\n\n\n\n<p>El capital social de ADOLFO DOMINGUEZ, S.A. est\u00e1 representado por 9.276.108 acciones de 0,60 euros de valor nominal cada una, totalmente suscritas y desembolsadas. Todas las acciones poseen los mismos derechos pol\u00edticos y econ\u00f3micos, no existiendo derechos de voto distintos por ning\u00fan accionista.<br><br>Desde marzo de 1997 las acciones de la Sociedad est\u00e1n admitidas a cotizaci\u00f3n oficial en las bolsas de valores espa\u00f1olas.<br><br>La evoluci\u00f3n del capital social de ADOLFO DOMINGUEZ, S.A. ha sido la siguiente:<\/p>\n\n\n\n<figure class=\"wp-block-table is-style-stripes\"><table class=\"has-fixed-layout\"><tbody><tr><td class=\"has-text-align-center\" data-align=\"center\"><strong>A\u00d1O<\/strong><\/td><td class=\"has-text-align-center\" data-align=\"center\"><strong>CONCEPTO<\/strong><\/td><td class=\"has-text-align-center\" data-align=\"center\"><strong>IMPORTE<\/strong> (\u20ac)<\/td><\/tr><tr><td class=\"has-text-align-center\" data-align=\"center\">1989<\/td><td class=\"has-text-align-center\" data-align=\"center\">Constituci\u00f3n<\/td><td class=\"has-text-align-center\" data-align=\"center\">5.124.240,00<\/td><\/tr><tr><td class=\"has-text-align-center\" data-align=\"center\">2001<\/td><td class=\"has-text-align-center\" data-align=\"center\">Ampliaci\u00f3n de Capital<\/td><td class=\"has-text-align-center\" data-align=\"center\">102.484,80<\/td><\/tr><tr><td class=\"has-text-align-center\" data-align=\"center\">2006<\/td><td class=\"has-text-align-center\" data-align=\"center\">Ampliaci\u00f3n de Capital<\/td><td class=\"has-text-align-center\" data-align=\"center\">261.336,00<\/td><\/tr><tr><td class=\"has-text-align-center\" data-align=\"center\">2013<\/td><td class=\"has-text-align-center\" data-align=\"center\">Ampliaci\u00f3n de Capital<\/td><td class=\"has-text-align-center\" data-align=\"center\">77.604,00<\/td><\/tr><tr><td class=\"has-text-align-center\" data-align=\"center\"><\/td><td class=\"has-text-align-center\" data-align=\"center\"><\/td><td class=\"has-text-align-center\" data-align=\"center\">5.565.664,80<\/td><\/tr><\/tbody><\/table><\/figure>\n","protected":false},"excerpt":{"rendered":"<p>El capital social de ADOLFO DOMINGUEZ, S.A. est\u00e1 representado por 9.276.108 acciones de 0,60 euros de valor nominal cada una, totalmente suscritas y desembolsadas. Todas las acciones poseen los mismos derechos pol\u00edticos y econ\u00f3micos, no existiendo derechos de voto distintos por ning\u00fan accionista. Desde marzo de 1997 las acciones de la Sociedad est\u00e1n admitidas a cotizaci\u00f3n oficial en las bolsas de valores espa\u00f1olas. La evoluci\u00f3n del capital social de ADOLFO DOMINGUEZ, S.A. ha sido la siguiente: A\u00d1O CONCEPTO IMPORTE (\u20ac) 1989 Constituci\u00f3n 5.124.240,00 2001 Ampliaci\u00f3n de Capital 102.484,80 2006 Ampliaci\u00f3n de Capital 261.336,00 2013 Ampliaci\u00f3n de Capital 77.604,00 5.565.664,80<\/p>\n","protected":false},"author":1,"featured_media":0,"parent":0,"menu_order":0,"comment_status":"closed","ping_status":"closed","template":"","meta":{"footnotes":""},"class_list":["post-76","page","type-page","status-publish","hentry"],"_links":{"self":[{"href":"https:\/\/adz.adolfodominguez.com\/index.php\/wp-json\/wp\/v2\/pages\/76","targetHints":{"allow":["GET"]}}],"collection":[{"href":"https:\/\/adz.adolfodominguez.com\/index.php\/wp-json\/wp\/v2\/pages"}],"about":[{"href":"https:\/\/adz.adolfodominguez.com\/index.php\/wp-json\/wp\/v2\/types\/page"}],"author":[{"embeddable":true,"href":"https:\/\/adz.adolfodominguez.com\/index.php\/wp-json\/wp\/v2\/users\/1"}],"replies":[{"embeddable":true,"href":"https:\/\/adz.adolfodominguez.com\/index.php\/wp-json\/wp\/v2\/comments?post=76"}],"version-history":[{"count":6,"href":"https:\/\/adz.adolfodominguez.com\/index.php\/wp-json\/wp\/v2\/pages\/76\/revisions"}],"predecessor-version":[{"id":1511,"href":"https:\/\/adz.adolfodominguez.com\/index.php\/wp-json\/wp\/v2\/pages\/76\/revisions\/1511"}],"wp:attachment":[{"href":"https:\/\/adz.adolfodominguez.com\/index.php\/wp-json\/wp\/v2\/media?parent=76"}],"curies":[{"name":"wp","href":"https:\/\/api.w.org\/{rel}","templated":true}]}}