{"id":838,"date":"2022-04-28T06:34:59","date_gmt":"2022-04-28T06:34:59","guid":{"rendered":"https:\/\/adz.adolfodominguez.com\/?page_id=838"},"modified":"2023-04-27T12:16:09","modified_gmt":"2023-04-27T11:16:09","slug":"documentacion-junta-general-2022","status":"publish","type":"page","link":"https:\/\/adz.adolfodominguez.com\/index.php\/documentacion-junta-general-2022\/","title":{"rendered":"Documentaci\u00f3n Junta General 2022"},"content":{"rendered":"\n<p><\/p>\n\n\n\n<p>Anuncio de convocatoria de la Junta General Ordinaria<\/p>\n\n\n\n<div class=\"wp-block-file\"><a id=\"wp-block-file--media-70d8b1a7-5153-42ab-a2cf-109177afadfa\" href=\"https:\/\/adz.adolfodominguez.com\/wp-content\/uploads\/2022\/04\/01.-Anuncio-convocatoria-JGA-AD-2022.pdf\">Acceso al archivo<\/a><a href=\"https:\/\/adz.adolfodominguez.com\/wp-content\/uploads\/2022\/04\/01.-Anuncio-convocatoria-JGA-AD-2022.pdf\" class=\"wp-block-file__button wp-element-button\" download aria-describedby=\"wp-block-file--media-70d8b1a7-5153-42ab-a2cf-109177afadfa\">Descarga<\/a><\/div>\n\n\n\n<p>Propuestas de acuerdo del Consejo de Administraci\u00f3n a la Junta General<\/p>\n\n\n\n<div class=\"wp-block-file\"><a id=\"wp-block-file--media-06546544-f050-44c4-a49a-f50aa7d06f52\" href=\"https:\/\/adz.adolfodominguez.com\/wp-content\/uploads\/2022\/05\/20220426-Propuestas-Acuerdos-JGA-AD-2022.pdf\">Acceso al archivo<\/a><a href=\"https:\/\/adz.adolfodominguez.com\/wp-content\/uploads\/2022\/05\/20220426-Propuestas-Acuerdos-JGA-AD-2022.pdf\" class=\"wp-block-file__button wp-element-button\" download aria-describedby=\"wp-block-file--media-06546544-f050-44c4-a49a-f50aa7d06f52\">Descarga<\/a><\/div>\n\n\n\n<p>Cuentas Anuales individuales y consolidadas, junto con el informe del auditor<\/p>\n\n\n\n<div class=\"wp-block-file\"><a id=\"wp-block-file--media-0d0c02e5-f4a8-4978-92b4-d47ed48844b6\" href=\"https:\/\/adz.adolfodominguez.com\/wp-content\/uploads\/2022\/04\/03.-Cuentas_Anuales_2021_sin_EINF.pdf\">Acceso al archivo<\/a><a href=\"https:\/\/adz.adolfodominguez.com\/wp-content\/uploads\/2022\/04\/03.-Cuentas_Anuales_2021_sin_EINF.pdf\" class=\"wp-block-file__button wp-element-button\" download aria-describedby=\"wp-block-file--media-0d0c02e5-f4a8-4978-92b4-d47ed48844b6\">Descarga<\/a><\/div>\n\n\n\n<p>Estado de informaci\u00f3n no financiera correspondiente al ejercicio finalizado el 28 de febrero de 2022, junto con el informe del prestador de servicios independiente<\/p>\n\n\n\n<div class=\"wp-block-file\"><a id=\"wp-block-file--media-bc68cc48-65dc-4e27-8432-3e3f98f78abf\" href=\"https:\/\/adz.adolfodominguez.com\/wp-content\/uploads\/2022\/04\/04.EINF_2021.pdf\">Acceso al archivo<\/a><a href=\"https:\/\/adz.adolfodominguez.com\/wp-content\/uploads\/2022\/04\/04.EINF_2021.pdf\" class=\"wp-block-file__button wp-element-button\" download aria-describedby=\"wp-block-file--media-bc68cc48-65dc-4e27-8432-3e3f98f78abf\">Descarga<\/a><\/div>\n\n\n\n<p>Informe justificativo del Consejo de Administraci\u00f3n sobre las propuestas de nombramiento y\/o reelecci\u00f3n de consejeros<\/p>\n\n\n\n<div class=\"wp-block-file\"><a id=\"wp-block-file--media-6b1df0d7-267f-49ae-84c1-8e481472679d\" href=\"https:\/\/adz.adolfodominguez.com\/wp-content\/uploads\/2022\/04\/05.-Informe-CdA-Nombramiento-y_o-reeleccio\u0301n-consejeros.pdf\">Acceso al archivo<\/a><a href=\"https:\/\/adz.adolfodominguez.com\/wp-content\/uploads\/2022\/04\/05.-Informe-CdA-Nombramiento-y_o-reeleccio\u0301n-consejeros.pdf\" class=\"wp-block-file__button wp-element-button\" download aria-describedby=\"wp-block-file--media-6b1df0d7-267f-49ae-84c1-8e481472679d\">Descarga<\/a><\/div>\n\n\n\n<p>Propuesta motivada del Consejo de Administraci\u00f3n en relaci\u00f3n con la propuesta de aprobaci\u00f3n de la Pol\u00edtica de Remuneraciones de los consejeros para el periodo 2022-2025<\/p>\n\n\n\n<div class=\"wp-block-file\"><a id=\"wp-block-file--media-d3f80f80-c895-4f2c-a61c-b6f99bcc3831\" href=\"https:\/\/adz.adolfodominguez.com\/wp-content\/uploads\/2022\/04\/06.-Propuesta-motivada-CdA-Poli\u0301tica-de-remuneraciones.pdf\">Acceso al archivo<\/a><a href=\"https:\/\/adz.adolfodominguez.com\/wp-content\/uploads\/2022\/04\/06.-Propuesta-motivada-CdA-Poli\u0301tica-de-remuneraciones.pdf\" class=\"wp-block-file__button wp-element-button\" download aria-describedby=\"wp-block-file--media-d3f80f80-c895-4f2c-a61c-b6f99bcc3831\">Descarga<\/a><\/div>\n\n\n\n<p>Informe de la Comisi\u00f3n de Nombramientos y Retribuciones en relaci\u00f3n con la propuesta de aprobaci\u00f3n de la Pol\u00edtica de Remuneraciones de los consejeros para el periodo 2022-2025<\/p>\n\n\n\n<div class=\"wp-block-file\"><a id=\"wp-block-file--media-3f78d9ab-ab7e-4b9a-95e3-1149ca01a310\" href=\"https:\/\/adz.adolfodominguez.com\/wp-content\/uploads\/2022\/04\/07.-Informe-CNyR-sobre-poli\u0301tica-de-remuneraciones-2022-2025.pdf\">Acceso al archivo<\/a><a href=\"https:\/\/adz.adolfodominguez.com\/wp-content\/uploads\/2022\/04\/07.-Informe-CNyR-sobre-poli\u0301tica-de-remuneraciones-2022-2025.pdf\" class=\"wp-block-file__button wp-element-button\" download aria-describedby=\"wp-block-file--media-3f78d9ab-ab7e-4b9a-95e3-1149ca01a310\">Descarga<\/a><\/div>\n\n\n\n<p>Pol\u00edtica de Remuneraciones de los consejeros para el periodo 2022-2025<\/p>\n\n\n\n<div class=\"wp-block-file\"><a id=\"wp-block-file--media-3fe5ce43-c34e-406f-b302-b636ae8abf62\" href=\"https:\/\/adz.adolfodominguez.com\/wp-content\/uploads\/2022\/04\/08.-Poli\u0301tica-de-remuneraciones-2022-2025.pdf\">Acceso al archivo<\/a><a href=\"https:\/\/adz.adolfodominguez.com\/wp-content\/uploads\/2022\/04\/08.-Poli\u0301tica-de-remuneraciones-2022-2025.pdf\" class=\"wp-block-file__button wp-element-button\" download aria-describedby=\"wp-block-file--media-3fe5ce43-c34e-406f-b302-b636ae8abf62\">Descarga<\/a><\/div>\n\n\n\n<p>Reglamento del Consejo modificado e informe de administradores justificativo de las modificaciones realizadas<\/p>\n\n\n\n<div class=\"wp-block-file\"><a id=\"wp-block-file--media-c2c39a0c-2542-4a67-9dd0-1dfd66580af4\" href=\"https:\/\/adz.adolfodominguez.com\/wp-content\/uploads\/2022\/04\/09.-Informe-CdA-Modificacio\u0301n-Reglamento-CdA.pdf\">Acceso al archivo<\/a><a href=\"https:\/\/adz.adolfodominguez.com\/wp-content\/uploads\/2022\/04\/09.-Informe-CdA-Modificacio\u0301n-Reglamento-CdA.pdf\" class=\"wp-block-file__button wp-element-button\" download aria-describedby=\"wp-block-file--media-c2c39a0c-2542-4a67-9dd0-1dfd66580af4\">Descarga<\/a><\/div>\n\n\n\n<p>Informe Anual sobre las Remuneraciones de los consejeros del ejercicio finalizado el 28 de febrero de 2022<\/p>\n\n\n\n<div class=\"wp-block-file\"><a id=\"wp-block-file--media-1ba36093-4e65-4cf1-916e-f008fb61d753\" href=\"https:\/\/adz.adolfodominguez.com\/wp-content\/uploads\/2022\/04\/10.-IAR-2021.pdf\">Acceso al archivo<\/a><a href=\"https:\/\/adz.adolfodominguez.com\/wp-content\/uploads\/2022\/04\/10.-IAR-2021.pdf\" class=\"wp-block-file__button wp-element-button\" download aria-describedby=\"wp-block-file--media-1ba36093-4e65-4cf1-916e-f008fb61d753\">Descarga<\/a><\/div>\n\n\n\n<p>Informe Anual de Gobierno Corporativo del ejercicio finalizado el 28 de febrero de 2022<\/p>\n\n\n\n<div class=\"wp-block-file\"><a id=\"wp-block-file--media-82b34b7e-5e32-47e9-a384-d9e5a72e0192\" href=\"https:\/\/adz.adolfodominguez.com\/wp-content\/uploads\/2022\/04\/11.-IAGC-2021.pdf\">Acceso al archivo<\/a><a href=\"https:\/\/adz.adolfodominguez.com\/wp-content\/uploads\/2022\/04\/11.-IAGC-2021.pdf\" class=\"wp-block-file__button wp-element-button\" download aria-describedby=\"wp-block-file--media-82b34b7e-5e32-47e9-a384-d9e5a72e0192\">Descarga<\/a><\/div>\n\n\n\n<p>Informe anual de la Comisi\u00f3n de Auditor\u00eda correspondiente al ejercicio finalizado el 28 de febrero de 2022<\/p>\n\n\n\n<div class=\"wp-block-file\"><a id=\"wp-block-file--media-de7efb67-7c2a-4a27-8315-9aa48076a94f\" href=\"https:\/\/adz.adolfodominguez.com\/wp-content\/uploads\/2022\/04\/12.-Informe-Anual-CA.pdf\">Acceso al archivo<\/a><a href=\"https:\/\/adz.adolfodominguez.com\/wp-content\/uploads\/2022\/04\/12.-Informe-Anual-CA.pdf\" class=\"wp-block-file__button wp-element-button\" download aria-describedby=\"wp-block-file--media-de7efb67-7c2a-4a27-8315-9aa48076a94f\">Descarga<\/a><\/div>\n\n\n\n<p>Informe anual de la Comisi\u00f3n de Nombramientos y Retribuciones correspondiente al ejercicio finalizado el 28 de febrero de 2022<\/p>\n\n\n\n<div class=\"wp-block-file\"><a id=\"wp-block-file--media-fcc11393-27fa-4855-ac66-474af7ccf566\" href=\"https:\/\/adz.adolfodominguez.com\/wp-content\/uploads\/2022\/04\/13.-Informe-anual-del-CNyR.pdf\">Acceso al archivo<\/a><a href=\"https:\/\/adz.adolfodominguez.com\/wp-content\/uploads\/2022\/04\/13.-Informe-anual-del-CNyR.pdf\" class=\"wp-block-file__button wp-element-button\" download aria-describedby=\"wp-block-file--media-fcc11393-27fa-4855-ac66-474af7ccf566\">Descarga<\/a><\/div>\n\n\n\n<p>Informe de la Comisi\u00f3n de Auditor\u00eda sobre la independencia del auditor de cuentas<\/p>\n\n\n\n<div class=\"wp-block-file\"><a id=\"wp-block-file--media-b6bb20ee-5010-4bc2-9e44-8ac123981a44\" href=\"https:\/\/adz.adolfodominguez.com\/wp-content\/uploads\/2022\/04\/14.-Informe-CA-sobre-independencia-auditores-2021.pdf\">Acceso al archivo<\/a><a href=\"https:\/\/adz.adolfodominguez.com\/wp-content\/uploads\/2022\/04\/14.-Informe-CA-sobre-independencia-auditores-2021.pdf\" class=\"wp-block-file__button wp-element-button\" download aria-describedby=\"wp-block-file--media-b6bb20ee-5010-4bc2-9e44-8ac123981a44\">Descarga<\/a><\/div>\n\n\n\n<p>Reglamento del Foro Electr\u00f3nico de Accionistas<\/p>\n\n\n\n<div class=\"wp-block-file\"><a id=\"wp-block-file--media-4e855387-edba-4aba-80b1-2e5c2e1f07e6\" href=\"https:\/\/adz.adolfodominguez.com\/wp-content\/uploads\/2022\/04\/15.-Reglamento-Foro-Accionistas-AD.pdf\">Acceso al archivo<\/a><a href=\"https:\/\/adz.adolfodominguez.com\/wp-content\/uploads\/2022\/04\/15.-Reglamento-Foro-Accionistas-AD.pdf\" class=\"wp-block-file__button wp-element-button\" download aria-describedby=\"wp-block-file--media-4e855387-edba-4aba-80b1-2e5c2e1f07e6\">Descarga<\/a><\/div>\n\n\n\n<p>Derecho de Informaci\u00f3n de los accionistas.&nbsp;<\/p>\n\n\n\n<div class=\"wp-block-file\"><a id=\"wp-block-file--media-18480775-613e-4447-aa7c-ece228fc54a2\" href=\"https:\/\/adz.adolfodominguez.com\/wp-content\/uploads\/2022\/04\/16.-Derecho-de-informacio\u0301n-JG-2022.pdf\">Acceso al archivo<\/a><a href=\"https:\/\/adz.adolfodominguez.com\/wp-content\/uploads\/2022\/04\/16.-Derecho-de-informacio\u0301n-JG-2022.pdf\" class=\"wp-block-file__button wp-element-button\" download aria-describedby=\"wp-block-file--media-18480775-613e-4447-aa7c-ece228fc54a2\">Descarga<\/a><\/div>\n\n\n\n<p>Reglas para la Delegaci\u00f3n y Voto a trav\u00e9s de medios de comunicaci\u00f3n a distancia.&nbsp;<\/p>\n\n\n\n<div class=\"wp-block-file\"><a id=\"wp-block-file--media-23893ca4-6854-47ac-8f09-17e1a8caf62d\" href=\"https:\/\/adz.adolfodominguez.com\/wp-content\/uploads\/2022\/04\/17.-Reglas-delegacio\u0301n-y-voto-a-distancia-JGA-AD-2022.pdf\">Acceso al archivo<\/a><a href=\"https:\/\/adz.adolfodominguez.com\/wp-content\/uploads\/2022\/04\/17.-Reglas-delegacio\u0301n-y-voto-a-distancia-JGA-AD-2022.pdf\" class=\"wp-block-file__button wp-element-button\" download aria-describedby=\"wp-block-file--media-23893ca4-6854-47ac-8f09-17e1a8caf62d\">Descarga<\/a><\/div>\n\n\n\n<p>Modelo de tarjeta de asistencia, delegaci\u00f3n y voto a distancia<\/p>\n\n\n\n<div class=\"wp-block-file\"><a id=\"wp-block-file--media-15a838ec-b9cd-45fc-b71a-b921e1e96e14\" href=\"https:\/\/adz.adolfodominguez.com\/wp-content\/uploads\/2022\/04\/18.-Modelo-Tarjeta-asistencia-delegacio\u0301n-y-voto-a-distancia-JGA-AD-2022.pdf\">Acceso al archivo<\/a><a href=\"https:\/\/adz.adolfodominguez.com\/wp-content\/uploads\/2022\/04\/18.-Modelo-Tarjeta-asistencia-delegacio\u0301n-y-voto-a-distancia-JGA-AD-2022.pdf\" class=\"wp-block-file__button wp-element-button\" download aria-describedby=\"wp-block-file--media-15a838ec-b9cd-45fc-b71a-b921e1e96e14\">Descarga<\/a><\/div>\n\n\n\n<p>Documento en el que consta el n\u00famero total de acciones y derechos de voto en la fecha de convocatoria<\/p>\n\n\n\n<div class=\"wp-block-file\"><a id=\"wp-block-file--media-3e3e2d98-e91e-4262-99f3-ba207d653c9c\" href=\"https:\/\/adz.adolfodominguez.com\/wp-content\/uploads\/2022\/04\/19.-No-total-de-acciones-y-derechos-de-voto.pdf\">Acceso al archivo<\/a><a href=\"https:\/\/adz.adolfodominguez.com\/wp-content\/uploads\/2022\/04\/19.-No-total-de-acciones-y-derechos-de-voto.pdf\" class=\"wp-block-file__button wp-element-button\" download aria-describedby=\"wp-block-file--media-3e3e2d98-e91e-4262-99f3-ba207d653c9c\">Descarga<\/a><\/div>\n\n\n\n<p><\/p>\n","protected":false},"excerpt":{"rendered":"<p>Anuncio de convocatoria de la Junta General Ordinaria Propuestas de acuerdo del Consejo de Administraci\u00f3n a la Junta General Cuentas Anuales individuales y consolidadas, junto con el informe del auditor Estado de informaci\u00f3n no financiera correspondiente al ejercicio finalizado el 28 de febrero de 2022, junto con el informe del prestador de servicios independiente Informe justificativo del Consejo de Administraci\u00f3n sobre las propuestas de nombramiento y\/o reelecci\u00f3n de consejeros Propuesta motivada del Consejo de Administraci\u00f3n en relaci\u00f3n con la propuesta de aprobaci\u00f3n de la Pol\u00edtica de Remuneraciones de los consejeros para el periodo 2022-2025 Informe de la Comisi\u00f3n de Nombramientos y Retribuciones en relaci\u00f3n con la propuesta de aprobaci\u00f3n de la Pol\u00edtica de Remuneraciones de los consejeros para el periodo 2022-2025 Pol\u00edtica de Remuneraciones de los consejeros para el periodo 2022-2025 Reglamento del Consejo modificado e informe de administradores justificativo de las modificaciones realizadas Informe Anual sobre las Remuneraciones de los consejeros del ejercicio finalizado el 28 de febrero de 2022 Informe Anual de Gobierno Corporativo del ejercicio finalizado el 28 de febrero de 2022 Informe anual de la Comisi\u00f3n de Auditor\u00eda correspondiente al ejercicio finalizado el 28 de febrero de 2022 Informe anual de la Comisi\u00f3n de Nombramientos y Retribuciones correspondiente al ejercicio finalizado el 28 de febrero de 2022 Informe de la Comisi\u00f3n de Auditor\u00eda sobre la independencia del auditor de cuentas Reglamento del Foro Electr\u00f3nico de Accionistas Derecho de Informaci\u00f3n de los accionistas.&nbsp; Reglas para la Delegaci\u00f3n y Voto a trav\u00e9s de medios de comunicaci\u00f3n a distancia.&nbsp; Modelo de tarjeta de asistencia, delegaci\u00f3n y voto a distancia Documento en el que consta el n\u00famero total de acciones y derechos de voto en la fecha de convocatoria<\/p>\n","protected":false},"author":1,"featured_media":0,"parent":0,"menu_order":0,"comment_status":"closed","ping_status":"closed","template":"","meta":{"footnotes":""},"class_list":["post-838","page","type-page","status-publish","hentry"],"_links":{"self":[{"href":"https:\/\/adz.adolfodominguez.com\/index.php\/wp-json\/wp\/v2\/pages\/838","targetHints":{"allow":["GET"]}}],"collection":[{"href":"https:\/\/adz.adolfodominguez.com\/index.php\/wp-json\/wp\/v2\/pages"}],"about":[{"href":"https:\/\/adz.adolfodominguez.com\/index.php\/wp-json\/wp\/v2\/types\/page"}],"author":[{"embeddable":true,"href":"https:\/\/adz.adolfodominguez.com\/index.php\/wp-json\/wp\/v2\/users\/1"}],"replies":[{"embeddable":true,"href":"https:\/\/adz.adolfodominguez.com\/index.php\/wp-json\/wp\/v2\/comments?post=838"}],"version-history":[{"count":11,"href":"https:\/\/adz.adolfodominguez.com\/index.php\/wp-json\/wp\/v2\/pages\/838\/revisions"}],"predecessor-version":[{"id":1021,"href":"https:\/\/adz.adolfodominguez.com\/index.php\/wp-json\/wp\/v2\/pages\/838\/revisions\/1021"}],"wp:attachment":[{"href":"https:\/\/adz.adolfodominguez.com\/index.php\/wp-json\/wp\/v2\/media?parent=838"}],"curies":[{"name":"wp","href":"https:\/\/api.w.org\/{rel}","templated":true}]}}