{"id":96,"date":"2021-12-17T10:03:38","date_gmt":"2021-12-17T10:03:38","guid":{"rendered":"http:\/\/adz.interno-ad.es\/?page_id=96"},"modified":"2025-05-08T11:13:01","modified_gmt":"2025-05-08T10:13:01","slug":"participaciones-significativas-y-autocartera","status":"publish","type":"page","link":"https:\/\/adz.adolfodominguez.com\/index.php\/participaciones-significativas-y-autocartera\/","title":{"rendered":"Participaciones significativas y autocartera"},"content":{"rendered":"\n<p><\/p>\n\n\n\n<p><strong>Para conocer detalles de las variaciones en las participaciones significativas, puede consultar el siguiente <a href=\"http:\/\/www.cnmv.es\/Portal\/Consultas\/DerechosVoto\/PS_AC_INI.aspx?nif=A-32104226\" target=\"_blank\" rel=\"noreferrer noopener\">enlace<\/a> que lo llevar\u00e1 a la&nbsp;<\/strong><a href=\"http:\/\/www.cnmv.es\/Portal\/Consultas\/DerechosVoto\/PS_AC_INI.aspx?nif=A-32104226\"><em><strong>p\u00e1gina web de la CNMV.<\/strong><\/em><\/a><br><\/p>\n\n\n\n<p>Los accionistas con participaciones significativas (superiores al 3 por ciento) en el capital social de Adolfo Dom\u00ednguez, S.A. son&nbsp;los siguientes:<\/p>\n\n\n\n<figure class=\"wp-block-table is-style-regular\"><table class=\"has-fixed-layout\"><tbody><tr><td class=\"has-text-align-center\" data-align=\"center\"><strong>NOMBRE O DENOMINACI\u00d3N SOCIAL DEL ACCIONISTA<\/strong><\/td><td class=\"has-text-align-center\" data-align=\"center\"><strong>N\u00daMERO DE ACCIIONES DIRECTAS<\/strong><\/td><td class=\"has-text-align-center\" data-align=\"center\"><strong>N\u00daMERO DE ACCIONES INDIRECTAS<\/strong><\/td><td class=\"has-text-align-center\" data-align=\"center\"><strong>% DIRECTO<\/strong><\/td><td class=\"has-text-align-center\" data-align=\"center\"><strong>% INDIRECTO<\/strong><\/td><\/tr><tr><td class=\"has-text-align-center\" data-align=\"center\">D. Adolfo Dom\u00ednguez Fern\u00e1ndez<\/td><td class=\"has-text-align-center\" data-align=\"center\">2.923.232<\/td><td class=\"has-text-align-center\" data-align=\"center\">&#8211;<\/td><td class=\"has-text-align-center\" data-align=\"center\">31,5140<\/td><td class=\"has-text-align-center\" data-align=\"center\">&#8211;<\/td><\/tr><tr><td class=\"has-text-align-center\" data-align=\"center\">Exea Empresarial S.L (*)<\/td><td class=\"has-text-align-center\" data-align=\"center\">&#8211;<\/td><td class=\"has-text-align-center\" data-align=\"center\">1.372.930<\/td><td class=\"has-text-align-center\" data-align=\"center\">&#8211;<\/td><td class=\"has-text-align-center\" data-align=\"center\">14,801<\/td><\/tr><tr><td class=\"has-text-align-center\" data-align=\"center\">Indumenta Pueri, S.L. (**)<\/td><td class=\"has-text-align-center\" data-align=\"center\">&#8211;<\/td><td class=\"has-text-align-center\" data-align=\"center\">840.172<\/td><td class=\"has-text-align-center\" data-align=\"center\">&#8211;<\/td><td class=\"has-text-align-center\" data-align=\"center\">8,547<\/td><\/tr><tr><td class=\"has-text-align-center\" data-align=\"center\">La Previsi\u00f3n Mallorquina de Seguros<\/td><td class=\"has-text-align-center\" data-align=\"center\">701.000<\/td><td class=\"has-text-align-center\" data-align=\"center\">&#8211;<\/td><td class=\"has-text-align-center\" data-align=\"center\">7,557<\/td><td class=\"has-text-align-center\" data-align=\"center\">&#8211;<\/td><\/tr><tr><td class=\"has-text-align-center\" data-align=\"center\">Libertas 7, S.A. (***)<\/td><td class=\"has-text-align-center\" data-align=\"center\">6.664<\/td><td class=\"has-text-align-center\" data-align=\"center\">947.595<\/td><td class=\"has-text-align-center\" data-align=\"center\">0,072<\/td><td class=\"has-text-align-center\" data-align=\"center\">10,215<\/td><\/tr><tr><td class=\"has-text-align-center\" data-align=\"center\">Rreto Magnum Sicav, S.A.<\/td><td class=\"has-text-align-center\" data-align=\"center\"> &#8211;<\/td><td class=\"has-text-align-center\" data-align=\"center\">300.000<\/td><td class=\"has-text-align-center\" data-align=\"center\">&#8211;<\/td><td class=\"has-text-align-center\" data-align=\"center\">3,234<\/td><\/tr><\/tbody><\/table><\/figure>\n\n\n\n<p>(*) Por medio de la sociedad Antonio Puig, S.A.<br>(**) Por medio de la sociedad Global Portfolio Investments, S.L.<br>(***) Por medio de la sociedad Luxury Liberty, S.A.<\/p>\n\n\n\n<p><\/p>\n\n\n\n<p>Los consejeros con participaciones&nbsp;en el capital social de Adolfo Dom\u00ednguez, S.A.&nbsp;son&nbsp;los siguientes:<\/p>\n\n\n\n<figure class=\"wp-block-table\"><table class=\"has-fixed-layout\"><tbody><tr><td class=\"has-text-align-center\" data-align=\"center\"><strong>NOMBRE O DENOMINACI\u00d3N SOCIAL DEL CONSEJO<\/strong><\/td><td class=\"has-text-align-center\" data-align=\"center\"><strong>N\u00daMERO DE ACCIONES DIRECTAS<\/strong><\/td><td class=\"has-text-align-center\" data-align=\"center\"><strong>N\u00daMERO DE ACCIONES INDIRECTAS<\/strong><\/td><td class=\"has-text-align-center\" data-align=\"center\"><strong>%<\/strong><\/td><\/tr><tr><td class=\"has-text-align-center\" data-align=\"center\">D. Adolfo Dom\u00ednguez Fern\u00e1ndez<\/td><td class=\"has-text-align-center\" data-align=\"center\">2.923.232<\/td><td class=\"has-text-align-center\" data-align=\"center\">0<\/td><td class=\"has-text-align-center\" data-align=\"center\">31,5140<\/td><\/tr><tr><td class=\"has-text-align-center\" data-align=\"center\">D\u00f1a. Adriana Dom\u00ednguez Gonz\u00e1lez<\/td><td class=\"has-text-align-center\" data-align=\"center\">2.500<\/td><td class=\"has-text-align-center\" data-align=\"center\">0<\/td><td class=\"has-text-align-center\" data-align=\"center\">0,0270<\/td><\/tr><tr><td class=\"has-text-align-center\" data-align=\"center\">D. Rafael Prieto Mart\u00edn<\/td><td class=\"has-text-align-center\" data-align=\"center\">2.300<\/td><td class=\"has-text-align-center\" data-align=\"center\">0<\/td><td class=\"has-text-align-center\" data-align=\"center\">0,025<\/td><\/tr><\/tbody><\/table><\/figure>\n\n\n\n<p>A fecha 28\/02\/2025, la Sociedad mantiene 48.742 acciones en autocartera.<br><br><strong><br><a href=\"https:\/\/www.cnmv.es\/Portal\/consultas\/derechosvoto\/ps_ac_ini?nif=A-32104226\">Pulse en el enlace<\/a> para consultar las\u00a0<\/strong><em><strong>comunicaciones realizadas por la Sociedad relativas a la adquisici\u00f3n de autocartera .<\/strong><\/em><\/p>\n","protected":false},"excerpt":{"rendered":"<p>Para conocer detalles de las variaciones en las participaciones significativas, puede consultar el siguiente enlace que lo llevar\u00e1 a la&nbsp;p\u00e1gina web de la CNMV. Los accionistas con participaciones significativas (superiores al 3 por ciento) en el capital social de Adolfo Dom\u00ednguez, S.A. son&nbsp;los siguientes: NOMBRE O DENOMINACI\u00d3N SOCIAL DEL ACCIONISTA N\u00daMERO DE ACCIIONES DIRECTAS N\u00daMERO DE ACCIONES INDIRECTAS % DIRECTO % INDIRECTO D. Adolfo Dom\u00ednguez Fern\u00e1ndez 2.923.232 &#8211; 31,5140 &#8211; Exea Empresarial S.L (*) &#8211; 1.372.930 &#8211; 14,801 Indumenta Pueri, S.L. (**) &#8211; 840.172 &#8211; 8,547 La Previsi\u00f3n Mallorquina de Seguros 701.000 &#8211; 7,557 &#8211; Libertas 7, S.A. (***) 6.664 947.595 0,072 10,215 Rreto Magnum Sicav, S.A. &#8211; 300.000 &#8211; 3,234 (*) Por medio de la sociedad Antonio Puig, S.A.(**) Por medio de la sociedad Global Portfolio Investments, S.L.(***) Por medio de la sociedad Luxury Liberty, S.A. Los consejeros con participaciones&nbsp;en el capital social de Adolfo Dom\u00ednguez, S.A.&nbsp;son&nbsp;los siguientes: NOMBRE O DENOMINACI\u00d3N SOCIAL DEL CONSEJO N\u00daMERO DE ACCIONES DIRECTAS N\u00daMERO DE ACCIONES INDIRECTAS % D. Adolfo Dom\u00ednguez Fern\u00e1ndez 2.923.232 0 31,5140 D\u00f1a. Adriana Dom\u00ednguez Gonz\u00e1lez 2.500 0 0,0270 D. Rafael Prieto Mart\u00edn 2.300 0 0,025 A fecha 28\/02\/2025, la Sociedad mantiene 48.742 acciones en autocartera. Pulse en el enlace para consultar las\u00a0comunicaciones realizadas por la Sociedad relativas a la adquisici\u00f3n de autocartera .<\/p>\n","protected":false},"author":1,"featured_media":0,"parent":0,"menu_order":0,"comment_status":"closed","ping_status":"closed","template":"","meta":{"footnotes":""},"class_list":["post-96","page","type-page","status-publish","hentry"],"_links":{"self":[{"href":"https:\/\/adz.adolfodominguez.com\/index.php\/wp-json\/wp\/v2\/pages\/96","targetHints":{"allow":["GET"]}}],"collection":[{"href":"https:\/\/adz.adolfodominguez.com\/index.php\/wp-json\/wp\/v2\/pages"}],"about":[{"href":"https:\/\/adz.adolfodominguez.com\/index.php\/wp-json\/wp\/v2\/types\/page"}],"author":[{"embeddable":true,"href":"https:\/\/adz.adolfodominguez.com\/index.php\/wp-json\/wp\/v2\/users\/1"}],"replies":[{"embeddable":true,"href":"https:\/\/adz.adolfodominguez.com\/index.php\/wp-json\/wp\/v2\/comments?post=96"}],"version-history":[{"count":12,"href":"https:\/\/adz.adolfodominguez.com\/index.php\/wp-json\/wp\/v2\/pages\/96\/revisions"}],"predecessor-version":[{"id":1531,"href":"https:\/\/adz.adolfodominguez.com\/index.php\/wp-json\/wp\/v2\/pages\/96\/revisions\/1531"}],"wp:attachment":[{"href":"https:\/\/adz.adolfodominguez.com\/index.php\/wp-json\/wp\/v2\/media?parent=96"}],"curies":[{"name":"wp","href":"https:\/\/api.w.org\/{rel}","templated":true}]}}